{"id":1414,"date":"2016-05-25T12:54:16","date_gmt":"2016-05-25T10:54:16","guid":{"rendered":"http:\/\/mediatau.it\/alazis\/?page_id=1414"},"modified":"2016-05-25T12:54:16","modified_gmt":"2016-05-25T10:54:16","slug":"errando-tra-la-gente","status":"publish","type":"page","link":"https:\/\/mediatau.it\/alazis\/errando-tra-la-gente\/","title":{"rendered":"Errando tra la Gente"},"content":{"rendered":"<p><a href=\"http:\/\/mediatau.it\/alazis\/wp-content\/uploads\/sites\/15\/2013\/06\/errando-tra-la-gente.png\" rel=\"attachment wp-att-1386\"><img fetchpriority=\"high\" decoding=\"async\" class=\"wp-image-1386 alignleft\" src=\"http:\/\/mediatau.it\/alazis\/wp-content\/uploads\/sites\/15\/2013\/06\/errando-tra-la-gente.png\" alt=\"errando tra la gente\" width=\"332\" height=\"332\" srcset=\"https:\/\/mediatau.it\/alazis\/wp-content\/uploads\/sites\/15\/2013\/06\/errando-tra-la-gente.png 978w, https:\/\/mediatau.it\/alazis\/wp-content\/uploads\/sites\/15\/2013\/06\/errando-tra-la-gente-150x150.png 150w, https:\/\/mediatau.it\/alazis\/wp-content\/uploads\/sites\/15\/2013\/06\/errando-tra-la-gente-300x300.png 300w, https:\/\/mediatau.it\/alazis\/wp-content\/uploads\/sites\/15\/2013\/06\/errando-tra-la-gente-768x769.png 768w, https:\/\/mediatau.it\/alazis\/wp-content\/uploads\/sites\/15\/2013\/06\/errando-tra-la-gente-187x187.png 187w\" sizes=\"(max-width: 332px) 100vw, 332px\" \/><\/a><\/p>\n<p>&nbsp;<\/p>\n<p>&nbsp;<\/p>\n<p>&nbsp;<\/p>\n<p>&nbsp;<\/p>\n<p>&nbsp;<\/p>\n<p>&nbsp;<\/p>\n<p>&nbsp;<\/p>\n<p>&nbsp;<\/p>\n<p>&nbsp;<\/p>\n<p><span style=\"color: #000000; font-family: 'comic sans ms', sans-serif; font-size: 14pt;\">Avviato il 11\/2006, concluso il 11\/2007.\u00a0<\/span><\/p>\n<p><span style=\"color: #000000; font-family: 'comic sans ms', sans-serif; font-size: 14pt;\"><span style=\"color: #0000ff;\">Ente attuatore:<\/span> Al Azis coop. soc.<\/span><\/p>\n<p><span style=\"color: #000000; font-family: 'comic sans ms', sans-serif; font-size: 14pt;\"><span style=\"color: #0000ff;\">Enti partner:<\/span>\u00a0Coop. Soc. Millepiedi,\u00a0Dipartimento Giustizia Minorile \u2013 Direzione generale per l\u2019attuazione dei provvedimenti Giudiziari.<\/span><\/p>\n<p style=\"text-align: justify;\">Da dicembre 2010 fino a giugno 2011 \u00e8 stato gestito il progetto \u201c<strong>Errando tra la gente<\/strong>\u201d. Il progetto \u00e8 stato promosso dal Ministero della Giustizia \u2013Dipartimento per la Giustizia Minorile \u2013 Direzione Generale per l\u2019attuazione dei provvedimenti giudiziari a valere sul Fondo Europeo per l\u2019integrazione di cittadini di Paesi terzi 2007- 2013. L\u2019iniziativa progettuale si \u00e8 posta come obiettivo quello di favorire processi di inclusione sociale dei cittadini immigrati e promuovere altres\u00ec iniziative volte a contrastare la discriminazione razziale. Il progetto \u00e8 stato gestito in parteneriato con la cooperativa il Millepiedi di Napoli, ente con il quale si era gi\u00e0 collaborato nell\u2019ambito di precedenti iniziative progettuali.<\/p>\n<p style=\"text-align: justify;\"><strong>Area:<\/strong><\/p>\n<ol>\n<li style=\"text-align: justify;\"><strong>Progetti per l\u2019infanzia e l\u2019adolescenza<\/strong><\/li>\n<li style=\"text-align: justify;\"><strong>Progetti per l\u2019immigrazione<\/strong><\/li>\n<\/ol>\n","protected":false},"excerpt":{"rendered":"<p>&nbsp; &nbsp; &nbsp; &nbsp; &nbsp; &nbsp; &nbsp; &nbsp; &nbsp; Avviato il 11\/2006, concluso il 11\/2007.\u00a0 Ente attuatore: Al Azis coop. soc. Enti partner:\u00a0Coop. Soc. Millepiedi,\u00a0Dipartimento Giustizia Minorile \u2013 Direzione generale per l\u2019attuazione dei provvedimenti Giudiziari. Da dicembre 2010 fino a giugno 2011 \u00e8 stato gestito il progetto \u201cErrando tra la gente\u201d. Il progetto \u00e8 stato<\/p>\n","protected":false},"author":3,"featured_media":0,"parent":0,"menu_order":0,"comment_status":"closed","ping_status":"closed","template":"","meta":{"footnotes":""},"class_list":["post-1414","page","type-page","status-publish","hentry"],"_links":{"self":[{"href":"https:\/\/mediatau.it\/alazis\/wp-json\/wp\/v2\/pages\/1414","targetHints":{"allow":["GET"]}}],"collection":[{"href":"https:\/\/mediatau.it\/alazis\/wp-json\/wp\/v2\/pages"}],"about":[{"href":"https:\/\/mediatau.it\/alazis\/wp-json\/wp\/v2\/types\/page"}],"author":[{"embeddable":true,"href":"https:\/\/mediatau.it\/alazis\/wp-json\/wp\/v2\/users\/3"}],"replies":[{"embeddable":true,"href":"https:\/\/mediatau.it\/alazis\/wp-json\/wp\/v2\/comments?post=1414"}],"version-history":[{"count":1,"href":"https:\/\/mediatau.it\/alazis\/wp-json\/wp\/v2\/pages\/1414\/revisions"}],"predecessor-version":[{"id":1417,"href":"https:\/\/mediatau.it\/alazis\/wp-json\/wp\/v2\/pages\/1414\/revisions\/1417"}],"wp:attachment":[{"href":"https:\/\/mediatau.it\/alazis\/wp-json\/wp\/v2\/media?parent=1414"}],"curies":[{"name":"wp","href":"https:\/\/api.w.org\/{rel}","templated":true}]}}