{"id":1422,"date":"2016-05-25T13:14:55","date_gmt":"2016-05-25T11:14:55","guid":{"rendered":"http:\/\/mediatau.it\/alazis\/?page_id=1422"},"modified":"2016-05-25T13:14:55","modified_gmt":"2016-05-25T11:14:55","slug":"crescere-a-danisinni","status":"publish","type":"page","link":"https:\/\/mediatau.it\/alazis\/crescere-a-danisinni\/","title":{"rendered":"Crescere a DANISINNI"},"content":{"rendered":"<p style=\"text-align: justify;\"><a href=\"http:\/\/mediatau.it\/alazis\/wp-content\/uploads\/sites\/15\/2013\/06\/danisinni.png\"><img decoding=\"async\" class=\"wp-image-1224\" src=\"http:\/\/mediatau.it\/alazis\/wp-content\/uploads\/sites\/15\/2013\/06\/danisinni.png\" alt=\"danisinni\" width=\"200\" height=\"201\" srcset=\"https:\/\/mediatau.it\/alazis\/wp-content\/uploads\/sites\/15\/2013\/06\/danisinni.png 982w, https:\/\/mediatau.it\/alazis\/wp-content\/uploads\/sites\/15\/2013\/06\/danisinni-150x150.png 150w, https:\/\/mediatau.it\/alazis\/wp-content\/uploads\/sites\/15\/2013\/06\/danisinni-300x300.png 300w, https:\/\/mediatau.it\/alazis\/wp-content\/uploads\/sites\/15\/2013\/06\/danisinni-186x187.png 186w\" sizes=\"(max-width: 200px) 100vw, 200px\" \/><\/a><\/p>\n<p><span style=\"color: #000000; font-family: 'comic sans ms', sans-serif; font-size: 14pt;\">Avviato il 01\/2011,\u00a0concluso il 02\/2013.\u00a0<\/span><\/p>\n<p><span style=\"color: #000000; font-family: 'comic sans ms', sans-serif; font-size: 14pt;\"><span style=\"color: #0000ff;\">Ente attuatore:<\/span> Al Azis coop. soc.<\/span><\/p>\n<p><span style=\"color: #000000; font-family: 'comic sans ms', sans-serif; font-size: 14pt;\"><span style=\"color: #0000ff;\">Enti partner:<\/span>\u00a0Ass. Inventare Insieme (onlus),\u00a0Ass. Insieme per Danisinni,\u00a0Parrocchia S. Agnese.<\/span><\/p>\n<p style=\"text-align: justify;\">A decorrere dal 17 gennaio 2011 e fino al 28 febbraio 2013\u00a0 \u00e8 stato gestito il progetto <strong>Crescere a Danisinni<\/strong> finanziato con i fondi della Legge 285\/97 e presentato in ATS con la Cooperativa Al Azis ente capofila, con l\u2019Associazione Inventare Insieme (Onlus), con la Parrocchia S. Agnese V. e M. e con l\u2019Associazione Insieme per Danisinni. Il progetto \u00e8 stato presentato in continuit\u00e0 con le precedenti annualit\u00e0 di progetto e si \u00e8 posto come obiettivo la gestione di un centro polivalente educativo aggregativo per i minori, i giovani e le famiglie della quarta circoscrizione di Palermo. Il progetto, tra le azioni specifiche ha previsto la definizione di un protocollo di intesa con il centro EDA \u2013 Antonio Ugo di Palermo per favorire il processo di scolarizzazione delle famiglie e dei giovani e da realizzare nei locali del Centro Aggregativo.<\/p>\n<p style=\"text-align: justify;\"><strong>Area:<\/strong><\/p>\n<ol>\n<li><strong>Progetti per l\u2019inclusione socio lavorativa dei giovani<\/strong><\/li>\n<li><strong>Progetti per l\u2019infanzia e l\u2019adolescenza<\/strong><\/li>\n<li><strong>Progetti per l\u2019immigrazione<\/strong><\/li>\n<li><strong>Progetti per la promozione del diritto allo studio e per la prevenzione dell\u2019abbandono scolastico<\/strong><\/li>\n<\/ol>\n","protected":false},"excerpt":{"rendered":"<p>Avviato il 01\/2011,\u00a0concluso il 02\/2013.\u00a0 Ente attuatore: Al Azis coop. soc. Enti partner:\u00a0Ass. Inventare Insieme (onlus),\u00a0Ass. Insieme per Danisinni,\u00a0Parrocchia S. Agnese. A decorrere dal 17 gennaio 2011 e fino al 28 febbraio 2013\u00a0 \u00e8 stato gestito il progetto Crescere a Danisinni finanziato con i fondi della Legge 285\/97 e presentato in ATS con la Cooperativa<\/p>\n","protected":false},"author":3,"featured_media":0,"parent":0,"menu_order":0,"comment_status":"closed","ping_status":"closed","template":"","meta":{"footnotes":""},"class_list":["post-1422","page","type-page","status-publish","hentry"],"_links":{"self":[{"href":"https:\/\/mediatau.it\/alazis\/wp-json\/wp\/v2\/pages\/1422","targetHints":{"allow":["GET"]}}],"collection":[{"href":"https:\/\/mediatau.it\/alazis\/wp-json\/wp\/v2\/pages"}],"about":[{"href":"https:\/\/mediatau.it\/alazis\/wp-json\/wp\/v2\/types\/page"}],"author":[{"embeddable":true,"href":"https:\/\/mediatau.it\/alazis\/wp-json\/wp\/v2\/users\/3"}],"replies":[{"embeddable":true,"href":"https:\/\/mediatau.it\/alazis\/wp-json\/wp\/v2\/comments?post=1422"}],"version-history":[{"count":1,"href":"https:\/\/mediatau.it\/alazis\/wp-json\/wp\/v2\/pages\/1422\/revisions"}],"predecessor-version":[{"id":1423,"href":"https:\/\/mediatau.it\/alazis\/wp-json\/wp\/v2\/pages\/1422\/revisions\/1423"}],"wp:attachment":[{"href":"https:\/\/mediatau.it\/alazis\/wp-json\/wp\/v2\/media?parent=1422"}],"curies":[{"name":"wp","href":"https:\/\/api.w.org\/{rel}","templated":true}]}}