{"id":1424,"date":"2016-05-25T13:20:18","date_gmt":"2016-05-25T11:20:18","guid":{"rendered":"http:\/\/mediatau.it\/alazis\/?page_id=1424"},"modified":"2016-05-25T13:22:23","modified_gmt":"2016-05-25T11:22:23","slug":"1424-2","status":"publish","type":"page","link":"https:\/\/mediatau.it\/alazis\/1424-2\/","title":{"rendered":"Genitori e Figli in Contatto"},"content":{"rendered":"<p><a href=\"http:\/\/mediatau.it\/alazis\/wp-content\/uploads\/sites\/15\/2013\/06\/genitori-e-figli.png\" rel=\"attachment wp-att-1384\"><img fetchpriority=\"high\" decoding=\"async\" class=\"wp-image-1384 alignleft\" src=\"http:\/\/mediatau.it\/alazis\/wp-content\/uploads\/sites\/15\/2013\/06\/genitori-e-figli.png\" alt=\"genitori e figli\" width=\"401\" height=\"401\" srcset=\"https:\/\/mediatau.it\/alazis\/wp-content\/uploads\/sites\/15\/2013\/06\/genitori-e-figli.png 978w, https:\/\/mediatau.it\/alazis\/wp-content\/uploads\/sites\/15\/2013\/06\/genitori-e-figli-150x150.png 150w, https:\/\/mediatau.it\/alazis\/wp-content\/uploads\/sites\/15\/2013\/06\/genitori-e-figli-300x300.png 300w, https:\/\/mediatau.it\/alazis\/wp-content\/uploads\/sites\/15\/2013\/06\/genitori-e-figli-768x768.png 768w, https:\/\/mediatau.it\/alazis\/wp-content\/uploads\/sites\/15\/2013\/06\/genitori-e-figli-187x187.png 187w\" sizes=\"(max-width: 401px) 100vw, 401px\" \/><\/a><\/p>\n<p>&nbsp;<\/p>\n<p>&nbsp;<\/p>\n<p>&nbsp;<\/p>\n<p>&nbsp;<\/p>\n<p>&nbsp;<\/p>\n<p>&nbsp;<\/p>\n<p>&nbsp;<\/p>\n<p>&nbsp;<\/p>\n<p>&nbsp;<\/p>\n<p>&nbsp;<\/p>\n<p>&nbsp;<\/p>\n<p><span style=\"font-family: 'comic sans ms', sans-serif; font-size: 14pt; color: #000000;\">Avviato il 01\/2011, concluso il 04\/2013.<\/span><\/p>\n<p><span style=\"color: #000000; font-family: 'comic sans ms', sans-serif; font-size: 14pt;\"><span style=\"color: #0000ff;\">Ente Capo fila:<\/span> Scuola Media Statale A. Ugo<\/span><\/p>\n<p><span style=\"font-family: 'comic sans ms', sans-serif; font-size: 14pt; color: #0000ff;\">Enti attuatori: <\/span><span style=\"font-family: 'comic sans ms', sans-serif; font-size: 14pt;\">Al Azis coop. soc.,\u00a0Associazione di Promozione sociale Le Balate,\u00a0Officina Creativa Interculturale,\u00a0Associazione interculturale Narramondi onlus.<\/span><\/p>\n<p style=\"text-align: justify;\">Da marzo a giugno 2011 la cooperativa ha gestito il progetto\u00a0 \u201cgenitori e figli in contatto\u201d finanziato dalla Regione Siciliana Assessorato della famiglia, delle politiche sociali e del lavoro &#8211;\u00a0 Avviso approvato con Decreto 813 del 26 aprile 2010 presentato in parteneriato con la scuola Media Antonio Ugo, quale ente capofila, con l\u2019Associazione di promozione sociale le Balate, con l\u2019officina creativa interculturale e l\u2019associazione Narramondi \u00e8 stato ammesso a finanziamento. Il progetto si \u00e8 proposto di attivare delle azioni di sostegno alla genitorialit\u00e0 attraverso una metodologia che partendo dalla lettura dei bisogni conducesse i genitori ad una condizione di benessere e di genitorialit\u00e0 attiva. Il progetto si \u00e8 posto come obiettivo quello di aiutare i giovani e i genitori attraverso laboratori e spazi di espressione a costruire e ricostruire spazi di espressione, consolidamento di saperi e fiducia in se stessi all\u2019interno dei percorsi di scolarizzazione.<\/p>\n<p style=\"text-align: justify;\"><strong style=\"line-height: 1.5;\">Area:<\/strong><\/p>\n<ol>\n<li style=\"text-align: justify;\"><strong>Progetti per l\u2019infanzia e l\u2019adolescenza<\/strong><\/li>\n<li style=\"text-align: justify;\"><strong>Progetti per la promozione del diritto allo studio e per la prevenzione dell\u2019abbandono scolastico<\/strong><\/li>\n<\/ol>\n<p>&nbsp;<\/p>\n","protected":false},"excerpt":{"rendered":"<p>&nbsp; &nbsp; &nbsp; &nbsp; &nbsp; &nbsp; &nbsp; &nbsp; &nbsp; &nbsp; &nbsp; Avviato il 01\/2011, concluso il 04\/2013. Ente Capo fila: Scuola Media Statale A. Ugo Enti attuatori: Al Azis coop. soc.,\u00a0Associazione di Promozione sociale Le Balate,\u00a0Officina Creativa Interculturale,\u00a0Associazione interculturale Narramondi onlus. Da marzo a giugno 2011 la cooperativa ha gestito il progetto\u00a0 \u201cgenitori e figli<\/p>\n","protected":false},"author":3,"featured_media":0,"parent":0,"menu_order":0,"comment_status":"closed","ping_status":"closed","template":"","meta":{"footnotes":""},"class_list":["post-1424","page","type-page","status-publish","hentry"],"_links":{"self":[{"href":"https:\/\/mediatau.it\/alazis\/wp-json\/wp\/v2\/pages\/1424","targetHints":{"allow":["GET"]}}],"collection":[{"href":"https:\/\/mediatau.it\/alazis\/wp-json\/wp\/v2\/pages"}],"about":[{"href":"https:\/\/mediatau.it\/alazis\/wp-json\/wp\/v2\/types\/page"}],"author":[{"embeddable":true,"href":"https:\/\/mediatau.it\/alazis\/wp-json\/wp\/v2\/users\/3"}],"replies":[{"embeddable":true,"href":"https:\/\/mediatau.it\/alazis\/wp-json\/wp\/v2\/comments?post=1424"}],"version-history":[{"count":3,"href":"https:\/\/mediatau.it\/alazis\/wp-json\/wp\/v2\/pages\/1424\/revisions"}],"predecessor-version":[{"id":1427,"href":"https:\/\/mediatau.it\/alazis\/wp-json\/wp\/v2\/pages\/1424\/revisions\/1427"}],"wp:attachment":[{"href":"https:\/\/mediatau.it\/alazis\/wp-json\/wp\/v2\/media?parent=1424"}],"curies":[{"name":"wp","href":"https:\/\/api.w.org\/{rel}","templated":true}]}}