{"id":1461,"date":"2016-06-03T17:27:56","date_gmt":"2016-06-03T15:27:56","guid":{"rendered":"http:\/\/mediatau.it\/alazis\/?page_id=1461"},"modified":"2016-06-03T17:28:35","modified_gmt":"2016-06-03T15:28:35","slug":"pon-f3-einaudi-progetto-mosaico","status":"publish","type":"page","link":"https:\/\/mediatau.it\/alazis\/pon-f3-einaudi-progetto-mosaico\/","title":{"rendered":"PON F3- Einaudi \u2013 progetto Mosaico"},"content":{"rendered":"<p><a href=\"http:\/\/mediatau.it\/alazis\/wp-content\/uploads\/sites\/15\/2013\/06\/mosaico.png\" rel=\"attachment wp-att-1395\"><img fetchpriority=\"high\" decoding=\"async\" class=\"wp-image-1395 alignleft\" src=\"http:\/\/mediatau.it\/alazis\/wp-content\/uploads\/sites\/15\/2013\/06\/mosaico.png\" alt=\"mosaico\" width=\"281\" height=\"281\" srcset=\"https:\/\/mediatau.it\/alazis\/wp-content\/uploads\/sites\/15\/2013\/06\/mosaico.png 978w, https:\/\/mediatau.it\/alazis\/wp-content\/uploads\/sites\/15\/2013\/06\/mosaico-150x150.png 150w, https:\/\/mediatau.it\/alazis\/wp-content\/uploads\/sites\/15\/2013\/06\/mosaico-300x300.png 300w, https:\/\/mediatau.it\/alazis\/wp-content\/uploads\/sites\/15\/2013\/06\/mosaico-768x768.png 768w, https:\/\/mediatau.it\/alazis\/wp-content\/uploads\/sites\/15\/2013\/06\/mosaico-187x187.png 187w\" sizes=\"(max-width: 281px) 100vw, 281px\" \/><\/a><\/p>\n<p>&nbsp;<\/p>\n<p>&nbsp;<\/p>\n<p>&nbsp;<\/p>\n<p>&nbsp;<\/p>\n<p>&nbsp;<\/p>\n<p>&nbsp;<\/p>\n<p>&nbsp;<\/p>\n<p>&nbsp;<\/p>\n<p><span style=\"color: #000000; font-family: 'comic sans ms', sans-serif; font-size: 14pt;\">Avviato il 02\/2014, concluso il 10\/2014.\u00a0<\/span><\/p>\n<p><span style=\"color: #000000; font-family: 'comic sans ms', sans-serif; font-size: 14pt;\"><span style=\"color: #0000ff;\">Ente attuatore:<\/span>\u00a0 Istituto Professionale Luigi Einaudi<\/span><\/p>\n<p><span style=\"color: #000000; font-family: 'comic sans ms', sans-serif; font-size: 14pt;\"><span style=\"color: #0000ff;\">Enti partner:<\/span>\u00a0Al Azis coop. soc.,\u00a0Direzione didattica Raciti, Direzione didattica Setti Carraro,Ass.Inventare Insieme (Onlus), Ass. Libera, Ass.\u00a0Argonauti, Arces.<\/span><\/p>\n<p style=\"text-align: justify;\">Dall\u201911 febbraio al 31 ottobre 2014 la cooperativa \u00e8 stata impegnata nella gestione del progetto <strong>\u00a0PON F3- Einaudi \u2013 progetto Mosaico<\/strong>\u00a0 presentato in rete con l\u2019Istituto Professionale Luigi Einaudi (ente capofila) , la direzione didattica Raciti, la direzione didattica Setti Carraro, l\u2019associazione Inventare Insieme (Onlus), l\u2019Associazione Libera, l\u2019Associazione Argonauti e l\u2019Arces. Il Progetto \u00e8 stato finanziato dal Ministero dell\u2019istruzione, dell\u2019Universit\u00e0 e della ricerca a valere sui Fondi Strutturali Europei Programmazione 2007 \u2013 2013 e si \u00e8 posto come obiettivo la gestione di laboratori e attivit\u00e0 mirate alla prevenzione del fenomeno della dispersione scolastica, alla promozione di azioni e attivit\u00e0 finalizzate all\u2019innalzamento delle competenze scolastiche e del successo formativo.<\/p>\n<p style=\"text-align: justify;\"><strong>Area:<\/strong><\/p>\n<ol>\n<li><strong>Progetti per l\u2019infanzia e l\u2019adolescenza<\/strong><\/li>\n<li><strong>Progetti per la promozione del diritto allo studio e per la prevenzione dell\u2019abbandono scolastico<\/strong><\/li>\n<\/ol>\n","protected":false},"excerpt":{"rendered":"<p>&nbsp; &nbsp; &nbsp; &nbsp; &nbsp; &nbsp; &nbsp; &nbsp; Avviato il 02\/2014, concluso il 10\/2014.\u00a0 Ente attuatore:\u00a0 Istituto Professionale Luigi Einaudi Enti partner:\u00a0Al Azis coop. soc.,\u00a0Direzione didattica Raciti, Direzione didattica Setti Carraro,Ass.Inventare Insieme (Onlus), Ass. Libera, Ass.\u00a0Argonauti, Arces. Dall\u201911 febbraio al 31 ottobre 2014 la cooperativa \u00e8 stata impegnata nella gestione del progetto \u00a0PON F3- Einaudi<\/p>\n","protected":false},"author":3,"featured_media":0,"parent":0,"menu_order":0,"comment_status":"closed","ping_status":"closed","template":"","meta":{"footnotes":""},"class_list":["post-1461","page","type-page","status-publish","hentry"],"_links":{"self":[{"href":"https:\/\/mediatau.it\/alazis\/wp-json\/wp\/v2\/pages\/1461","targetHints":{"allow":["GET"]}}],"collection":[{"href":"https:\/\/mediatau.it\/alazis\/wp-json\/wp\/v2\/pages"}],"about":[{"href":"https:\/\/mediatau.it\/alazis\/wp-json\/wp\/v2\/types\/page"}],"author":[{"embeddable":true,"href":"https:\/\/mediatau.it\/alazis\/wp-json\/wp\/v2\/users\/3"}],"replies":[{"embeddable":true,"href":"https:\/\/mediatau.it\/alazis\/wp-json\/wp\/v2\/comments?post=1461"}],"version-history":[{"count":2,"href":"https:\/\/mediatau.it\/alazis\/wp-json\/wp\/v2\/pages\/1461\/revisions"}],"predecessor-version":[{"id":1463,"href":"https:\/\/mediatau.it\/alazis\/wp-json\/wp\/v2\/pages\/1461\/revisions\/1463"}],"wp:attachment":[{"href":"https:\/\/mediatau.it\/alazis\/wp-json\/wp\/v2\/media?parent=1461"}],"curies":[{"name":"wp","href":"https:\/\/api.w.org\/{rel}","templated":true}]}}