{"id":1464,"date":"2016-06-03T17:33:21","date_gmt":"2016-06-03T15:33:21","guid":{"rendered":"http:\/\/mediatau.it\/alazis\/?page_id=1464"},"modified":"2016-06-03T17:33:21","modified_gmt":"2016-06-03T15:33:21","slug":"pon-f3-antonio-ugo-parco-pedagogico-zisa","status":"publish","type":"page","link":"https:\/\/mediatau.it\/alazis\/pon-f3-antonio-ugo-parco-pedagogico-zisa\/","title":{"rendered":"PON F3 Antonio Ugo  &#8211; parco pedagogico Zisa"},"content":{"rendered":"<p><a href=\"http:\/\/mediatau.it\/alazis\/wp-content\/uploads\/sites\/15\/2013\/06\/parco-pedagocico-zisa.png\" rel=\"attachment wp-att-1394\"><img fetchpriority=\"high\" decoding=\"async\" class=\"wp-image-1394 alignleft\" src=\"http:\/\/mediatau.it\/alazis\/wp-content\/uploads\/sites\/15\/2013\/06\/parco-pedagocico-zisa.png\" alt=\"parco pedagocico zisa\" width=\"250\" height=\"250\" srcset=\"https:\/\/mediatau.it\/alazis\/wp-content\/uploads\/sites\/15\/2013\/06\/parco-pedagocico-zisa.png 978w, https:\/\/mediatau.it\/alazis\/wp-content\/uploads\/sites\/15\/2013\/06\/parco-pedagocico-zisa-150x150.png 150w, https:\/\/mediatau.it\/alazis\/wp-content\/uploads\/sites\/15\/2013\/06\/parco-pedagocico-zisa-300x300.png 300w, https:\/\/mediatau.it\/alazis\/wp-content\/uploads\/sites\/15\/2013\/06\/parco-pedagocico-zisa-768x768.png 768w, https:\/\/mediatau.it\/alazis\/wp-content\/uploads\/sites\/15\/2013\/06\/parco-pedagocico-zisa-187x187.png 187w\" sizes=\"(max-width: 250px) 100vw, 250px\" \/><\/a><\/p>\n<p>&nbsp;<\/p>\n<p>&nbsp;<\/p>\n<p>&nbsp;<\/p>\n<p>&nbsp;<\/p>\n<p>&nbsp;<\/p>\n<p>&nbsp;<\/p>\n<p>&nbsp;<\/p>\n<p>&nbsp;<\/p>\n<p><span style=\"color: #000000; font-family: 'comic sans ms', sans-serif; font-size: 14pt;\">Avviato il 03\/2014, concluso il 12\/2014.\u00a0<\/span><\/p>\n<p><span style=\"color: #000000; font-family: 'comic sans ms', sans-serif; font-size: 14pt;\"><span style=\"color: #0000ff;\">Ente attuatore:<\/span>\u00a0 ICS Antonio Ugo<\/span><\/p>\n<p><span style=\"color: #000000; font-family: 'comic sans ms', sans-serif; font-size: 14pt;\"><span style=\"color: #0000ff;\">Enti partner:<\/span>\u00a0Al Azis coop. soc.,\u00a0ITET\u00a0 Pio La Torre, ICS Colozza Bonfiglio, Direzione didattica A. Gabelli , Ass. Inventare Insieme (Onlus), Ass.\u00a0Narramondi, Ass. Incontrosenso, NEXT<\/span><\/p>\n<p style=\"text-align: justify;\"><strong>\u00a0<\/strong>Dal 14 marzo al 31 dicembre 2014<strong> &#8211; PON F3 Antonio Ugo\u00a0 &#8211; parco pedagogico Zisa<\/strong> \u2013 presentato in rete con l\u2019ICS Antonio Ugo (ente capofila), l\u2019ITET\u00a0 Pio La Torre, l\u2019ICS Colozza Bonfiglio, la direzione didattica A. Gabelli , l\u2019Associazione Inventare Insieme (Onlus), l\u2019associazione Narramondi, l\u2019associazione Incontrosenso e NEXT. Il Progetto \u00e8 finanziato dal Ministero dell\u2019istruzione, dell\u2019Universit\u00e0 e della ricerca a valere sui Fondi Strutturali Europei Programmazione 2007 \u2013 2013 e si \u00e8 posto come obiettivo la gestione di laboratori e attivit\u00e0 mirate alla prevenzione del fenomeno della dispersione scolastica, alla promozione di azioni e attivit\u00e0 finalizzate all\u2019innalzamento delle competenze scolastiche e del successo formativo.<\/p>\n<p style=\"text-align: justify;\"><strong>Area:<\/strong><\/p>\n<ol>\n<li><strong>Progetti per l\u2019infanzia e l\u2019adolescenza<\/strong><\/li>\n<li><strong>Progetti per la promozione del diritto allo studio e per la prevenzione dell\u2019abbandono scolastico<\/strong><\/li>\n<\/ol>\n","protected":false},"excerpt":{"rendered":"<p>&nbsp; &nbsp; &nbsp; &nbsp; &nbsp; &nbsp; &nbsp; &nbsp; Avviato il 03\/2014, concluso il 12\/2014.\u00a0 Ente attuatore:\u00a0 ICS Antonio Ugo Enti partner:\u00a0Al Azis coop. soc.,\u00a0ITET\u00a0 Pio La Torre, ICS Colozza Bonfiglio, Direzione didattica A. Gabelli , Ass. Inventare Insieme (Onlus), Ass.\u00a0Narramondi, Ass. Incontrosenso, NEXT \u00a0Dal 14 marzo al 31 dicembre 2014 &#8211; PON F3 Antonio Ugo\u00a0<\/p>\n","protected":false},"author":3,"featured_media":0,"parent":0,"menu_order":0,"comment_status":"closed","ping_status":"closed","template":"","meta":{"footnotes":""},"class_list":["post-1464","page","type-page","status-publish","hentry"],"_links":{"self":[{"href":"https:\/\/mediatau.it\/alazis\/wp-json\/wp\/v2\/pages\/1464","targetHints":{"allow":["GET"]}}],"collection":[{"href":"https:\/\/mediatau.it\/alazis\/wp-json\/wp\/v2\/pages"}],"about":[{"href":"https:\/\/mediatau.it\/alazis\/wp-json\/wp\/v2\/types\/page"}],"author":[{"embeddable":true,"href":"https:\/\/mediatau.it\/alazis\/wp-json\/wp\/v2\/users\/3"}],"replies":[{"embeddable":true,"href":"https:\/\/mediatau.it\/alazis\/wp-json\/wp\/v2\/comments?post=1464"}],"version-history":[{"count":1,"href":"https:\/\/mediatau.it\/alazis\/wp-json\/wp\/v2\/pages\/1464\/revisions"}],"predecessor-version":[{"id":1465,"href":"https:\/\/mediatau.it\/alazis\/wp-json\/wp\/v2\/pages\/1464\/revisions\/1465"}],"wp:attachment":[{"href":"https:\/\/mediatau.it\/alazis\/wp-json\/wp\/v2\/media?parent=1464"}],"curies":[{"name":"wp","href":"https:\/\/api.w.org\/{rel}","templated":true}]}}