{"id":1466,"date":"2016-06-03T17:38:18","date_gmt":"2016-06-03T15:38:18","guid":{"rendered":"http:\/\/mediatau.it\/alazis\/?page_id=1466"},"modified":"2016-06-03T17:38:19","modified_gmt":"2016-06-03T15:38:19","slug":"dj-diversity-on-the-job","status":"publish","type":"page","link":"https:\/\/mediatau.it\/alazis\/dj-diversity-on-the-job\/","title":{"rendered":"DJ \u2013 Diversity on the job"},"content":{"rendered":"<p><a href=\"http:\/\/mediatau.it\/alazis\/wp-content\/uploads\/sites\/15\/2013\/06\/dj1.png\" rel=\"attachment wp-att-1447\"><img fetchpriority=\"high\" decoding=\"async\" class=\"wp-image-1447 alignleft\" src=\"http:\/\/mediatau.it\/alazis\/wp-content\/uploads\/sites\/15\/2013\/06\/dj1.png\" alt=\"dj1\" width=\"306\" height=\"306\" srcset=\"https:\/\/mediatau.it\/alazis\/wp-content\/uploads\/sites\/15\/2013\/06\/dj1.png 978w, https:\/\/mediatau.it\/alazis\/wp-content\/uploads\/sites\/15\/2013\/06\/dj1-150x150.png 150w, https:\/\/mediatau.it\/alazis\/wp-content\/uploads\/sites\/15\/2013\/06\/dj1-300x300.png 300w, https:\/\/mediatau.it\/alazis\/wp-content\/uploads\/sites\/15\/2013\/06\/dj1-768x768.png 768w, https:\/\/mediatau.it\/alazis\/wp-content\/uploads\/sites\/15\/2013\/06\/dj1-187x187.png 187w\" sizes=\"(max-width: 306px) 100vw, 306px\" \/><\/a><\/p>\n<p>&nbsp;<\/p>\n<p>&nbsp;<\/p>\n<p>&nbsp;<\/p>\n<p>&nbsp;<\/p>\n<p>&nbsp;<\/p>\n<p>&nbsp;<\/p>\n<p>&nbsp;<\/p>\n<p>&nbsp;<\/p>\n<p>&nbsp;<\/p>\n<p><span style=\"color: #000000; font-family: 'comic sans ms', sans-serif; font-size: 14pt;\">Avviato il 09\/2014, concluso il 12\/2014.\u00a0<\/span><\/p>\n<p><span style=\"color: #000000; font-family: 'comic sans ms', sans-serif; font-size: 14pt;\"><span style=\"color: #0000ff;\">Enti partner:<\/span>\u00a0Al Azis coop. soc., Associazione Idea Rom, Consorzio Nova <\/span><\/p>\n<p style=\"text-align: justify;\">\u00a0A decorre dal 22 settembre e fino al 22 dicembre 2014 la cooperativa ha gestito il progetto <strong>DJ \u2013 Diversity on the job<\/strong> \u2013 Linea 2\u00a0 soggetti appartenenti a Comunit\u00e0 Rom, Sinti e Caminanti (RSC) residenti nella Regione Obiettivo Convergenza Sicilia, promosso dal Dipartimento Pari Opportunit\u00e0 \u2013 Ufficio Nazionale Antidiscriminazioni Razziali (UNAR) e finanziato con fondi a valere sul PON &#8220;Governance e Azioni di Sistema&#8221; 2007-2013 \u2013 Obiettivo Convergenza. Il progetto, ha mirato a realizzare obiettivi di capacity building nei confronti dell\u2019associazionismo non economico e di empowerment nei confronti dei target a forte rischio di esclusione sociale. L\u2019intervento \u00e8 stato finalizzato infatti, alla creazione di reti territoriali integrate di supporto all\u2019inclusione socio lavorativa rivolte a soggetti vittima di discriminazione e marginalizzazione sociale e lavorativa attraverso il coinvolgimento di associazioni e stakeholder localizzati nelle 4 Regioni Convergenza (Campania, Puglia, Calabria e Sicilia). Il progetto pilota, promosso dal Dipartimento Pari Opportunit\u00e0 \u2013 Ufficio Nazionale Antidiscriminazioni Razziali (UNAR) e attuato da Italia Lavoro, ha promosso inoltre misure sperimentali di politica attiva del lavoro in una logica di empowerment per i target individuati, finalizzate alla formazione e qualificazione delle competenze e all\u2019integrazione socio lavorativa, attraverso l\u2019erogazione di servizi di orientamento e coaching e la realizzazione di tirocini della durata di tre mesi nei territori individuati. Nello specifico, la cooperativa Al Azis ha gestito il progetto in partenariato con l\u2019Associazione Idea Rom e con i consorzio Nova riuscendo ad attivare n. 7 tirocini formativi da realizzare in aziende del territorio cittadino. Dei 7 tirocinanti, 6 hanno realizzato tutto il percorso riuscendo ad integrarsi perfettamente nel contesto aziendale individuato a partire dalle azioni di orientamento. Il percorso realizzato dai tirocinanti \u00e8 stato molto positivo e caratterizzato da seriet\u00e0 ed impegno; in alcuni casi \u00e8 stata richiesto di proseguire il rapporto di collaborazione con l\u2019azienda ospitante oltre la conclusione del progetto.<\/p>\n<p style=\"text-align: justify;\"><strong>Area:<\/strong><\/p>\n<ol>\n<li><strong>Progetti per l\u2019inclusione socio lavorativa dei giovani<\/strong><\/li>\n<li><strong>Progetti per l\u2019immigrazione<\/strong><\/li>\n<\/ol>\n","protected":false},"excerpt":{"rendered":"<p>&nbsp; &nbsp; &nbsp; &nbsp; &nbsp; &nbsp; &nbsp; &nbsp; &nbsp; Avviato il 09\/2014, concluso il 12\/2014.\u00a0 Enti partner:\u00a0Al Azis coop. soc., Associazione Idea Rom, Consorzio Nova \u00a0A decorre dal 22 settembre e fino al 22 dicembre 2014 la cooperativa ha gestito il progetto DJ \u2013 Diversity on the job \u2013 Linea 2\u00a0 soggetti appartenenti a Comunit\u00e0<\/p>\n","protected":false},"author":3,"featured_media":0,"parent":0,"menu_order":0,"comment_status":"closed","ping_status":"closed","template":"","meta":{"footnotes":""},"class_list":["post-1466","page","type-page","status-publish","hentry"],"_links":{"self":[{"href":"https:\/\/mediatau.it\/alazis\/wp-json\/wp\/v2\/pages\/1466","targetHints":{"allow":["GET"]}}],"collection":[{"href":"https:\/\/mediatau.it\/alazis\/wp-json\/wp\/v2\/pages"}],"about":[{"href":"https:\/\/mediatau.it\/alazis\/wp-json\/wp\/v2\/types\/page"}],"author":[{"embeddable":true,"href":"https:\/\/mediatau.it\/alazis\/wp-json\/wp\/v2\/users\/3"}],"replies":[{"embeddable":true,"href":"https:\/\/mediatau.it\/alazis\/wp-json\/wp\/v2\/comments?post=1466"}],"version-history":[{"count":1,"href":"https:\/\/mediatau.it\/alazis\/wp-json\/wp\/v2\/pages\/1466\/revisions"}],"predecessor-version":[{"id":1467,"href":"https:\/\/mediatau.it\/alazis\/wp-json\/wp\/v2\/pages\/1466\/revisions\/1467"}],"wp:attachment":[{"href":"https:\/\/mediatau.it\/alazis\/wp-json\/wp\/v2\/media?parent=1466"}],"curies":[{"name":"wp","href":"https:\/\/api.w.org\/{rel}","templated":true}]}}