{"id":1547,"date":"2016-06-07T11:21:05","date_gmt":"2016-06-07T09:21:05","guid":{"rendered":"http:\/\/mediatau.it\/alazis\/?page_id=1547"},"modified":"2016-06-09T21:44:01","modified_gmt":"2016-06-09T19:44:01","slug":"allegato-6-elementi-essenziali-di-progetto-e-criteri-di-valutazione-per-la-selezione-dei-volontari","status":"publish","type":"page","link":"https:\/\/mediatau.it\/alazis\/allegato-6-elementi-essenziali-di-progetto-e-criteri-di-valutazione-per-la-selezione-dei-volontari\/","title":{"rendered":"Allegato 6 &#8211; Elementi Essenziali di progetto e Criteri di valutazione per la selezione dei volontari"},"content":{"rendered":"<p><strong>TITOLO DEL PROGETTO:<\/strong><\/p>\n<p>Il servizio civile per i quartieri Zisa e Danisinni<\/p>\n<p>&nbsp;<\/p>\n<p><strong>SETTORE e Area di Intervento:<\/strong><\/p>\n<p>Settore Assistenza<\/p>\n<p>A02 Minori<\/p>\n<p>&nbsp;<\/p>\n<p><strong>OBIETTIVI DEL PROGETTO<\/strong><\/p>\n<p><strong>Obiettivi generali del progetto <\/strong><\/p>\n<ol>\n<li style=\"text-align: justify;\">Promuovere lo sviluppo locale dell\u2019area Zisa-Danisinni di Palermo;<\/li>\n<li style=\"text-align: justify;\">Supportare il coinvolgimento della comunit\u00e0 locale nelle attivit\u00e0 progettuali<\/li>\n<li style=\"text-align: justify;\">Collaborare nella promozione processi di empowering della comunit\u00e0 territoriale, di gruppo e individuale; favorire l\u2019inserimento sociale nella logica della riduzione dei rischi di emarginazione;<\/li>\n<li style=\"text-align: justify;\">Favorire iniziative ed interventi nella logica della promozione dei minori, della persona e della comunit\u00e0<\/li>\n<\/ol>\n<p style=\"text-align: justify;\"><strong>Obiettivi specifici<\/strong><\/p>\n<ol>\n<li>Supportare la realizzazione delle attivit\u00e0 di animazione territoriale<\/li>\n<li>Accompagnare i ragazzi nei percorsi di istruzione, di orientamento personale e di formazione<\/li>\n<li>Incrementare le conoscenze informatiche nel territorio<\/li>\n<li>Potenziare le attivit\u00e0 artistiche e culturali<\/li>\n<\/ol>\n<p><strong>ATTIVIT\u00c1 D&#8217;IMPIEGO DEI VOLONTARI<\/strong><\/p>\n<p><a href=\"http:\/\/mediatau.it\/alazis\/wp-content\/uploads\/sites\/15\/2016\/06\/tab1.png\" rel=\"attachment wp-att-1554\"><img fetchpriority=\"high\" decoding=\"async\" class=\"aligncenter size-full wp-image-1554\" src=\"http:\/\/mediatau.it\/alazis\/wp-content\/uploads\/sites\/15\/2016\/06\/tab1.png\" alt=\"tab1\" width=\"2275\" height=\"2531\" srcset=\"https:\/\/mediatau.it\/alazis\/wp-content\/uploads\/sites\/15\/2016\/06\/tab1.png 2275w, https:\/\/mediatau.it\/alazis\/wp-content\/uploads\/sites\/15\/2016\/06\/tab1-270x300.png 270w, https:\/\/mediatau.it\/alazis\/wp-content\/uploads\/sites\/15\/2016\/06\/tab1-768x854.png 768w, https:\/\/mediatau.it\/alazis\/wp-content\/uploads\/sites\/15\/2016\/06\/tab1-920x1024.png 920w, https:\/\/mediatau.it\/alazis\/wp-content\/uploads\/sites\/15\/2016\/06\/tab1-168x187.png 168w, https:\/\/mediatau.it\/alazis\/wp-content\/uploads\/sites\/15\/2016\/06\/tab1-1170x1302.png 1170w\" sizes=\"(max-width: 2275px) 100vw, 2275px\" \/><\/a><\/p>\n<p>&nbsp;<\/p>\n<p><strong>CRITERI DI SELEZIONE<\/strong><\/p>\n<p style=\"text-align: justify;\">L\u2019ente si avvarr\u00e0 dei criteri di selezione previsti dal decreto n. 173 dell\u201911 giugno 2009 del Capo dell\u2019Ufficio nazionale del servizio civile. Il punteggio massimo che un candidato potr\u00e0 ottenere \u00e8 pari a 110 punti cos\u00ec ripartiti:<\/p>\n<p style=\"text-align: justify;\">&#8211; Scheda di valutazione \u2013 Colloquio: max 60 punti<\/p>\n<p style=\"text-align: justify;\">&#8211; Precedenti esperienze: max 30 punti<\/p>\n<p style=\"text-align: justify;\">&#8211; Titoli di studio, professionali esperienze aggiuntive e altre conoscenze: max 20 punti<\/p>\n<p style=\"text-align: justify;\">Il colloquio di selezione verter\u00e0 su: Conoscenza del servizio civile, Motivazione al Servizio civile, Conoscenza dei diritti di cittadinanza, Conoscenza del progetto e dell\u2019ambito di intervento, Conoscenza del Territorio oggetto dell\u2019intervento, Capacit\u00e0 e attitudine alla relazione e alla socializzazione, Competenze ed esperienze nei settori dell\u2019animazione socio culturale. dell\u2019educazione, delle lingue, di informatica e mediaeducation, dell\u2019arte e deila multimedialit\u00e0 (audio\/foto\/video\/web).<\/p>\n<p><span style=\"color: #800080;\">Scarica Allegato:<\/span><\/p>\n<p><span style=\"color: #800080;\"><strong><span style=\"text-decoration: underline;\"><a style=\"color: #800080; text-decoration: underline;\" href=\"http:\/\/mediatau.it\/alazis\/wp-content\/uploads\/sites\/15\/2016\/06\/CRITERI-DI-SELEZIONE-VOLONTARI-SC.pdf\" rel=\"\">CRITERI DI SELEZIONE VOLONTARI SERVIZIO CIVILE<\/a><\/span><\/strong><\/span><\/p>\n<p>&nbsp;<\/p>\n<p><strong>CONDIZIONI DI SERVIZIO ED ASPETTI ORGANIZZATIVI:<\/strong><\/p>\n<p><strong><em>Numero ore di servizio settimanali dei volontari<\/em><\/strong>: 30 ore<\/p>\n<p><strong><em>Giorni di servizio a settimana dei volontari<\/em><\/strong>: 5 giorni<\/p>\n<p><strong><em>Eventuali particolari obblighi dei volontari durante il periodo di servizio<\/em><\/strong>:<\/p>\n<ul>\n<li>Affiancamento e sostegno agli educatori ed animatori durante le attivit\u00e0 di animazione e laboratoriali;<\/li>\n<li>Mantenimento del segreto professionale su notizie relative ai giovani presi in carico;<\/li>\n<li>Rispetto del mandato affidato<\/li>\n<li>Disponibilit\u00e0 a partecipare a momenti di formazione anche fuori sede.<\/li>\n<\/ul>\n<p><strong><em>Eventuali requisiti richiesti ai canditati per la partecipazione al progetto oltre quelli richiesti dalla legge 6 marzo 2001, n. 64:<\/em><\/strong><\/p>\n<ul>\n<li>Possibile esperienza nel settore dell\u2019animazione socio \u2013 culturale;<\/li>\n<li>Sensibilit\u00e0 e disponibilit\u00e0 e relazionarsi positivamente con i destinatari finali del progetto; &#8211; Capacit\u00e0 ed attitudine alla socializzazione;<\/li>\n<li>Eventuali competenze specifiche, spendibili per la gestione di percorsi di inserimento scolastico, formativo e lavorativo;<\/li>\n<li>Capacit\u00e0 di supporto all\u2019elaborazione di forme di sostegno alla persona ed alla famiglia in riferimento ai molteplici bisogni affinch\u00e9 sia tutelato un autentico diritto di cittadinanza.<\/li>\n<\/ul>\n<p>&nbsp;<\/p>\n<p><strong>SEDI DI SVOLGIMENTO e POSTI DISPONIBILI:<\/strong><\/p>\n<p><strong><em>\u00a0<\/em><\/strong><strong><em>Numero dei volontari da impiegare nel progetto<\/em><\/strong><em>: 8<\/em><\/p>\n<p><strong><em>\u00a0<\/em><\/strong><strong><em>Numero posti con solo vitto<\/em><\/strong>: 0<\/p>\n<p><strong><em>Sede di attuazione del progetto, Operatori Locali di Progetto e Responsabili Locali di Ente Accreditato: <\/em><\/strong><\/p>\n<p>Centro Polivalente &#8220;Crescere a Danisinni&#8221; &#8211; P.zza Danisinni s.n.c &#8211; Palermo.<\/p>\n<p>Cod. identificativo della sede: 69197<\/p>\n<p>Operatori Locali di Progetto: Rita Affatigato &#8211;\u00a0 Serena Pedi<\/p>\n<p>&nbsp;<\/p>\n<p style=\"text-align: justify;\"><strong>CARATTERISTICHE CONOSCENZE ACQUISIBILI:<\/strong><\/p>\n<p style=\"text-align: justify;\"><strong><em>Eventuali crediti formativi riconosciuti<\/em><\/strong>: Nessuno<\/p>\n<p style=\"text-align: justify;\"><strong><em>Eventuali tirocini riconosciuti<\/em><\/strong><em>: <\/em>Nessuno<\/p>\n<p style=\"text-align: justify;\"><strong><em>Competenze e professionalit\u00e0 acquisibili dai volontari durante l\u2019espletamento del servizio, certificabili e validi ai fini del <\/em><em><u>curriculum vitae<\/u><\/em><\/strong><em><u>: <\/u><\/em><\/p>\n<p style=\"text-align: justify;\">La Cooperativa Al Azis ha stipulato un accordo con la \u201cAssociazione di Ricerca per la Psicoterapia Interpersonale (ARPI)\u201d per la certificazione delle competenze acquisite da ciascun volontario e analiticamente descritte.<\/p>\n<p style=\"text-align: justify;\">Competenze di base: Capacit\u00e0 di lavorare in gruppo e per obiettivi<\/p>\n<p style=\"text-align: justify;\">Competenze specifiche: Capacit\u00e0 necessarie all\u2019accompagnamento educativo dei minori e all\u2019animazione ludica<\/p>\n<p style=\"text-align: justify;\">Competenze trasversali: Capacit\u00e0 di risoluzione dei conflitti e capacit\u00e0 di problem solving, capacit\u00e0 di lavoro in equipe.<\/p>\n<p style=\"text-align: justify;\">A conclusione del progetto \u201cIl servizio civile per i quartieri Zisa e Danisinni\u201d \u00e8 previsto che un esperto dell\u2019ARPI svolga un colloquio di validazione dell\u2019esperienza condotta dal volontario basato sulla valutazione mediante i seguenti indicatori.<\/p>\n<p style=\"text-align: justify;\">&#8211; Verifica delle proprie capacit\u00e0 nelle relazioni educative;<\/p>\n<p style=\"text-align: justify;\">&#8211; Verifica delle capacit\u00e0 di lavoro in \u00e9quipe;<\/p>\n<p style=\"text-align: justify;\">&#8211; Attitudine a lavorare per obiettivi e secondo metodologie di case management;<\/p>\n<p style=\"text-align: justify;\">&#8211; Capacit\u00e0 nella gestione e soluzione di eventuali conflitti;<\/p>\n<p style=\"text-align: justify;\">&#8211; Attitudine all\u2019assunzione e capacit\u00e0 nella gestione di piccole responsabilit\u00e0 connesse alla \u00a0\u00a0conduzione delle attivit\u00e0 previste dal progetto<\/p>\n<p style=\"text-align: justify;\">&#8211; Capacit\u00e0 nella gestione di interventi non meramente routinari (tradizionalmente connessi alla gestione di servizi sociali, assistenziali ed educativi) ed all\u2019assunzione di decisioni.<\/p>\n<p style=\"text-align: justify;\">&#8211; Competenze nel campo dell\u2019animazione socio culturale e dei servizi aggregativi per adolescenti e giovani.<\/p>\n<p style=\"text-align: justify;\"><span style=\"color: #ffffff;\">.<\/span><\/p>\n<p style=\"text-align: justify;\"><strong>FORMAZIONE SPECIFICA DEI VOLONTARI:<\/strong><\/p>\n<p style=\"text-align: justify;\">La formazione specifica prevista \u00e8 di 75 ore che si aggiungono alle 42 ore di formazione specifica. Con questa formazione si intendono fornire ai destinatari dell\u2019attivit\u00e0 formativa le conoscenze operative e gli strumenti pratici per lo svolgimento del servizio civile nello specifico ambito e contesto del progetto. L\u2019obiettivo principale \u00e8 quello di accrescere le competenze dei destinatari, la propria motivazione, ed il risultato del proprio operato.<\/p>\n<p style=\"text-align: justify;\">La formazione specifica mira a favorire l\u2019instaurarsi di una relazione con il destinatario finale del servizio, attraverso l\u2019utilizzo di strategie, metodi e tecniche adeguate, capace di fornire risposte ai bisogni della crescita di ogni volontario e di esaminare la dimensione emotiva e le diverse dinamiche interpersonali di crescita e di maturazione.<\/p>\n<p style=\"text-align: justify;\">I contenuti proposti sono: Accoglienza dei volontari, Conoscere il terzo settore, Conoscere il mondo della scuola, Conoscere il territorio di Danisinni-Zisa, Costruire relazioni professionali, Sicurezza sui luoghi di lavoro.<\/p>\n<p>&nbsp;<\/p>\n<p>&nbsp;<\/p>\n<p>&nbsp;<\/p>\n","protected":false},"excerpt":{"rendered":"<p>TITOLO DEL PROGETTO: Il servizio civile per i quartieri Zisa e Danisinni &nbsp; SETTORE e Area di Intervento: Settore Assistenza A02 Minori &nbsp; OBIETTIVI DEL PROGETTO Obiettivi generali del progetto Promuovere lo sviluppo locale dell\u2019area Zisa-Danisinni di Palermo; Supportare il coinvolgimento della comunit\u00e0 locale nelle attivit\u00e0 progettuali Collaborare nella promozione processi di empowering della comunit\u00e0<\/p>\n","protected":false},"author":3,"featured_media":0,"parent":0,"menu_order":0,"comment_status":"closed","ping_status":"closed","template":"","meta":{"footnotes":""},"class_list":["post-1547","page","type-page","status-publish","hentry"],"_links":{"self":[{"href":"https:\/\/mediatau.it\/alazis\/wp-json\/wp\/v2\/pages\/1547","targetHints":{"allow":["GET"]}}],"collection":[{"href":"https:\/\/mediatau.it\/alazis\/wp-json\/wp\/v2\/pages"}],"about":[{"href":"https:\/\/mediatau.it\/alazis\/wp-json\/wp\/v2\/types\/page"}],"author":[{"embeddable":true,"href":"https:\/\/mediatau.it\/alazis\/wp-json\/wp\/v2\/users\/3"}],"replies":[{"embeddable":true,"href":"https:\/\/mediatau.it\/alazis\/wp-json\/wp\/v2\/comments?post=1547"}],"version-history":[{"count":16,"href":"https:\/\/mediatau.it\/alazis\/wp-json\/wp\/v2\/pages\/1547\/revisions"}],"predecessor-version":[{"id":1579,"href":"https:\/\/mediatau.it\/alazis\/wp-json\/wp\/v2\/pages\/1547\/revisions\/1579"}],"wp:attachment":[{"href":"https:\/\/mediatau.it\/alazis\/wp-json\/wp\/v2\/media?parent=1547"}],"curies":[{"name":"wp","href":"https:\/\/api.w.org\/{rel}","templated":true}]}}