{"id":1697,"date":"2018-06-29T12:16:57","date_gmt":"2018-06-29T10:16:57","guid":{"rendered":"http:\/\/mediatau.it\/alazis\/servizio-civile-4\/"},"modified":"2020-09-01T11:49:11","modified_gmt":"2020-09-01T09:49:11","slug":"servizio-civile-4","status":"publish","type":"page","link":"https:\/\/mediatau.it\/alazis\/servizio-civile-4\/","title":{"rendered":"Servizio Civile 2018"},"content":{"rendered":"<p><a href=\"http:\/\/mediatau.it\/alazis\/wp-content\/uploads\/sites\/15\/2018\/06\/serv-civ-alazis.png\" rel=\"attachment wp-att-1723\"><img fetchpriority=\"high\" decoding=\"async\" class=\"aligncenter wp-image-1723\" src=\"http:\/\/mediatau.it\/alazis\/wp-content\/uploads\/sites\/15\/2018\/06\/serv-civ-alazis-1024x811.png\" alt=\"serv-civ-alazis\" width=\"761\" height=\"603\" srcset=\"https:\/\/mediatau.it\/alazis\/wp-content\/uploads\/sites\/15\/2018\/06\/serv-civ-alazis-1024x811.png 1024w, https:\/\/mediatau.it\/alazis\/wp-content\/uploads\/sites\/15\/2018\/06\/serv-civ-alazis-300x237.png 300w, https:\/\/mediatau.it\/alazis\/wp-content\/uploads\/sites\/15\/2018\/06\/serv-civ-alazis-768x608.png 768w, https:\/\/mediatau.it\/alazis\/wp-content\/uploads\/sites\/15\/2018\/06\/serv-civ-alazis-236x187.png 236w, https:\/\/mediatau.it\/alazis\/wp-content\/uploads\/sites\/15\/2018\/06\/serv-civ-alazis-1170x926.png 1170w\" sizes=\"(max-width: 761px) 100vw, 761px\" \/><\/a><\/p>\n<h4><\/h4>\n<h4><\/h4>\n<h4><span style=\"color: #ffffff;\">.<\/span><\/h4>\n<h4><b>Bando Servizio Civile Nazionale 2018 con Al Azis &#8220;Garanzia e Promozione 2018&#8221;<\/b><\/h4>\n<p style=\"text-align: justify;\">Il\u202f\u00a0<b>Dipartimento della Giovent\u00f9 e del Servizio Civile<\/b>\u202f ha pubblicato il \u202f<span style=\"color: #800080;\"><a style=\"color: #800080;\" href=\"http:\/\/www.serviziocivile.gov.it\/menusx\/bandi\/selezione-volontari\/2018_ggbandovolseiregioni.aspx\" target=\"_blank\" rel=\"noopener noreferrer\"><b>Ba<\/b><b>n<\/b><b>do \u202fNazionale Regione Sicilia<\/b><\/a>\u202f\u00a0<\/span>per la selezione di\u202f\u00a0<b>1.153<\/b><b>\u00a0volontari<\/b>\u202fda avviare\u00a0al servizio nell\u2019anno 2018 nei progetti di servizio civile nazionale per l\u2019attuazione del Programma Operativo Nazionale \u201cIniziativa Occupazione Giovani\u201d &#8211; PON IOG \u2013di cui all\u2019Allegato 1, approvati dal Dipartimento. I giovani devono essere iscritti al Programma \u201cGaranzia Giovani\u201d, aver sottoscritto il Patto di servizio ed essere stati \u201cpresi in carico\u201d dal Centro per l\u2019impiego (di seguito CPI) e\/o Servizio competente.<\/p>\n<p style=\"text-align: justify;\">Tra i progetti approvati quello della Cooperativa Sociale Al Azis \u201cGaranzia e promozione 2018\u201d per 8 posti.<\/p>\n<p style=\"text-align: justify;\"><strong>La domanda di partecipazione, che deve essere presentata previa iscrizione al Programma Garanzia Giovani, firma del Patto di Servizio e \u201cpresa in carico\u201d da parte del CPI e\/o Servizio competente, deve essere indirizzata direttamente all\u2019ente che realizza il progetto prescelto e deve pervenite allo stesso entro e non oltre le<\/strong> <strong>ore 14.00 del 20 luglio 2018<\/strong>. Le domande pervenute oltre il termine stabilito non saranno prese in considerazione.<\/p>\n<p><b>Hai tra i 18 e i 29 anni (non ancora compiuti il giorno in cui presenti la domanda)?\u00a0<\/b><\/p>\n<p><b>V<\/b><b>uoi dedicare un anno della tua vita a<\/b><b>i bambini ed ai ragazzi del quartiere Zisa e del Rione Danisinni di Palermo ed alla costruzione di una societ\u00e0<\/b><b> migliore?\u00a0<\/b><\/p>\n<p><b>Vuoi crescere professionalmente, personalmente e intellettualmente?\u00a0<\/b><\/p>\n<p><b>Ecco allora ci\u00f2 che fa per te: il <\/b><b>Servizio Civile<\/b>!<\/p>\n<p>&nbsp;<\/p>\n<p><b><i>PERCHE\u2019<\/i><\/b><\/p>\n<p><b>Per fare un\u2019esperienza significativa di crescita e maturazione personale e professionale <\/b>nel settore dell\u2019assistenza, avendo come destinatari privilegiati i bambini, i ragazzi ed i giovani che vivono nel quartiere Zisa e nel Rione Danisinni.<\/p>\n<p><b>Un anno di <\/b><b>Servizio Civile <\/b><b>svolto potr\u00e0 consentire di acquisire competenze e conoscenze spendibili nel mondo del lavoro, <\/b>specialmente se desideri lavorare nel settore sociale e dei servizi educativi per l\u2019infanzia. Le molteplici attivit\u00e0 previste nel progetto, infatti, riguardano ambiti sociali, educativi, culturali, artistici formativi, informativi, legati anche alla comunicazione e alle nuove tecnologie.<\/p>\n<p>&nbsp;<\/p>\n<p><b><i>REQUISITI<\/i><\/b><\/p>\n<p style=\"text-align: justify;\">Ad eccezione degli appartenenti ai corpi militari o alle forze di polizia, possono partecipare alla selezione i giovani, senza distinzione di sesso che, alla data di presentazione della domanda, abbiano compiuto il diciottesimo e non superato il ventottesimo anno di et\u00e0, in possesso dei seguenti requisiti:<\/p>\n<p style=\"text-align: justify;\"><strong>a)<\/strong> essere cittadini italiani;<\/p>\n<p style=\"text-align: justify;\"><strong>b)<\/strong> essere cittadini degli altri Paesi dell\u2019Unione europea regolarmente residenti in Italia;<\/p>\n<p style=\"text-align: justify;\"><strong>c)<\/strong> essere cittadini non comunitari regolarmente soggiornanti in Italia;<\/p>\n<p style=\"text-align: justify;\"><strong>d)<\/strong> essere iscritti al Programma \u201cGaranzia Giovani\u201d (da effettuarsi sul sito internet www.garanziagiovani.gov.it), aver firmato il Patto di Servizio ed essere stati \u201cpresi in carico\u201d dal CPI e\/o Servizio competente;<\/p>\n<p style=\"text-align: justify;\"><strong>e)<\/strong> non aver riportato condanna, anche non definitiva, alla pena della reclusione superiore ad un anno per delitto non colposo, ovvero ad una pena della reclusione anche di entit\u00e0 inferiore per un delitto contro la persona o concernente detenzione, uso, porto, trasporto, importazione o esportazione illecita di armi o materie esplodenti, ovvero per delitti riguardanti l\u2019appartenenza o il favoreggiamento a gruppi eversivi, terroristici, o di criminalit\u00e0 organizzata;<\/p>\n<p style=\"text-align: justify;\"><strong> f)<\/strong> essere disoccupati ai sensi dell\u2019articolo 19 del decreto legislativo 150\/2015 del 14 settembre 2015 e successive modifiche e integrazioni;<\/p>\n<p style=\"text-align: justify;\"><strong>h)<\/strong> non frequentare un regolare corso di studi (secondari superiori, terziari non universitari o universitari);<\/p>\n<p style=\"text-align: justify;\"><strong>i)<\/strong> non essere inseriti in alcun corso di formazione, compresi quelli di aggiornamento per l\u2019esercizio della professione o per il mantenimento dell\u2019iscrizione ad un Albo o Ordine professionale;<\/p>\n<p style=\"text-align: justify;\"><strong>l)<\/strong> non essere inseriti in percorsi di tirocinio curriculare e\/o extracurriculare, in quanto misura formativa.<\/p>\n<p style=\"text-align: justify;\">I requisiti di partecipazione richiesti dalla Garanzia Giovani devono essere posseduti all\u2019avvio del percorso in \u201cGaranzia Giovani\u201d (inteso come momento procedurale che si apre con l\u2019adesione sui portali e si chiude con la presa in carico da parte di un CPI, e con la sottoscrizione del Patto di Servizio), e all\u2019inizio della misura del servizio civile nazionale. I requisiti di cui alle precedenti lettere a), b), c) ed e) devono essere mantenuti sino al termine del servizio.<\/p>\n<p><b>Non possono presentare domanda<\/b>\u202fi giovani che:<\/p>\n<p style=\"text-align: justify;\"><strong>a)<\/strong> abbiano gi\u00e0 prestato servizio civile nazionale per l\u2019attuazione del Programma Garanzia Giovani; oppure abbiano interrotto il predetto servizio prima della scadenza prevista, o che alla data di presentazione della domanda siano impegnati nella realizzazione di progetti di servizio civile nazionale per l\u2019attuazione del programma europeo Garanzia Giovani;<\/p>\n<p style=\"text-align: justify;\"><strong>b)<\/strong> abbiano in corso con l\u2019ente che realizza il progetto rapporti di lavoro o di collaborazione retribuita a qualunque titolo, ovvero che abbiano avuto tali rapporti nell\u2019anno precedente di durata superiore a tre mesi.<\/p>\n<p style=\"text-align: justify;\">Non costituisce causa ostativa alla presentazione della domanda di servizio civile nazionale per la partecipazione al Programma Garanzia Giovani l\u2019aver gi\u00e0 svolto il servizio civile nazionale ai sensi della legge n. 64 del 2001, oppure nell\u2019ambito del progetto sperimentale europeo IVO4ALL e nei progetti dei Corpi Civili di Pace o aver interrotto il servizio civile nazionale svolto nell\u2019ambito della Garanzia Giovani per motivi non imputabili ai volontari.<\/p>\n<p>&nbsp;<\/p>\n<p><b><i>COME <\/i><\/b><b><i>PRESENTARE LA DOMANDA<\/i><\/b><\/p>\n<p>La domanda per partecipare ai progetti di Servizio Civile Nazionale potr\u00e0 essere presentata entro la data riportata nei bandi stessi:\u202f <strong>20 luglio 2018<\/strong>\u00a0<b>ore 14:00<\/b><b>\u202f<\/b>(non fa fede il timbro postale).<\/p>\n<p>Le domande possono essere presentate esclusivamente secondo le seguenti modalit\u00e0:<\/p>\n<p>1) con Posta Elettronica Certificata (PEC) all\u2019indirizzo <span style=\"color: #993366;\"><strong><a style=\"color: #993366;\" href=\"mailto:alazis@pec.mediatau.it\" target=\"_blank\" rel=\"noopener noreferrer\">alazis@pec.mediatau.it<\/a><\/strong><\/span>, avendo cura di allegare tutta la documentazione richiesta in formato pdf;<\/p>\n<p>2) a mezzo \u201craccomandata A\/R\u201d avendo cura di allegare tutta la documentazione richiesta;<\/p>\n<p>3) consegnate a mano presso la sede della <b>Al Azis Cooperativa Sociale<\/b>, Via Cipressi, 9, 90134 Palermo. Tel: 091 6528020, <span style=\"color: #800080;\"><a style=\"color: #800080;\" href=\"mailto:alazis@mediatau.it\">alazis@mediatau.it<\/a><\/span><\/p>\n<p>La sede di Al Azis \u00e8 aperta dal luned\u00ec al venerd\u00ec, dalle ore 9 alle 13 e dalle 15 alle 18. Sul sito <a href=\"http:\/\/mediatau.it\/alazis\"><span style=\"color: #800080;\"><b>www<\/b><b>.alazis.<\/b><\/span><b><span style=\"color: #800080;\">it<\/span> <\/b><\/a>trovi il progetto, il bando e quanto occorre per presentare la domanda.<\/p>\n<p>I documenti necessari\u202fda consegnare alla presentazione della domanda sono:<\/p>\n<p>\u2022 Domanda di ammissione \u2013<strong><span style=\"color: #800080;\"><a style=\"color: #800080;\" href=\"http:\/\/mediatau.it\/alazis\/wp-content\/uploads\/sites\/15\/2018\/06\/allegato-2.pdf\" target=\"_blank\" rel=\"noopener noreferrer\">Allegato-2-Domanda-di-ammissione\u00a0<\/a><\/span><\/strong><\/p>\n<p>\u2022 Dichiarazione dei titoli \u2013\u202f<strong><span style=\"color: #800080;\"><a style=\"color: #800080;\" href=\"http:\/\/mediatau.it\/alazis\/wp-content\/uploads\/sites\/15\/2018\/06\/allegato-3.pdf\" target=\"_blank\" rel=\"noopener noreferrer\">Allegato-3-Dichiarazione-Titoli<\/a><\/span><\/strong><\/p>\n<p>\u2022 Documento di identit\u00e0 valido<\/p>\n<p>\u2022\u00a0Copia del Patto di servizio, esclusivamente relativo alla misura Garanzia Giovani, sottoscritto dall\u2019interessato e da altra documentazione attestante la presa in carico da parte del il CPI e\/o Servizio competente.<\/p>\n<p>\u2022 Curriculum Vitae firmato<\/p>\n<p><b><i>RICORDA CHE<\/i><\/b><\/p>\n<ul>\n<li style=\"text-align: justify;\">Puoi presentare\u202funa sola domanda di Servizio Civile\u202fper un unico progetto, pena l\u2019esclusione dal Servizio Civile.<\/li>\n<li style=\"text-align: justify;\">I documenti richiesti devono essere\u202fcompilati in ogni parte, firmati e presentati all\u2019organizzazione presso la quale si realizza il progetto (troverai i riferimenti all\u2019interno di ogni singola scheda progetto).<\/li>\n<li style=\"text-align: justify;\">Devi\u202fallegare il\u202fdocumento d\u2019identit\u00e0 valido e il Curriculum Vitae. Le informazioni presenti nel Curriculum Vitae, per essere valutate, devono essere riportate nell\u2019<b>Allegato 3<\/b>.<\/li>\n<li style=\"text-align: justify;\">Puoi consultare\u00a0qui i nostri Criteri di Selezione\u202f\u00a0<a href=\"http:\/\/mediatau.it\/alazis\/wp-content\/uploads\/sites\/15\/2016\/06\/CRITERI-DI-SELEZIONE-VOLONTARI-SC.pdf\" rel=\"\">: <\/a><strong><a style=\"color: #800080; text-decoration: underline;\" href=\"http:\/\/mediatau.it\/alazis\/wp-content\/uploads\/sites\/15\/2016\/06\/CRITERI-DI-SELEZIONE-VOLONTARI-SC.pdf\" target=\"_blank\" rel=\"noopener noreferrer\">CRITERI DI SELEZIONE VOLONTARI SERVIZIO CIVILE<\/a><\/strong><\/li>\n<\/ul>\n<p><b><i>DOMANDE E SCADENZE<\/i><\/b><\/p>\n<p>La domanda per partecipare ai progetti di Servizio Civile Nazionale potr\u00e0 essere presentata entro la data riportata nei bandi stessi:\u202f<strong>20<\/strong><b>\u00a0Luglio\u202f2018 ore 14:00<\/b><b>\u202f<\/b>(non fa fede il timbro postale).<\/p>\n<p>&nbsp;<\/p>\n<p><b><i>PER INFORMAZIONI<\/i><\/b><\/p>\n<p>Eventuali informazioni possono essere richieste contattando <b>Al Azis Cooperativa Sociale<\/b>, Via Cipressi, 9, 90134 Palermo, Tel: 091 6528020, <a href=\"mailto:alazis@mediatau.it\">alazis@mediatau.it<\/a>, dal luned\u00ec al venerd\u00ec, dalle ore 9 alle 13 e dalle 15 alle 18.<\/p>\n<p>Progetto e criteri di selezione<a href=\"http:\/\/mediatau.it\/alazis\/allegato-6-elementi-essenziali-di-progetto-e-criteri-di-valutazione-per-la-selezione-dei-volontari-2\/\" target=\"_blank\" rel=\"noopener noreferrer\">:\u00a0<span style=\"color: #800080;\"><strong>Allegato 5\u2013 Elementi Essenziali di progetto e Criteri di valutazione per la selezione dei volontari<\/strong><\/span><\/a><span style=\"color: #800080;\"><strong><a style=\"color: #800080;\" href=\"http:\/\/mediatau.it\/alazis\/wp-content\/uploads\/sites\/15\/2016\/06\/CRITERI-DI-SELEZIONE-VOLONTARI-SC.pdf\" rel=\"\">.<\/a><\/strong><\/span><\/p>\n<p>&nbsp;<\/p>\n","protected":false},"excerpt":{"rendered":"<p>. Bando Servizio Civile Nazionale 2018 con Al Azis &#8220;Garanzia e Promozione 2018&#8221; Il\u202f\u00a0Dipartimento della Giovent\u00f9 e del Servizio Civile\u202f ha pubblicato il \u202fBando \u202fNazionale Regione Sicilia\u202f\u00a0per la selezione di\u202f\u00a01.153\u00a0volontari\u202fda avviare\u00a0al servizio nell\u2019anno 2018 nei progetti di servizio civile nazionale per l\u2019attuazione del Programma Operativo Nazionale \u201cIniziativa Occupazione Giovani\u201d &#8211; PON IOG \u2013di cui all\u2019Allegato<\/p>\n","protected":false},"author":1,"featured_media":0,"parent":0,"menu_order":0,"comment_status":"closed","ping_status":"open","template":"","meta":{"footnotes":""},"class_list":["post-1697","page","type-page","status-publish","hentry"],"_links":{"self":[{"href":"https:\/\/mediatau.it\/alazis\/wp-json\/wp\/v2\/pages\/1697","targetHints":{"allow":["GET"]}}],"collection":[{"href":"https:\/\/mediatau.it\/alazis\/wp-json\/wp\/v2\/pages"}],"about":[{"href":"https:\/\/mediatau.it\/alazis\/wp-json\/wp\/v2\/types\/page"}],"author":[{"embeddable":true,"href":"https:\/\/mediatau.it\/alazis\/wp-json\/wp\/v2\/users\/1"}],"replies":[{"embeddable":true,"href":"https:\/\/mediatau.it\/alazis\/wp-json\/wp\/v2\/comments?post=1697"}],"version-history":[{"count":6,"href":"https:\/\/mediatau.it\/alazis\/wp-json\/wp\/v2\/pages\/1697\/revisions"}],"predecessor-version":[{"id":2311,"href":"https:\/\/mediatau.it\/alazis\/wp-json\/wp\/v2\/pages\/1697\/revisions\/2311"}],"wp:attachment":[{"href":"https:\/\/mediatau.it\/alazis\/wp-json\/wp\/v2\/media?parent=1697"}],"curies":[{"name":"wp","href":"https:\/\/api.w.org\/{rel}","templated":true}]}}