{"id":2686,"date":"2024-01-16T13:16:38","date_gmt":"2024-01-16T12:16:38","guid":{"rendered":"http:\/\/mediatau.it\/alazis\/?page_id=2686"},"modified":"2024-01-16T13:31:22","modified_gmt":"2024-01-16T12:31:22","slug":"elementor-2686","status":"publish","type":"page","link":"https:\/\/mediatau.it\/alazis\/elementor-2686\/","title":{"rendered":"Servizio civile 2024"},"content":{"rendered":"\t\t<div data-elementor-type=\"wp-page\" data-elementor-id=\"2686\" class=\"elementor elementor-2686\">\n\t\t\t\t\t\t<section class=\"elementor-section elementor-top-section elementor-element elementor-element-f5dcca3 elementor-section-boxed elementor-section-height-default elementor-section-height-default\" data-id=\"f5dcca3\" data-element_type=\"section\">\n\t\t\t\t\t\t<div class=\"elementor-container elementor-column-gap-default\">\n\t\t\t\t\t<div class=\"elementor-column elementor-col-100 elementor-top-column elementor-element elementor-element-49f38a4\" data-id=\"49f38a4\" data-element_type=\"column\">\n\t\t\t<div class=\"elementor-widget-wrap elementor-element-populated\">\n\t\t\t\t\t\t<div class=\"elementor-element elementor-element-9a81644 elementor-widget elementor-widget-heading\" data-id=\"9a81644\" data-element_type=\"widget\" data-widget_type=\"heading.default\">\n\t\t\t\t<div class=\"elementor-widget-container\">\n\t\t\t\t\t<h2 class=\"elementor-heading-title elementor-size-default\">PARTECIPA ALLO SVILUPPO DELLA COMUNIT\u00c0 EDUCANTE ZISA DANISINNI SVOLGENDO IL SERVIZIO CIVILE CON LA COOPERATIVA AL AZIS AL CENTRO POLIVALENTE DANISINNI<\/h2>\t\t\t\t<\/div>\n\t\t\t\t<\/div>\n\t\t\t\t\t<\/div>\n\t\t<\/div>\n\t\t\t\t\t<\/div>\n\t\t<\/section>\n\t\t\t\t<section class=\"elementor-section elementor-top-section elementor-element elementor-element-52610b0 elementor-section-boxed elementor-section-height-default elementor-section-height-default\" data-id=\"52610b0\" data-element_type=\"section\">\n\t\t\t\t\t\t<div class=\"elementor-container elementor-column-gap-default\">\n\t\t\t\t\t<div class=\"elementor-column elementor-col-100 elementor-top-column elementor-element elementor-element-c46a161\" data-id=\"c46a161\" data-element_type=\"column\">\n\t\t\t<div class=\"elementor-widget-wrap elementor-element-populated\">\n\t\t\t\t\t\t<div class=\"elementor-element elementor-element-c2c90ea elementor-widget elementor-widget-image\" data-id=\"c2c90ea\" data-element_type=\"widget\" data-widget_type=\"image.default\">\n\t\t\t\t<div class=\"elementor-widget-container\">\n\t\t\t\t\t\t\t\t\t\t\t\t\t\t\t<img fetchpriority=\"high\" decoding=\"async\" width=\"1024\" height=\"1024\" src=\"https:\/\/mediatau.it\/alazis\/wp-content\/uploads\/sites\/15\/2024\/01\/Servizio-Civile-Popup-Desktop-1024x1024.png\" class=\"attachment-large size-large wp-image-2689\" alt=\"\" srcset=\"https:\/\/mediatau.it\/alazis\/wp-content\/uploads\/sites\/15\/2024\/01\/Servizio-Civile-Popup-Desktop.png 1024w, https:\/\/mediatau.it\/alazis\/wp-content\/uploads\/sites\/15\/2024\/01\/Servizio-Civile-Popup-Desktop-300x300.png 300w, https:\/\/mediatau.it\/alazis\/wp-content\/uploads\/sites\/15\/2024\/01\/Servizio-Civile-Popup-Desktop-150x150.png 150w, https:\/\/mediatau.it\/alazis\/wp-content\/uploads\/sites\/15\/2024\/01\/Servizio-Civile-Popup-Desktop-768x768.png 768w, https:\/\/mediatau.it\/alazis\/wp-content\/uploads\/sites\/15\/2024\/01\/Servizio-Civile-Popup-Desktop-187x187.png 187w\" sizes=\"(max-width: 1024px) 100vw, 1024px\" \/>\t\t\t\t\t\t\t\t\t\t\t\t\t\t\t<\/div>\n\t\t\t\t<\/div>\n\t\t\t\t\t<\/div>\n\t\t<\/div>\n\t\t\t\t\t<\/div>\n\t\t<\/section>\n\t\t\t\t<section class=\"elementor-section elementor-top-section elementor-element elementor-element-8c10b9a elementor-section-boxed elementor-section-height-default elementor-section-height-default\" data-id=\"8c10b9a\" data-element_type=\"section\">\n\t\t\t\t\t\t<div class=\"elementor-container elementor-column-gap-default\">\n\t\t\t\t\t<div class=\"elementor-column elementor-col-100 elementor-top-column elementor-element elementor-element-b968cae\" data-id=\"b968cae\" data-element_type=\"column\">\n\t\t\t<div class=\"elementor-widget-wrap elementor-element-populated\">\n\t\t\t\t\t\t<div class=\"elementor-element elementor-element-8e9d397 elementor-widget elementor-widget-text-editor\" data-id=\"8e9d397\" data-element_type=\"widget\" data-widget_type=\"text-editor.default\">\n\t\t\t\t<div class=\"elementor-widget-container\">\n\t\t\t\t\t\t\t\t\t<p><b>\u00c8 stato pubblicato il nuovo bando riguardante il Sevizio Civile Universale (SCU). Se hai un\u2019et\u00e0 compresa tra i 18 e i 29 anni non ancora compiuti p<em>uoi presentare la tua domanda di partecipazione, fino alle ore 14.00 del 15 febbraio 2024<\/em>.<\/b><\/p>\n<p><span style=\"color: var( --e-global-color-text ); font-family: var( --e-global-typography-text-font-family ); font-weight: var( --e-global-typography-text-font-weight );\">La rete di 7 enti non profit, coordinata dal <\/span><span style=\"color: var( --e-global-color-text ); font-family: var( --e-global-typography-text-font-family );\"><b>Gonzaga Campus<\/b><\/span><span style=\"color: var( --e-global-color-text ); font-family: var( --e-global-typography-text-font-family ); font-weight: var( --e-global-typography-text-font-weight );\"> dei padri gesuiti, \u00e8 pronta ad accogliere 68 giovani volontari (di et\u00e0 compresa da 18 a 29 anni) da impiegare in due progetti di Servizio Civile Universale, con una remunerazione mensile di 507 euro.<\/span><\/p>\n<p>La rete \u00e8 costituita dal <b>Gonzaga Campus<\/b> (che offre a 20 giovani un\u2019esperienza significativa nel settore dell\u2019educazione formale ed informale, anche in diverse lingue, avendo come destinatari privilegiati i minori e i giovani della Scuola italiana e dell\u2019International School Palermo), dall\u2019<b>Istituto Pedro Arrupe<\/b> (attivo dal 1958 nei campi della<br>formazione politica, della promozione culturale e della ricerca sociale), dal&nbsp;<b>Centro Astalli Palerm<\/b>o (dal 2003 in prima linea nella difesa dei diritti,&nbsp;nell\u2019integrazione e nell\u2019inclusione di immigrati, rifugiati e richiedenti&nbsp;asilo),&nbsp; dall\u2019<b>associazione Arces<\/b> (dal 1976 istituzione di eccellenza nel&nbsp;supporto alle Universit\u00e0 per quanto attiene all\u2019offerta residenziale, ma,&nbsp;soprattutto, per il suo progetto formativo che prevede un modello&nbsp;interdisciplinare ed interventi integrativi e di accompagnamento allo&nbsp;studio), dalla <b>cooperativa sociale Al Azis<\/b> (nata nel 1998 per promuovere,<br>nell\u2019ambito dell\u2019operativit\u00e0 del Centro Polivalente TAU, processi di&nbsp;orientamento, formazione professionale e inserimento socio-lavorativo&nbsp;soprattutto a vantaggio dei giovani a rischio di coinvolgimento in attivit\u00e0&nbsp;criminose e di esclusione sociale), dall\u2019<b>associazione AddioPizzo<\/b> (che si&nbsp;occupa della promozione di un\u2019economia virtuosa e libera dalla mafia&nbsp;attraverso lo strumento del consumo critico) e dall\u2019<b>associazione San&nbsp;Francesco Saverio<\/b> (che si occupa di numerose attivit\u00e0 di promozione e&nbsp;valorizzazione del patrimonio artistico e culturale del museo e della Chiesa&nbsp;del Ges\u00f9 a Casa Professa).<br>I 7 enti, da tempo sono impegnati, a vario livello, per il servizio alla&nbsp;comunit\u00e0 siciliana in modo nuovo e creativo, mettendo a disposizione 10&nbsp;sedi a Palermo per accogliere 68 giovani volontari.<br>Si tratta di una opportunit\u00e0 che permette di acquisire competenze&nbsp;spendibili nella vita e per l\u2019inserimento nel mondo del lavoro mediante un&nbsp;<span style=\"color: var( --e-global-color-text ); font-family: var( --e-global-typography-text-font-family ); font-weight: var( --e-global-typography-text-font-weight );\">tutoraggio e una formazione specifica; si maturano, inoltre, crediti&nbsp;<\/span><span style=\"color: var( --e-global-color-text ); font-family: var( --e-global-typography-text-font-family ); font-weight: var( --e-global-typography-text-font-weight );\">formativi universitari e un punteggio valido nei concorsi pubblici, che,&nbsp;<\/span><span style=\"color: var( --e-global-color-text ); font-family: var( --e-global-typography-text-font-family ); font-weight: var( --e-global-typography-text-font-weight );\">riscattabile ai fini pensionistici<\/span><span style=\"color: var( --e-global-color-text ); font-family: var( --e-global-typography-text-font-family ); font-weight: var( --e-global-typography-text-font-weight );\">&nbsp;e la certificazione delle competenze acquisite.<\/span><\/p>\n<p>Le domande di partecipazione dovranno pervenire entro il 15&nbsp;Febbraio 2024, ore 14.&nbsp;I due progetti Italia della rete \u201cSei tu la mia citt\u00e0\u201d e \u201cSostare tra le&nbsp;culture\u201d finanziati, con il bando ordinario, hanno anche una riserva di&nbsp;posti dedicati ai giovani con minori opportunit\u00e0, che hanno un basso&nbsp;reddito (Isee pari o inferiore a 15 mila euro). Le attivit\u00e0 in cui i volontari&nbsp;saranno coinvolti sono di varia natura: attivit\u00e0 educative, di tutoraggio&nbsp;scolastico, di supporto all\u2019apprendimento dei bambini con bisogni&nbsp;educativi speciali, attivit\u00e0 ludiche, ricreative, sportive, artistiche, culturali,<br>interculturali e di comunicazione sociale. E ancora animazione culturale e&nbsp;orientamento e accompagnamento lavorativo dei giovani, inserimento e&nbsp;integrazione dei migranti, conservazione e valorizzazione del patrimonio<br>artistico e cura delle biblioteche.&nbsp;<\/p>\n<p>I progetti sono parte di un ampio programma di intervento che risponde&nbsp;agli obiettivi 3, 4 e 10 dell\u2019Agenda 2030 per lo sviluppo sostenibile delle&nbsp;Nazioni Unite, e sono realizzati anche in collaborazione con Caritas&nbsp;Italiana che, da anni, opera a Palermo e in tutto il territorio nazionale, negli&nbsp;ambiti delle povert\u00e0, della carit\u00e0 e dell\u2019educazione.<br>Nella sezione dedicata al Servizio Civile del sito&nbsp;<a href=\"https:\/\/gonzagacampus.it\/servizio-civile-23\" target=\"_blank\" rel=\"noopener\">https:\/\/gonzagacampus.it\/servizio-civile-23<\/a>&nbsp;\u00e8 possibile conoscere in<br>modo dettagliato il bando, le modalit\u00e0 di presentazione della domanda,&nbsp;consultare le schede sintetiche di tutti i progetti con le sedi e le attivit\u00e0&nbsp;previste in ogni sede e conoscere i criteri di selezione.&nbsp;La rete suggerisce ai giovani che desiderano presentare domanda di&nbsp;comunicarlo prima possibile, inviando il curriculum firmato&nbsp;all\u2019indirizzo <b>serviziocivile@gonzagapalermo.it <\/b><u>In risposta alla mail tutti&nbsp;i giovani interessati saranno invitati a partecipare ad una riunione on line,&nbsp;prevista per <b>mercoled\u00ec 24 Gennaio 2024<\/b><\/u>, nella quale verranno presentati&nbsp;tutti i progetti e fornite tutte le informazioni e i chiarimenti che possono&nbsp;tornare utili ad una corretta compilazione della domanda e alla scelta del<br>progetto e della sede pi\u00f9 idonea.<br>La domanda di partecipazione va presentata esclusivamente con lo SPID&nbsp;<span style=\"color: var( --e-global-color-text ); font-family: var( --e-global-typography-text-font-family ); font-weight: var( --e-global-typography-text-font-weight );\">attraverso la piattaforma Domanda on Line (DOL) raggiungibile&nbsp;<\/span><span style=\"color: var( --e-global-color-text ); font-family: var( --e-global-typography-text-font-family ); font-weight: var( --e-global-typography-text-font-weight );\">tramite pc, tablet e smartphone, all\u2019indirizzo&nbsp;<\/span><span style=\"color: var( --e-global-color-text ); font-family: var( --e-global-typography-text-font-family ); font-weight: var( --e-global-typography-text-font-weight );\">https:\/\/domandaonline.serviziocivile.it<\/span><\/p>\n<p>Per trovare i progetti della rete del Gonzaga baster\u00e0 inserire nel format&nbsp;&#8220;Scegli il tuo progetto in Italia&#8221;, la regione &#8220;Sicilia&#8221; e l&#8217;Ente &#8220;Istituto&nbsp;Gonzaga \u2013 Centro Educativo Ignaziano&#8221; codice ente SU00069.<\/p>\n<p><b>Se vuoi fare partecipare anche tu allo sviluppo della Comunit\u00e0 Educante Zisa Danisinni scegli il nostro progetto &#8220;<\/b><span style=\"color: var( --e-global-color-text ); font-family: var( --e-global-typography-text-font-family );\"><b>SEI TU LA MIA CITT\u00c0&#8221; con il codice&nbsp;<\/b><\/span><span style=\"color: var( --e-global-color-text ); font-family: var( --e-global-typography-text-font-family );\"><b>150366.&nbsp;<\/b><\/span><\/p>\n<p><span style=\"color: var( --e-global-color-text ); font-family: var( --e-global-typography-text-font-family );\"><b>Troverai la scheda del progetto e tutte le informazioni necessarie sul sito&nbsp;<\/b><\/span><a style=\"font-family: var( --e-global-typography-text-font-family ); font-weight: var( --e-global-typography-text-font-weight ); background-color: #ffffff;\" href=\"https:\/\/gonzagacampus.it\/servizio-civile-23\" target=\"_blank\" rel=\"noopener\">https:\/\/gonzagacampus.it\/servizio-civile-23<\/a>&nbsp;<\/p>\t\t\t\t\t\t\t\t<\/div>\n\t\t\t\t<\/div>\n\t\t\t\t\t<\/div>\n\t\t<\/div>\n\t\t\t\t\t<\/div>\n\t\t<\/section>\n\t\t\t\t<\/div>\n\t\t","protected":false},"excerpt":{"rendered":"<p>PARTECIPA ALLO SVILUPPO DELLA COMUNIT\u00c0 EDUCANTE ZISA DANISINNI SVOLGENDO IL SERVIZIO CIVILE CON LA COOPERATIVA AL AZIS AL CENTRO POLIVALENTE DANISINNI \u00c8 stato pubblicato il nuovo bando riguardante il Sevizio Civile Universale (SCU). Se hai un\u2019et\u00e0 compresa tra i 18 e i 29 anni non ancora compiuti puoi presentare la tua domanda di partecipazione, fino<\/p>\n","protected":false},"author":3,"featured_media":0,"parent":0,"menu_order":0,"comment_status":"closed","ping_status":"closed","template":"","meta":{"footnotes":""},"class_list":["post-2686","page","type-page","status-publish","hentry"],"_links":{"self":[{"href":"https:\/\/mediatau.it\/alazis\/wp-json\/wp\/v2\/pages\/2686","targetHints":{"allow":["GET"]}}],"collection":[{"href":"https:\/\/mediatau.it\/alazis\/wp-json\/wp\/v2\/pages"}],"about":[{"href":"https:\/\/mediatau.it\/alazis\/wp-json\/wp\/v2\/types\/page"}],"author":[{"embeddable":true,"href":"https:\/\/mediatau.it\/alazis\/wp-json\/wp\/v2\/users\/3"}],"replies":[{"embeddable":true,"href":"https:\/\/mediatau.it\/alazis\/wp-json\/wp\/v2\/comments?post=2686"}],"version-history":[{"count":6,"href":"https:\/\/mediatau.it\/alazis\/wp-json\/wp\/v2\/pages\/2686\/revisions"}],"predecessor-version":[{"id":2783,"href":"https:\/\/mediatau.it\/alazis\/wp-json\/wp\/v2\/pages\/2686\/revisions\/2783"}],"wp:attachment":[{"href":"https:\/\/mediatau.it\/alazis\/wp-json\/wp\/v2\/media?parent=2686"}],"curies":[{"name":"wp","href":"https:\/\/api.w.org\/{rel}","templated":true}]}}