{"id":2707,"date":"2024-03-20T16:40:17","date_gmt":"2024-03-20T15:40:17","guid":{"rendered":"http:\/\/mediatau.it\/alazis\/?page_id=2707"},"modified":"2024-03-20T16:50:07","modified_gmt":"2024-03-20T15:50:07","slug":"2707-2","status":"publish","type":"page","link":"https:\/\/mediatau.it\/alazis\/2707-2\/","title":{"rendered":"Calendario colloqui di selezione"},"content":{"rendered":"<div class=\"wpb-content-wrapper\">[vc_row][vc_column][vc_column_text]\n<h2><span style=\"color: #993366;\">Pubblicato il calendario dei colloqui di selezione per il servizio civile con AlAzis<\/span><\/h2>\n[\/vc_column_text][\/vc_column][\/vc_row][vc_row][vc_column][vc_single_image image=&#8221;2709&#8243; img_size=&#8221;medium&#8221;][\/vc_column][\/vc_row][vc_row][vc_column][vc_column_text]\n<section class=\"elementor-section elementor-top-section elementor-element elementor-element-1bf5be2 elementor-section-boxed elementor-section-height-default elementor-section-height-default jet-parallax-section\" data-id=\"1bf5be2\" data-element_type=\"section\" data-settings=\"{&quot;jet_parallax_layout_list&quot;:[{&quot;jet_parallax_layout_image&quot;:{&quot;url&quot;:&quot;&quot;,&quot;id&quot;:&quot;&quot;,&quot;size&quot;:&quot;&quot;},&quot;_id&quot;:&quot;36a7a57&quot;,&quot;jet_parallax_layout_image_tablet&quot;:{&quot;url&quot;:&quot;&quot;,&quot;id&quot;:&quot;&quot;,&quot;size&quot;:&quot;&quot;},&quot;jet_parallax_layout_image_mobile&quot;:{&quot;url&quot;:&quot;&quot;,&quot;id&quot;:&quot;&quot;,&quot;size&quot;:&quot;&quot;},&quot;jet_parallax_layout_speed&quot;:{&quot;unit&quot;:&quot;%&quot;,&quot;size&quot;:50,&quot;sizes&quot;:[]},&quot;jet_parallax_layout_type&quot;:&quot;scroll&quot;,&quot;jet_parallax_layout_direction&quot;:null,&quot;jet_parallax_layout_fx_direction&quot;:null,&quot;jet_parallax_layout_z_index&quot;:&quot;&quot;,&quot;jet_parallax_layout_bg_x&quot;:50,&quot;jet_parallax_layout_bg_x_tablet&quot;:&quot;&quot;,&quot;jet_parallax_layout_bg_x_mobile&quot;:&quot;&quot;,&quot;jet_parallax_layout_bg_y&quot;:50,&quot;jet_parallax_layout_bg_y_tablet&quot;:&quot;&quot;,&quot;jet_parallax_layout_bg_y_mobile&quot;:&quot;&quot;,&quot;jet_parallax_layout_bg_size&quot;:&quot;auto&quot;,&quot;jet_parallax_layout_bg_size_tablet&quot;:&quot;&quot;,&quot;jet_parallax_layout_bg_size_mobile&quot;:&quot;&quot;,&quot;jet_parallax_layout_animation_prop&quot;:&quot;transform&quot;,&quot;jet_parallax_layout_on&quot;:[&quot;desktop&quot;,&quot;tablet&quot;]}]}\">\n<div class=\"elementor-container elementor-column-gap-default\">\n<div class=\"elementor-column elementor-col-100 elementor-top-column elementor-element elementor-element-0800984\" data-id=\"0800984\" data-element_type=\"column\">\n<div class=\"elementor-widget-wrap elementor-element-populated\">\n<div class=\"elementor-element elementor-element-7761890 elementor-widget elementor-widget-text-editor\" data-id=\"7761890\" data-element_type=\"widget\" data-widget_type=\"text-editor.default\">\n<div class=\"elementor-widget-container\">\n<p>In questa sezione \u00e8 possibile consultare le\u00a0<b>indicazioni operative e i calendari dei colloqui di selezione<\/b>\u00a0relativi ai progetti contenuti nel\u00a0<i>Bando per la selezione di 52.336 operatori volontari da impiegare in progetti afferenti a programmi di intervento di Servizio civile universale da realizzarsi in Italia e all\u2019estero in progetti di Servizio civile universale pubblicato il 22 dicembre 2023 con scadenza 15 febbraio 2024 ore 14:00, con integrazione del 13 febbraio 2024 per la proroga dei termini per la presentazione delle domande con scadenza 22 febbraio 2024, ore 14:00 e del 07 marzo 2024 per la proroga dei termini per la presentazione delle domande con scadenza al 14 marzo 2024 ore 10.00,<\/i>\u00a0<i>da impiegare in progetti afferenti a programmi di intervento di Servizio civile universale da realizzarsi in Italia e all\u2019estero in progetti di Servizio civile universale<\/i><b>\u00a0della rete \u201cCon il Gonzaga, per i giovani, in Sicilia\u201d (ente titolare Istituto Gonzaga \u2013 Centro Educativo Ignaziano \u2013 SU00069).<\/b><\/p>\n<p><b>Tutti i colloqui si svolgeranno in presenza<\/b>, presso le diverse sedi specificate nei calendari sotto riportati.<br \/>\nI candidati sono tenuti a presentarsi al colloquio muniti di un valido documento di riconoscimento, e di una fotocopia dello stesso fronte e retro.<\/p>\n<p>Chi ha presentato domanda per i posti riservati ai GMO (Giovani Minori Opportunit\u00e0) \u00e8 tenuto a presentare, in sede di colloquio, una fotocopia del modello ISEE valido alla data di presentazione della domanda.<\/p>\n<p>Si ricorda infine che, a norma dell\u2032art. 5 del\u00a0bando,\u00a0<b>la pubblicazione del calendario ha valore di notifica della convocazione a tutti gli effetti di legge e il candidato che, pur avendo inoltrato la domanda, non si presenta al colloquio nei giorni stabiliti senza giustificato motivo \u00e8 escluso dalla selezione per non aver completato la relativa procedura<\/b><b>.<\/b><b><br \/>\n<\/b><\/p>\n<p>Qualora vi siano impedimenti a partecipare ai colloqui di selezione \u00e8 possibile contattare la nostra sede scrivendo a serviziocivile@gonzagapalermo.it o chiamando al 091.302093 (interno 218) prima della data prevista.<b><\/b><\/p>\n<p>In caso di particolari impedimenti (malattia o residenza il altra regione) \u00e8 possibile richiedere di effettuare il colloquio da remoto, in modalit\u00e0 online, mediante la piattaforma Zoom o Google Meet.<\/p>\n<p>La valutazione della domanda con l\u2019attribuzione dei punteggi \u00e8 definita dai criteri di selezione del nostro ente che possono essere consultati\u00a0<a href=\"https:\/\/gonzagacampus.it\/wp-content\/uploads\/2021\/03\/Criteri-di-selezione-dei-volontari-Istituto-Gonzaga-Centro-Educativo-Ignaziano-1.pdf\"><b>cliccando qui.\u00a0<\/b><\/a>Il nostro sistema di selezione assegna un punteggio per i titoli, competenze ed esperienze pregresse, sulla base di quanto dichiarato dal candidato in fase di presentazione della domanda, ed un punteggio per il colloquio di selezione (che comprende anche una prova scritta di inglese ed una prova pratica di informatica di base).<\/p>\n<p><b>A cosa serve il colloquio<\/b><b><br \/>\n<\/b>Il colloquio valuta se il candidato \u00e8 la persona adatta a svolgere le attivit\u00e0 previste dal progetto.<br \/>\nSi valutano le esperienze pregresse, ma anche la motivazione e soprattutto la conoscenza del progetto.<br \/>\nL\u2019obiettivo finale \u00e8 individuare i profili pi\u00f9 idonei a svolgere le attivit\u00e0 previste dal progetto.<\/p>\n<p><b>Come prepararsi<\/b><br \/>\nPer ogni progetto c\u2019\u00e8 una scheda con gli elementi essenziali (obiettivi, azioni, attivit\u00e0, ulteriori requisiti richiesti) che puoi trovare nello schema sotto riportato alla voce \u201cScarica la scheda del progetto\u201d).<\/p>\n<p>A conclusione di tutti i colloqui di selezione verranno pubblicate le graduatorie degli idonei selezionati, idonei non selezionati e dei non idonei sul sito<br \/>\n<a href=\"http:\/\/www.gonzagacampus.it\/serviziocivileuniversale\">gonzagacampus.it\/serviziocivileuniversale<\/a>, nella sezione \u201c<a href=\"https:\/\/gonzagacampus.it\/servizio-civile-universale-2023\" target=\"_blank\" rel=\"noopener\">Bando 2023<\/a>\u201d alla voce \u201cGraduatorie provvisorie\u201d, in base alle quali i candidati potranno venire a conoscenza dell\u2019esito del processo di selezione. Le graduatorie verranno presumibilmente pubblicate da\u00a0giugno 2024\u00a0in poi.<\/p>\n<p>Si ricorda che per qualsiasi tipo di chiarimento o di comunicazione \u00e8 possibile contattarci inviando una email a\u00a0<a href=\"mailto:serviziocivile@gonzagapalermo.it\">serviziocivile@gonzagapalermo.it\u00a0<\/a>oppure telefonicamente al numero\u00a0 091 302093, o digitando l\u2019interno 218 o chiedendo di parlare con l\u2019Ufficio di Servizio Civile Universale.<\/p>\n<p>Si ricorda che la mail da controllare per eventuali comunicazioni di servizio \u00e8 quella che avete indicato in fase di presentazione della domanda e che \u00e8 legata al vostro SPID. Si raccomanda di verificare anche la posta indesiderata o SPAM.<\/p>\n<p>Nella tabella che segue sono riportati i calendari dei colloqui di selezione: per ognuno dei progetti e delle sedi sono indicati data, orario e luogo di svolgimento. Si precisa che\u00a0gli orari indicati nel calendario non sono indicativi ma vanno rispettati con precisione, secondo la scansione allegata.<\/p>\n<p>Si invitano tutti gli aspiranti candidati a visionare periodicamente i calendari delle selezioni e le indicazioni sopra riportate poich\u00e9 potrebbero subire variazioni.<\/p>\n<\/div>\n<\/div>\n<\/div>\n<\/div>\n<\/div>\n<\/section>\n<section class=\"elementor-section elementor-top-section elementor-element elementor-element-e0043d0 elementor-section-boxed elementor-section-height-default elementor-section-height-default jet-parallax-section\" data-id=\"e0043d0\" data-element_type=\"section\" data-settings=\"{&quot;jet_parallax_layout_list&quot;:[{&quot;jet_parallax_layout_image&quot;:{&quot;url&quot;:&quot;&quot;,&quot;id&quot;:&quot;&quot;,&quot;size&quot;:&quot;&quot;},&quot;_id&quot;:&quot;84b910b&quot;,&quot;jet_parallax_layout_image_tablet&quot;:{&quot;url&quot;:&quot;&quot;,&quot;id&quot;:&quot;&quot;,&quot;size&quot;:&quot;&quot;},&quot;jet_parallax_layout_image_mobile&quot;:{&quot;url&quot;:&quot;&quot;,&quot;id&quot;:&quot;&quot;,&quot;size&quot;:&quot;&quot;},&quot;jet_parallax_layout_speed&quot;:{&quot;unit&quot;:&quot;%&quot;,&quot;size&quot;:50,&quot;sizes&quot;:[]},&quot;jet_parallax_layout_type&quot;:&quot;scroll&quot;,&quot;jet_parallax_layout_direction&quot;:null,&quot;jet_parallax_layout_fx_direction&quot;:null,&quot;jet_parallax_layout_z_index&quot;:&quot;&quot;,&quot;jet_parallax_layout_bg_x&quot;:50,&quot;jet_parallax_layout_bg_x_tablet&quot;:&quot;&quot;,&quot;jet_parallax_layout_bg_x_mobile&quot;:&quot;&quot;,&quot;jet_parallax_layout_bg_y&quot;:50,&quot;jet_parallax_layout_bg_y_tablet&quot;:&quot;&quot;,&quot;jet_parallax_layout_bg_y_mobile&quot;:&quot;&quot;,&quot;jet_parallax_layout_bg_size&quot;:&quot;auto&quot;,&quot;jet_parallax_layout_bg_size_tablet&quot;:&quot;&quot;,&quot;jet_parallax_layout_bg_size_mobile&quot;:&quot;&quot;,&quot;jet_parallax_layout_animation_prop&quot;:&quot;transform&quot;,&quot;jet_parallax_layout_on&quot;:[&quot;desktop&quot;,&quot;tablet&quot;]}]}\">\n<div class=\"jet-parallax-section__layout elementor-repeater-item-84b910b jet-parallax-section__scroll-layout\">\n<div class=\"jet-parallax-section__image\"><\/div>\n<\/div>\n<div class=\"elementor-container elementor-column-gap-default\">\n<div class=\"elementor-column elementor-col-100 elementor-top-column elementor-element elementor-element-725c564\" data-id=\"725c564\" data-element_type=\"column\">\n<div class=\"elementor-widget-wrap elementor-element-populated\">\n<div class=\"elementor-element elementor-element-90f8ba0 elementor-widget elementor-widget-heading\" data-id=\"90f8ba0\" data-element_type=\"widget\" data-widget_type=\"heading.default\">\n<div class=\"elementor-widget-container\">\n<h2 class=\"elementor-heading-title elementor-size-default\" style=\"text-align: center;\">Per conoscere il calendario dei colloqui di selezione<\/h2>\n<\/div>\n<\/div>\n<div class=\"elementor-element elementor-element-faec78b elementor-widget elementor-widget-heading\" data-id=\"faec78b\" data-element_type=\"widget\" data-widget_type=\"heading.default\">\n<div class=\"elementor-widget-container\">\n<h2 class=\"elementor-heading-title elementor-size-default\" style=\"text-align: center;\">clicca qui<\/h2>\n<p style=\"text-align: center;\"><a href=\"http:\/\/mediatau.it\/alazis\/wp-content\/uploads\/sites\/15\/2024\/03\/1.-Colloqui_Sei-tu-la-mia-cittaI_Centro-Polivalente-Crescere-a-Danisinni-sede-150366-.pdf\" target=\"_blank\" rel=\"noopener\"><img decoding=\"async\" class=\"aligncenter wp-image-2039\" src=\"http:\/\/mediatau.it\/alazis\/wp-content\/uploads\/sites\/15\/2019\/09\/tasto-scarica.png\" alt=\"\" width=\"322\" height=\"72\" srcset=\"https:\/\/mediatau.it\/alazis\/wp-content\/uploads\/sites\/15\/2019\/09\/tasto-scarica.png 1087w, https:\/\/mediatau.it\/alazis\/wp-content\/uploads\/sites\/15\/2019\/09\/tasto-scarica-300x67.png 300w, https:\/\/mediatau.it\/alazis\/wp-content\/uploads\/sites\/15\/2019\/09\/tasto-scarica-768x172.png 768w, https:\/\/mediatau.it\/alazis\/wp-content\/uploads\/sites\/15\/2019\/09\/tasto-scarica-1024x229.png 1024w, https:\/\/mediatau.it\/alazis\/wp-content\/uploads\/sites\/15\/2019\/09\/tasto-scarica-330x74.png 330w, https:\/\/mediatau.it\/alazis\/wp-content\/uploads\/sites\/15\/2019\/09\/tasto-scarica-400x89.png 400w, https:\/\/mediatau.it\/alazis\/wp-content\/uploads\/sites\/15\/2019\/09\/tasto-scarica-800x179.png 800w\" sizes=\"(max-width: 322px) 100vw, 322px\" \/><\/a><\/p>\n<\/div>\n<\/div>\n<\/div>\n<\/div>\n<\/div>\n<\/section>\n[\/vc_column_text][\/vc_column][\/vc_row][vc_row][vc_column][\/vc_column][\/vc_row]\n<\/div>","protected":false},"excerpt":{"rendered":"<p>[vc_row][vc_column][vc_column_text] Pubblicato il calendario dei colloqui di selezione per il servizio civile con AlAzis [\/vc_column_text][\/vc_column][\/vc_row][vc_row][vc_column][vc_single_image image=&#8221;2709&#8243; img_size=&#8221;medium&#8221;][\/vc_column][\/vc_row][vc_row][vc_column][vc_column_text] In questa sezione \u00e8 possibile consultare le\u00a0indicazioni operative e i calendari dei colloqui di selezione\u00a0relativi ai progetti contenuti nel\u00a0Bando per la selezione di 52.336 operatori volontari da impiegare in progetti afferenti a programmi di intervento di Servizio civile<\/p>\n","protected":false},"author":3,"featured_media":0,"parent":0,"menu_order":0,"comment_status":"closed","ping_status":"closed","template":"","meta":{"footnotes":""},"class_list":["post-2707","page","type-page","status-publish","hentry"],"_links":{"self":[{"href":"https:\/\/mediatau.it\/alazis\/wp-json\/wp\/v2\/pages\/2707","targetHints":{"allow":["GET"]}}],"collection":[{"href":"https:\/\/mediatau.it\/alazis\/wp-json\/wp\/v2\/pages"}],"about":[{"href":"https:\/\/mediatau.it\/alazis\/wp-json\/wp\/v2\/types\/page"}],"author":[{"embeddable":true,"href":"https:\/\/mediatau.it\/alazis\/wp-json\/wp\/v2\/users\/3"}],"replies":[{"embeddable":true,"href":"https:\/\/mediatau.it\/alazis\/wp-json\/wp\/v2\/comments?post=2707"}],"version-history":[{"count":12,"href":"https:\/\/mediatau.it\/alazis\/wp-json\/wp\/v2\/pages\/2707\/revisions"}],"predecessor-version":[{"id":2723,"href":"https:\/\/mediatau.it\/alazis\/wp-json\/wp\/v2\/pages\/2707\/revisions\/2723"}],"wp:attachment":[{"href":"https:\/\/mediatau.it\/alazis\/wp-json\/wp\/v2\/media?parent=2707"}],"curies":[{"name":"wp","href":"https:\/\/api.w.org\/{rel}","templated":true}]}}