{"id":55,"date":"2013-06-03T12:12:01","date_gmt":"2013-06-03T10:12:01","guid":{"rendered":"http:\/\/mediatau.it\/alazis\/?page_id=55"},"modified":"2020-08-31T12:34:08","modified_gmt":"2020-08-31T10:34:08","slug":"assemblea","status":"publish","type":"page","link":"https:\/\/mediatau.it\/alazis\/chi-siamo-2\/organi-sociali\/assemblea\/","title":{"rendered":"Assemblea del Soci"},"content":{"rendered":"<p>&nbsp;<\/p>\n<p style=\"text-align: justify;\">L&#8217;assemblea ordinaria \u00e8 l&#8217;organo democratico della cooperativa cui spetta il compito ed il potere di determinare, dirigere e controllare tutte le attivit\u00e0 della societ\u00e0 per il conseguimento delle finalit\u00e0 sociali.<\/p>\n<p style=\"text-align: justify;\">Deve essere convocata almeno una volta all&#8217;anno, entro i centoventi giorni successivi alla chiusura dell&#8217;esercizio sociale.<\/p>\n<p style=\"text-align: justify;\">Essa \u00e8 convocata, inoltre, ogniqualvolta lo ritenga opportuno o necessario il Consiglio di Amministrazione o quando ne facciano richiesta scritta, con l&#8217;indicazione degli argomenti da trattare, almeno 1\/5 dei soci aventi diritto al voto od il Collegio dei Sindaci.<\/p>\n<p style=\"text-align: justify;\">In questi ultimi casi la convocazione deve aver luogo entro trenta giorni dalla data di ricezione della richiesta.<\/p>\n<p style=\"text-align: justify;\">L&#8217;assemblea ordinaria:<\/p>\n<p style=\"text-align: justify;\">1) approva i bilanci d\u2019esercizio della cooperativa con il relativo conto economico e la relazione degli amministratori;<\/p>\n<p style=\"text-align: justify;\">2) determina il numero e nomina i componenti del Consiglio di Amministrazione, il Presidente e il Vice-Presidente;<\/p>\n<p style=\"text-align: justify;\">3) nomina i componenti il Collegio dei Sindaci e dei Probiviri e i loro Presidenti;<\/p>\n<p style=\"text-align: justify;\">4) determina le misure degli eventuali compensi o gettoni di presenza da corrispondere ai componenti il Consiglio di Amministrazione, al suo Presidente, ai componenti il Collegio dei Probiviri e la retribuzione annuale dei Sindaci;<\/p>\n<p style=\"text-align: justify;\">5) delibera sulla esclusione dei soci;<\/p>\n<p style=\"text-align: justify;\">6) delibera sulla responsabilit\u00e0 degli amministratori e dei sindaci;<\/p>\n<p style=\"text-align: justify;\">7) approva i regolamenti interni alla cooperativa;<\/p>\n<p style=\"text-align: justify;\">8) delibera sugli altri argomenti comunque attinenti alle finalit\u00e0 della cooperativa, rimessi alla sua competenza dalla legge, dal presente statuto, dai regolamenti interni o sottoposti al suo esame dal Consiglio di Amministrazione o da coloro che ne hanno chiesta la convocazione;<\/p>\n<ul style=\"text-align: justify;\">\n<li>adotta le procedure di programmazione pluriennali finalizzate allo sviluppo o all&#8217;ammodernamento aziendale di cui all\u2019art. 4 del presente Statuto approvandone annualmente in sede di approvazione del bilancio, gli stati di attuazione, previo parere dell&#8217;assemblea speciale dei possessori di azioni di partecipazione cooperativa;<\/li>\n<li>approva i programmi pluriennali ed annuali dell\u2019attivit\u00e0 sociale con il relativi bilanci di previsione.<\/li>\n<\/ul>\n<p style=\"text-align: justify;\">L&#8217;assemblea ordinaria \u00e8 validamente costituita, in prima convocazione, quando siano presenti o rappresentati almeno la met\u00e0 dei soci aventi diritto al voto. In seconda convocazione essa \u00e8 validamente costituita qualunque sia il numero dei soci presenti o rappresentati.<\/p>\n<p style=\"text-align: justify;\">Le deliberazioni sono approvate con il voto favorevole della met\u00e0 pi\u00f9 uno dei soci, presenti o rappresentati, tranne per l\u2019esclusione dei soci di cui al punto 5 per cui \u00e8 necessaria una maggioranza pari ai 3\/4 degli aventi diritto di voto.Sia i bilanci che la relazione annuale ed i programmi devono essere inviati ai soci almeno dieci giorni prima della data di convocazione dell\u2019assemblea in cui \u00e8 prevista la loro discussione ed approvazione.<\/p>\n<h4><\/h4>\n","protected":false},"excerpt":{"rendered":"<p>&nbsp; L&#8217;assemblea ordinaria \u00e8 l&#8217;organo democratico della cooperativa cui spetta il compito ed il potere di determinare, dirigere e controllare tutte le attivit\u00e0 della societ\u00e0 per il conseguimento delle finalit\u00e0 sociali. Deve essere convocata almeno una volta all&#8217;anno, entro i centoventi giorni successivi alla chiusura dell&#8217;esercizio sociale. Essa \u00e8 convocata, inoltre, ogniqualvolta lo ritenga opportuno<\/p>\n","protected":false},"author":1,"featured_media":0,"parent":51,"menu_order":0,"comment_status":"closed","ping_status":"open","template":"","meta":{"footnotes":""},"class_list":["post-55","page","type-page","status-publish","hentry"],"_links":{"self":[{"href":"https:\/\/mediatau.it\/alazis\/wp-json\/wp\/v2\/pages\/55","targetHints":{"allow":["GET"]}}],"collection":[{"href":"https:\/\/mediatau.it\/alazis\/wp-json\/wp\/v2\/pages"}],"about":[{"href":"https:\/\/mediatau.it\/alazis\/wp-json\/wp\/v2\/types\/page"}],"author":[{"embeddable":true,"href":"https:\/\/mediatau.it\/alazis\/wp-json\/wp\/v2\/users\/1"}],"replies":[{"embeddable":true,"href":"https:\/\/mediatau.it\/alazis\/wp-json\/wp\/v2\/comments?post=55"}],"version-history":[{"count":7,"href":"https:\/\/mediatau.it\/alazis\/wp-json\/wp\/v2\/pages\/55\/revisions"}],"predecessor-version":[{"id":2286,"href":"https:\/\/mediatau.it\/alazis\/wp-json\/wp\/v2\/pages\/55\/revisions\/2286"}],"up":[{"embeddable":true,"href":"https:\/\/mediatau.it\/alazis\/wp-json\/wp\/v2\/pages\/51"}],"wp:attachment":[{"href":"https:\/\/mediatau.it\/alazis\/wp-json\/wp\/v2\/media?parent=55"}],"curies":[{"name":"wp","href":"https:\/\/api.w.org\/{rel}","templated":true}]}}