{"id":138,"date":"2013-05-16T18:31:45","date_gmt":"2013-05-16T16:31:45","guid":{"rendered":"http:\/\/mediatau.it\/centrotau\/?page_id=138"},"modified":"2019-07-12T12:55:08","modified_gmt":"2019-07-12T10:55:08","slug":"il-quartiere-zisa","status":"publish","type":"page","link":"https:\/\/mediatau.it\/centrotau\/il-quartiere-zisa\/","title":{"rendered":"Il quartiere Zisa"},"content":{"rendered":"[mk_page_section full_width=&#8221;true&#8221; padding_top=&#8221;0&#8243; padding_bottom=&#8221;0&#8243; el_class=&#8221;nopaddingheader&#8221; sidebar=&#8221;sidebar-1&#8243;][vc_column][mk_image src=&#8221;http:\/\/mediatau.it\/centrotau\/wp-content\/uploads\/sites\/2\/2013\/05\/quartierezisa.jpg&#8221; image_size=&#8221;full&#8221; align=&#8221;center&#8221; margin_bottom=&#8221;0&#8243;][\/vc_column][\/mk_page_section][mk_page_section][vc_column][mk_fancy_title color=&#8221;#f97352&#8243; size=&#8221;35&#8243; font_weight=&#8221;300&#8243; margin_top=&#8221;10&#8243; margin_bottom=&#8221;0&#8243; font_family=&#8221;none&#8221;]IL QUARTIERE ZISA[\/mk_fancy_title][\/vc_column][vc_column width=&#8221;1\/2&#8243;][vc_column_text]\n<p style=\"text-align: justify;\">Il Centro Tau si trova nel quartiere Zisa di Palermo che prende il nome dall\u2019omonimo Castello al suo interno. La Zisa fu fondata da Guglielmo I detto il \u2018Malo\u2019 e completato dal figlio Guglielmo II detto il \u2018Buono\u2019 nel 1175. In origine faceva parte dell\u2019antico parco normanno, denominato il Genoard (o Paradiso in Terra). L\u2019intera area era luogo di villeggiatura e di caccia dei sovrani, infatti, in origine, il parco si estendeva subito fuori la cinta muraria; era costituito da piccoli nuclei di case, intorno ai mulini per grano e sale costruiti lungo il corso del torrente Gabriele, l\u2019area era abbastanza popolata, tanto che al suo interno vi abitavano pi\u00f9 di mille persone e diventa presto un popoloso quartiere inglobato dalla citt\u00e0.<br \/>\nIl territorio \u00e8 denso di contraddizioni, dal punto di vista urbanistico, ad esempio, esso comprende sia palazzine risalenti all\u2019 inizio del secolo che interventi di edilizia popolare, spesso espressione di una povert\u00e0 e di una emarginazione sociale consistente. In una depressione del terreno si trova l\u2019 area dei Danisinni, una delle pi\u00f9 degradate di Palermo.<br \/>\nGeograficamente l\u2019area \u00e8 isolata dal resto della citt\u00e0: l\u2019unica via d\u2019 accesso \u00e8 una scala ricavata tra le abitazioni, mentre dalla piazza si diparte una stretta via che la congiunge alla citt\u00e0 dal lato opposto.<br \/>\nFatta eccezione per la conca Danisinni, la zona Zisa-Ingastone non \u00e8 particolarmente disagiata: i mercati rionali consentono comunque un certo benessere e la vicinanza col centro permette di attingere eventuali risorse non presenti sul territorio.<\/p>\n[\/vc_column_text][\/vc_column][vc_column width=&#8221;1\/2&#8243;][vc_column_text]\n<p style=\"text-align: justify;\">Dal punto di vista sociale, la popolazione \u00e8 afflitta dalla precariet\u00e0 del lavoro e dalla disoccupazione. Il tasso di evasione scolastica \u00e8 molto alto, il lavoro e la delinquenza minorile sono diffusi.<br \/>\nSul territorio, gi\u00e0 da diversi anni \u00e8 attiva una \u201crete territoriale\u201d che coinvolge oltre sessanta organizzazioni istituzionali e del privato sociale, con l\u2019obiettivo di \u201cpromuovere\u201d interventi educativi nei \u201cluoghi di aggregazione\u201d formali ed informali e nei \u201cluoghi di vita\u201d dei bambini, dei giovani e delle famiglie. Il Centro Tau fondato nei 1998 e gestito dall\u2019Associazione \u201cInventare Insieme (onlus)\u201d \u00e8 lo strumento attraverso Il quale si sono sviluppate iniziative e progettualit\u00e0 innovative per i giovani del quartiere.<br \/>\nNel giugno 2015 il palazzo della Zisa \u00e8 entrato a far parte del percorso arabo-normanno di Palermo divenuto patrimonio dell\u2019umanit\u00e0 Unesco, un\u2019occasione di sviluppo territoriale che promuover\u00e0 anche il territorio della Zisa aprendolo al turismo internazionale. Il Centro Tau intende sviluppare progetti per favorire lo sviluppo del quartiere valorizzandone storia e cultura anche per creare nuovi posti di lavoro per i giovani.<\/p>\n[\/vc_column_text][\/vc_column][\/mk_page_section]\n","protected":false},"excerpt":{"rendered":"<p>[mk_page_section full_width=&#8221;true&#8221; padding_top=&#8221;0&#8243; padding_bottom=&#8221;0&#8243; el_class=&#8221;nopaddingheader&#8221; sidebar=&#8221;sidebar-1&#8243;][vc_column][mk_image src=&#8221;http:\/\/mediatau.it\/centrotau\/wp-content\/uploads\/sites\/2\/2013\/05\/quartierezisa.jpg&#8221; image_size=&#8221;full&#8221; align=&#8221;center&#8221; margin_bottom=&#8221;0&#8243;][\/vc_column][\/mk_page_section][mk_page_section][vc_column][mk_fancy_title color=&#8221;#f97352&#8243; size=&#8221;35&#8243; font_weight=&#8221;300&#8243; margin_top=&#8221;10&#8243; margin_bottom=&#8221;0&#8243; font_family=&#8221;none&#8221;]IL QUARTIERE ZISA[\/mk_fancy_title][\/vc_column][vc_column width=&#8221;1\/2&#8243;][vc_column_text] Il Centro Tau si trova nel quartiere Zisa di Palermo che prende il nome dall\u2019omonimo Castello al suo interno. La Zisa fu fondata da Guglielmo I detto il \u2018Malo\u2019 e completato dal figlio Guglielmo II detto [&hellip;]<\/p>\n","protected":false},"author":2,"featured_media":0,"parent":0,"menu_order":0,"comment_status":"open","ping_status":"open","template":"","meta":{"footnotes":""},"class_list":["post-138","page","type-page","status-publish","hentry"],"_links":{"self":[{"href":"https:\/\/mediatau.it\/centrotau\/wp-json\/wp\/v2\/pages\/138","targetHints":{"allow":["GET"]}}],"collection":[{"href":"https:\/\/mediatau.it\/centrotau\/wp-json\/wp\/v2\/pages"}],"about":[{"href":"https:\/\/mediatau.it\/centrotau\/wp-json\/wp\/v2\/types\/page"}],"author":[{"embeddable":true,"href":"https:\/\/mediatau.it\/centrotau\/wp-json\/wp\/v2\/users\/2"}],"replies":[{"embeddable":true,"href":"https:\/\/mediatau.it\/centrotau\/wp-json\/wp\/v2\/comments?post=138"}],"version-history":[{"count":38,"href":"https:\/\/mediatau.it\/centrotau\/wp-json\/wp\/v2\/pages\/138\/revisions"}],"predecessor-version":[{"id":6085,"href":"https:\/\/mediatau.it\/centrotau\/wp-json\/wp\/v2\/pages\/138\/revisions\/6085"}],"wp:attachment":[{"href":"https:\/\/mediatau.it\/centrotau\/wp-json\/wp\/v2\/media?parent=138"}],"curies":[{"name":"wp","href":"https:\/\/api.w.org\/{rel}","templated":true}]}}