{"id":140,"date":"2013-05-16T18:33:23","date_gmt":"2013-05-16T16:33:23","guid":{"rendered":"http:\/\/mediatau.it\/centrotau\/?page_id=140"},"modified":"2016-02-04T16:45:57","modified_gmt":"2016-02-04T15:45:57","slug":"inventare-insieme","status":"publish","type":"page","link":"https:\/\/mediatau.it\/centrotau\/inventare-insieme\/","title":{"rendered":"Inventare Insieme"},"content":{"rendered":"[mk_page_section full_width=&#8221;true&#8221; padding_top=&#8221;0&#8243; padding_bottom=&#8221;0&#8243; el_class=&#8221;nopaddingheader&#8221; sidebar=&#8221;sidebar-1&#8243;][vc_column][mk_image src=&#8221;http:\/\/mediatau.it\/centrotau\/wp-content\/uploads\/sites\/2\/2013\/05\/INVENTARE-INSIEME.jpg&#8221; image_size=&#8221;full&#8221; align=&#8221;center&#8221; margin_bottom=&#8221;0&#8243;][\/vc_column][\/mk_page_section][mk_page_section][vc_column][mk_fancy_title color=&#8221;#f97352&#8243; size=&#8221;35&#8243; font_weight=&#8221;300&#8243; margin_top=&#8221;10&#8243; margin_bottom=&#8221;0&#8243; font_family=&#8221;none&#8221;]INVENTARE INSIEME[\/mk_fancy_title][\/vc_column][vc_column width=&#8221;1\/2&#8243;][vc_column_text]\n<p class=\"p1\"><span class=\"s1\">L\u2019associazione Inventare Insieme (onlus) \u00e8 stata fondata nel dicembre del 1990 dai volontari del Centro TAU, come naturale evoluzione di un percorso di formazione e di sviluppo delle iniziative promosse nei primi due anni di attivit\u00e0.<\/span><\/p>\n<p class=\"p1\"><span class=\"s1\">Obiettivo dell\u2019Associazione \u00e8 quello di promuovere processi di sviluppo della persona e della comunit\u00e0 locale attraverso progettualit\u00e0, iniziative e servizi caratterizzati dall\u2019accoglienza, dalla cond\u00ecvisione e dalla responsabilizzazione personale e sociale al bene comune ed alla partecipazione.\u00a0Nel corso degli anni l\u2019associazione ha promosso e gestito numerose progettualit\u00e0 sociali innovative in ambito locale, regionale e nazionale.<\/span><\/p>\n[\/vc_column_text][\/vc_column][vc_column width=&#8221;1\/2&#8243;][vc_column_text]\n<p class=\"p1\"><span class=\"s1\">\u00a0Attualmente essa gestisce il Centro TAU ed il Centro di Iniziativa \u201cSOLE Giovani\u201d, finalizzato a promuovere ed accompagnare processi di inclusione sociale e lavorativa per giovani che sono sottoposti a procedimento giudiziario minorile.<\/span><\/p>\n<p class=\"p1\"><span class=\"s1\">L\u2019Associazione ha avviato un processo di sviluppo della comunit\u00e0 territoriale attraverso una metodologia autoprogettuale caratterizzata dall\u2019animazione, dall\u2019impegno sociale per il cambiamento, dalla formazione, dalla stimolazione delle istituzioni, dal potenziamento dei servizi, dalla prevenzione e ricerca di nuove opportunit\u00e0 di lavoro. L\u2019associazione inoltre aderisce al CNCA (Coordinamento Nazionale delle Comunit\u00e0 di Accoglienza)<\/span><\/p>\n[\/vc_column_text][\/vc_column][\/mk_page_section][mk_page_section][vc_column][mk_button dimension=&#8221;flat&#8221; size=&#8221;large&#8221; url=&#8221;http:\/\/www.mediatau.it\/inventareinsieme&#8221; target=&#8221;_blank&#8221; bg_color=&#8221;#9e9e9e&#8221;]VAI AL SITO INVENTARE INSIEME[\/mk_button][\/vc_column][\/mk_page_section]\n","protected":false},"excerpt":{"rendered":"<p>[mk_page_section full_width=&#8221;true&#8221; padding_top=&#8221;0&#8243; padding_bottom=&#8221;0&#8243; el_class=&#8221;nopaddingheader&#8221; sidebar=&#8221;sidebar-1&#8243;][vc_column][mk_image src=&#8221;http:\/\/mediatau.it\/centrotau\/wp-content\/uploads\/sites\/2\/2013\/05\/INVENTARE-INSIEME.jpg&#8221; image_size=&#8221;full&#8221; align=&#8221;center&#8221; margin_bottom=&#8221;0&#8243;][\/vc_column][\/mk_page_section][mk_page_section][vc_column][mk_fancy_title color=&#8221;#f97352&#8243; size=&#8221;35&#8243; font_weight=&#8221;300&#8243; margin_top=&#8221;10&#8243; margin_bottom=&#8221;0&#8243; font_family=&#8221;none&#8221;]INVENTARE INSIEME[\/mk_fancy_title][\/vc_column][vc_column width=&#8221;1\/2&#8243;][vc_column_text] L\u2019associazione Inventare Insieme (onlus) \u00e8 stata fondata nel dicembre del 1990 dai volontari del Centro TAU, come naturale evoluzione di un percorso di formazione e di sviluppo delle iniziative promosse nei primi due anni di attivit\u00e0. Obiettivo [&hellip;]<\/p>\n","protected":false},"author":2,"featured_media":0,"parent":0,"menu_order":0,"comment_status":"open","ping_status":"open","template":"","meta":{"footnotes":""},"class_list":["post-140","page","type-page","status-publish","hentry"],"_links":{"self":[{"href":"https:\/\/mediatau.it\/centrotau\/wp-json\/wp\/v2\/pages\/140","targetHints":{"allow":["GET"]}}],"collection":[{"href":"https:\/\/mediatau.it\/centrotau\/wp-json\/wp\/v2\/pages"}],"about":[{"href":"https:\/\/mediatau.it\/centrotau\/wp-json\/wp\/v2\/types\/page"}],"author":[{"embeddable":true,"href":"https:\/\/mediatau.it\/centrotau\/wp-json\/wp\/v2\/users\/2"}],"replies":[{"embeddable":true,"href":"https:\/\/mediatau.it\/centrotau\/wp-json\/wp\/v2\/comments?post=140"}],"version-history":[{"count":18,"href":"https:\/\/mediatau.it\/centrotau\/wp-json\/wp\/v2\/pages\/140\/revisions"}],"predecessor-version":[{"id":4047,"href":"https:\/\/mediatau.it\/centrotau\/wp-json\/wp\/v2\/pages\/140\/revisions\/4047"}],"wp:attachment":[{"href":"https:\/\/mediatau.it\/centrotau\/wp-json\/wp\/v2\/media?parent=140"}],"curies":[{"name":"wp","href":"https:\/\/api.w.org\/{rel}","templated":true}]}}