{"id":1831,"date":"2014-11-21T16:41:12","date_gmt":"2014-11-21T15:41:12","guid":{"rendered":"http:\/\/mediatau.it\/centrotau\/?page_id=1831"},"modified":"2018-12-12T19:06:45","modified_gmt":"2018-12-12T18:06:45","slug":"dicono-di-noi","status":"publish","type":"page","link":"https:\/\/mediatau.it\/centrotau\/dicono-di-noi\/","title":{"rendered":"\u201cIPSE DIXIT\u201d"},"content":{"rendered":"<div class=\"wpb-content-wrapper\">[mk_page_section sidebar=&#8221;sidebar-1&#8243;][vc_column][mk_fancy_title color=&#8221;#f97352&#8243; size=&#8221;35&#8243; font_weight=&#8221;300&#8243; margin_top=&#8221;10&#8243; margin_bottom=&#8221;0&#8243; font_family=&#8221;none&#8221;]\u201cIPSE DIXIT\u201d[\/mk_fancy_title][\/vc_column][\/mk_page_section][vc_row][vc_column width=&#8221;1\/4&#8243;][mk_flipbox image=&#8221;http:\/\/mediatau.it\/centrotau\/wp-content\/uploads\/sites\/2\/2014\/11\/marco-rossi-doria.jpg&#8221; front_title=&#8221;Marco Rossi Doria, \u201cmaestro di strada\u201d napoletano e sottosegretario all\u2019istruzione nei governi Monti e Letta&#8221; back_title=&#8221;Il Centro Tau \u00e8 un centro di dimensione europeo, un centro avanzato, ha alzato la barra, ha proposto a tutti noi nel Sud, non solo a Palermo, un modo di concepire un centro in un quartiere difficile&#8230;&#8221; button_url=&#8221;http:\/\/mediatau.it\/centrotau\/marco-rossi-doria\/&#8221; button_text=&#8221;Marco Rossi Doria&#8221;][\/vc_column][vc_column width=&#8221;1\/4&#8243;][mk_flipbox image=&#8221;http:\/\/mediatau.it\/centrotau\/wp-content\/uploads\/sites\/2\/2014\/11\/Leoluca-Orlando-1.png&#8221; front_title=&#8221;Leoluca Orlando, Sindaco di Palermo&#8221; back_title=&#8221;Il Centro Tau \u00e8 un centro che opera da 28 anni, che opera in Via Cipressi, opera nel cuore della citt\u00e0 di Palermo&#8230;&#8221; button_url=&#8221;http:\/\/mediatau.it\/centrotau\/leoluca-orlando\/&#8221; button_text=&#8221;LEOLUCA ORLANDO&#8221;][\/vc_column][vc_column width=&#8221;1\/4&#8243;][mk_flipbox image=&#8221;http:\/\/mediatau.it\/centrotau\/wp-content\/uploads\/sites\/2\/2014\/11\/Chantal-Bernier-1.png&#8221; front_title=&#8221;Chantal Bernier, Presidente dell\u2019International Center for the Prevenction Crime (ICPC)&#8221; back_title=&#8221;A tutti i giovani e meno giovani di Tau, torno a casa ispirata dal vostro coraggio, dalla vostra dedizione e dalla vostra bellezza. Grazie di avermi accolta nella vostra \u201ccasa\u201d.&#8221; button_url=&#8221;http:\/\/mediatau.it\/centrotau\/chantal-bernier\/&#8221; button_text=&#8221;Chantal Bernier&#8221;][\/vc_column][vc_column width=&#8221;1\/4&#8243;][mk_flipbox image=&#8221;http:\/\/mediatau.it\/centrotau\/wp-content\/uploads\/sites\/2\/2014\/11\/Juma-Assiago.png&#8221; front_title=&#8221;Juma Assago, UN-HABITAT \u2013 Safer Cities Programme \u2013 Urban Safety Expert&#8221; back_title=&#8221;Un\u2019iniziativa straordinaria! Questo \u00e8 il cuore della prevenzione (sociale) su cui la citt\u00e0 dovrebbe investire! Tenete duro!&#8221; button_url=&#8221;http:\/\/mediatau.it\/centrotau\/juma-assago\/&#8221; button_text=&#8221;Juma Assago&#8221;][\/vc_column][\/vc_row][vc_row][vc_column width=&#8221;1\/4&#8243;][mk_flipbox image=&#8221;http:\/\/mediatau.it\/centrotau\/wp-content\/uploads\/sites\/2\/2014\/11\/Elizabeth-Johnston.png&#8221; front_title=&#8221;Elisabeth Jonston, Presidente European Forum for Urban Security (Efus)&#8221; back_title=&#8221;Grazie per il vostro caloroso benvenuto, e soprattutto per aver condiviso con noi il meraviglioso lavoro che state svolgendo per la giovent\u00f9 del quartiere e con tutti gli altri. Complimenti, a presto!&#8221; button_url=&#8221;http:\/\/mediatau.it\/centrotau\/elisabeth-jonston\/&#8221; button_text=&#8221;Elisabeth Jonston&#8221;][\/vc_column][vc_column width=&#8221;1\/4&#8243;][mk_flipbox icon_type=&#8221;icon&#8221; icon_size=&#8221;128&#8243; front_title=&#8221;Kassa Bourne, Direttore amministrativo dell\u2019International Center for the Prevenction Crime (ICPC)&#8221; back_title=&#8221;Caro Francesco e Centro Tau (e cari ragazzi), \u00e8 stato un vero piacere conoscere tutti voi e vedere il meraviglioso lavoro che state facendo. Tutti noi vogliamo vivere a Palermo e lavorare per voi! Grazie per tutto il vostro aiuto\u2026&#8221; button_url=&#8221;http:\/\/mediatau.it\/centrotau\/kassa-bourne\/&#8221; button_text=&#8221;Kassa Bourne&#8221;][\/vc_column][vc_column width=&#8221;1\/4&#8243;][mk_flipbox image=&#8221;http:\/\/mediatau.it\/centrotau\/wp-content\/uploads\/sites\/2\/2014\/11\/Roxane-Perron-Martel-1.png&#8221; front_title=&#8221;Roxane Martel-Perron, Analista e Progettista di International Centre for the Prevention of Crime (ICPC)&#8221; back_title=&#8221;Wow! Che centro meraviglioso! Voi siete esattamente il genere d\u2019iniziativa che mi fa credere nella prevenzione e nell\u2019impegno sociale! Complimenti da parte di ICPC e del Canada!&#8221; button_url=&#8221;http:\/\/mediatau.it\/centrotau\/roxane-martel-perron\/&#8221; button_text=&#8221;Roxane Martel-Perron&#8221;][\/vc_column][vc_column width=&#8221;1\/4&#8243;][mk_flipbox icon_type=&#8221;icon&#8221; icon_size=&#8221;128&#8243; front_title=&#8221;Lina Nillson e Gustafsson Charlotta, Consiglio di prevenzione del Crimine \u2013 Svezia&#8221; back_title=&#8221;Grazie mille per averci permesso di visitarvi e per l\u2019ispirazione e la musica. Love&#8221; button_url=&#8221;http:\/\/mediatau.it\/centrotau\/lina-nillson-e-gustafsson-charlotta\/&#8221; button_text=&#8221;Lina Nillson e Gustafsson Charlotta&#8221;][\/vc_column][\/vc_row][vc_row][vc_column width=&#8221;1\/4&#8243;][mk_flipbox icon_type=&#8221;icon&#8221; icon_size=&#8221;128&#8243; front_title=&#8221;Giampiero Losapio, Direttore Consorzio NOVA&#8221; back_title=&#8221;Siete semplicemente \u201cveri\u201d ed \u00e8 qualcosa di raro da incontrare. Qualunque strada decidete di percorrere ricordatevi della vostra bellezza: \u201cVERI\u201d!&#8221; button_url=&#8221;http:\/\/mediatau.it\/centrotau\/giampiero-losapio\/&#8221; button_text=&#8221;Giampiero Losapio&#8221;][\/vc_column][vc_column width=&#8221;1\/4&#8243;][mk_flipbox icon_type=&#8221;icon&#8221; icon_size=&#8221;128&#8243; front_title=&#8221;Fabio Dell\u2019Oglio, Presidente Consorzio NOVA&#8221; back_title=&#8221;Grazie per questo splendido viaggio in un pianeta reale fatta di tanta bella e e coraggiosa normalit\u00e0! Ogni citt\u00e0 dovrebbe avere un Centro Tau!!! Buon viaggio ragazzi! Coraggio.&#8221; button_url=&#8221;http:\/\/mediatau.it\/centrotau\/fabio-delloglio\/&#8221; button_text=&#8221;Fabio Dell\u2019Oglio,&#8221;][\/vc_column][vc_column width=&#8221;1\/4&#8243;][mk_flipbox image=&#8221;http:\/\/mediatau.it\/centrotau\/wp-content\/uploads\/sites\/2\/2014\/11\/Tiziana-Bianchini-1.png&#8221; front_title=&#8221;Tiziana Bianchini, Coop. Lotta Contro l\u2019Emarginazione, Milano&#8221; back_title=&#8221;I ragazzi del Centro Tau sono una \u201cdinamite\u201d di energia e bellezza! Mi avete insegnato e commosso. Stay Human!&#8221; button_url=&#8221;http:\/\/mediatau.it\/centrotau\/4340-2\/&#8221; button_text=&#8221;Tiziana Bianchini&#8221;][\/vc_column][vc_column width=&#8221;1\/4&#8243;][mk_flipbox image=&#8221;http:\/\/mediatau.it\/centrotau\/wp-content\/uploads\/sites\/2\/2014\/11\/vincenzo-castelli-1.png&#8221; front_title=&#8221;Vincenzo Castelli, Presidente Consorzio NOVA&#8221; back_title=&#8221;Davvero mitici ragazzi\u2026 mi fate sognare!&#8221; button_url=&#8221;http:\/\/mediatau.it\/centrotau\/4345-2\/&#8221; button_text=&#8221;Vincenzo Castelli&#8221;][\/vc_column][\/vc_row][vc_row][vc_column width=&#8221;1\/4&#8243;][mk_flipbox image=&#8221;http:\/\/mediatau.it\/centrotau\/wp-content\/uploads\/sites\/2\/2014\/11\/Claude-A.-Sarrazin-1.png&#8221; front_title=&#8221;Claude A. Sarrazin, President and CEO di SIRCO \u2013 Agenzia di sicurezza internazionale&#8221; back_title=&#8221;Tutta l\u2019energia e il buonumore non pu\u00f2 che portare il cambiamento, voi siete eccellenti!&#8221; button_url=&#8221;http:\/\/mediatau.it\/centrotau\/claude-a-sarrazin\/&#8221; button_text=&#8221;Claude A. Sarrazin&#8221;][\/vc_column][vc_column width=&#8221;1\/4&#8243;][mk_flipbox icon_type=&#8221;icon&#8221; icon_size=&#8221;128&#8243; front_title=&#8221;Anamaria Colombia&#8221; back_title=&#8221;Voglio felicitarmi con voi per l\u2019amore e l\u2019impegno. I sogni si avverano per camminare sempre. Con immensa ammirazione.&#8221; button_url=&#8221;http:\/\/mediatau.it\/centrotau\/4352-2\/&#8221; button_text=&#8221;Anamaria Colombia&#8221;][\/vc_column][vc_column width=&#8221;1\/4&#8243;][mk_flipbox image=&#8221;http:\/\/mediatau.it\/centrotau\/wp-content\/uploads\/sites\/2\/2014\/11\/V\u00e9ronique-Ketelaer-1.png&#8221; front_title=&#8221;V\u00e9ronique Ketelaer, Direttore per la \u201cPrevention and Participation\u201d della citt\u00e0 di Brussels&#8221; back_title=&#8221;Complimenti per il vostro entusiasmo e per i vostri progetti! E venite a trovarci a Bruxelles , potremmo scambiare tante buone pratiche ed esperienze.&#8221; button_url=&#8221;http:\/\/mediatau.it\/centrotau\/veronique-ketelaer\/&#8221; button_text=&#8221;V\u00e9ronique Ketelaer&#8221;][\/vc_column][vc_column width=&#8221;1\/4&#8243;][mk_flipbox icon_type=&#8221;icon&#8221; icon_size=&#8221;128&#8243; front_title=&#8221;Mircia Barcellona&#8221; back_title=&#8221;Molte grazie per l\u2019accoglienza! Ringrazio tutta l\u2019equipe del Centro Tau che ci ha aperto le porte della loro casa e ci ha mostrato gli incredibili progetti che sta realizzando. Grazie.&#8221; button_url=&#8221;http:\/\/mediatau.it\/centrotau\/mircia-barcellona\/&#8221; button_text=&#8221;Mircia Barcellona&#8221;][\/vc_column][\/vc_row][vc_row][vc_column width=&#8221;1\/4&#8243;][mk_flipbox icon_type=&#8221;icon&#8221; icon_size=&#8221;128&#8243; front_title=&#8221;Annamaria Cardona, Analista e Progettista di International Centre for the Prevention of Crime (ICPC)&#8221; back_title=&#8221;Carissimi, voglio felicitarmi con voi per la passione e l\u2019amore nel progetto. Come diciamo in America Latina \u201cLa felicit\u00e0 viene da dentro e la forza sta sempre presente\u201d&#8230;&#8221; button_url=&#8221;http:\/\/mediatau.it\/centrotau\/annamaria-cardona\/&#8221; button_text=&#8221;Annamaria Cardona&#8221;][\/vc_column][vc_column width=&#8221;1\/4&#8243;][mk_flipbox image=&#8221;http:\/\/mediatau.it\/centrotau\/wp-content\/uploads\/sites\/2\/2014\/11\/Francesco-Carchedi-1.png&#8221; front_title=&#8221;Francesco Carchedi, Sociologo Parsec Roma&#8221; back_title=&#8221;Il Centro TAU (un nome antico!) \u00e8 un gioiello nel cuore di Palermo antica. Un luogo&#8230;&#8221; button_url=&#8221;http:\/\/mediatau.it\/centrotau\/francesco-carchedi\/&#8221; button_text=&#8221;Francesco Carchedi&#8221;][\/vc_column][vc_column width=&#8221;1\/4&#8243;][mk_flipbox image=&#8221;http:\/\/mediatau.it\/centrotau\/wp-content\/uploads\/sites\/2\/2014\/11\/bongiorno.png&#8221; front_title=&#8221;Nicol\u00f2 Bongiorno, Fondazione Mike Bongiorno&#8221; back_title=&#8221;Il centro tau \u00e8 un posto speciale. Sono molto colpito perch\u00e9 \u00e8 un posto come in Italia ce ne sono davvero pochi.&#8221; button_url=&#8221;http:\/\/mediatau.it\/centrotau\/nicolo-bongiorno\/&#8221; button_text=&#8221;Nicol\u00f2 Bongiorno&#8221;][\/vc_column][vc_column width=&#8221;1\/4&#8243;][mk_flipbox image=&#8221;http:\/\/mediatau.it\/centrotau\/wp-content\/uploads\/sites\/2\/2014\/11\/lupo.png&#8221; front_title=&#8221;On. Giuseppe Lupo, Vice presidente ARS &#8221; back_title=&#8221;Al centro tau si vede che c\u2019\u00e8 dietro tanto lavoro, tanta esperienza maturata negli anni . E\u2019 un esempio&#8230;&#8221; button_url=&#8221;http:\/\/mediatau.it\/centrotau\/giuseppe-lupo\/&#8221; button_text=&#8221;Giuseppe Lupo&#8221;][\/vc_column][\/vc_row][vc_row][vc_column width=&#8221;1\/4&#8243;][mk_flipbox image=&#8221;http:\/\/mediatau.it\/centrotau\/wp-content\/uploads\/sites\/2\/2014\/11\/carlo.png&#8221; front_title=&#8221;Carlo Carzan Ludomastro&#8221; back_title=&#8221;Il futuro non bisogna solo immaginarlo ma crearlo.&#8221;][\/vc_column][vc_column width=&#8221;1\/4&#8243;][mk_flipbox image=&#8221;http:\/\/mediatau.it\/centrotau\/wp-content\/uploads\/sites\/2\/2016\/03\/sergio-staino.png&#8221; front_title=&#8221;Sergio Staino Fumettista, disegnatore e regista italiano.&#8221; back_title=&#8221;Creare dieci, cento, mille Tau!&#8221; back_desc=&#8221;Creare dieci, cento, mille Tau!&#8221; button_url=&#8221;http:\/\/mediatau.it\/centrotau\/sergio-staino\/&#8221; button_text=&#8221;Sergio Staino&#8221;][\/vc_column][vc_column width=&#8221;1\/4&#8243;][mk_flipbox image=&#8221;http:\/\/mediatau.it\/centrotau\/wp-content\/uploads\/sites\/2\/2016\/01\/Foto-Francesco-Di-Giovanni-270&#215;270.jpg&#8221; front_title=&#8221;Francesco Di Giovanni, Coordinatore generale del Centro Tau&#8221; back_desc=&#8221;Ritengo che il nostro compito principale nei confronti dei giovani sia quello di favorire&#8230;&#8221; button_url=&#8221;http:\/\/mediatau.it\/centrotau\/4371-2\/&#8221; button_text=&#8221;Francesco Di Giovanni&#8221;][\/vc_column][vc_column width=&#8221;1\/4&#8243;][mk_flipbox image=&#8221;http:\/\/mediatau.it\/centrotau\/wp-content\/uploads\/sites\/2\/2014\/11\/neri_270x270-e1514374631911.jpg&#8221; front_title=&#8221;Valerio Neri, Direttore Generale di Save the Children Italia&#8221; back_desc=&#8221;Centro Fantastico! Si respira luce e futuro. E per me che credo tanto nella nostra Campagna \u201cIlluminiamo Il Futuro&#8220; \u00e8 stata un\u2019esperienza profonda stare qui, anche se per poco.&#8221; button_text=&#8221;Valerio Neri&#8221;][\/vc_column][\/vc_row][vc_row][vc_column width=&#8221;1\/4&#8243;][mk_flipbox image=&#8221;http:\/\/mediatau.it\/centrotau\/wp-content\/uploads\/sites\/2\/2014\/11\/croce_rossa_italiana_protocollo.jpg&#8221; front_title=&#8221;Angelo Meli&#8221; back_title=&#8221;Il bello \u00e8 l&#8217;esempio quotidiano che possiamo dare alle nuove generazioni, una responsabilit\u00e0 degli adulti&#8221;][\/vc_column][vc_column width=&#8221;1\/4&#8243;][mk_flipbox image=&#8221;http:\/\/mediatau.it\/centrotau\/wp-content\/uploads\/sites\/2\/2014\/11\/croce_rossa_italiana_protocollo.jpg&#8221; front_title=&#8221;Angelo Meli&#8221; back_title=&#8221;Realt\u00e0 come il Centro Tau si prendono davvero carico del futuro dei giovani anche in quartieri difficili&#8221;][\/vc_column][vc_column width=&#8221;1\/4&#8243;][mk_flipbox image=&#8221;http:\/\/mediatau.it\/centrotau\/wp-content\/uploads\/sites\/2\/2014\/11\/admin-ajax.jpg&#8221; front_title=&#8221;Alessio Castiglione&#8221; back_title=&#8221;Al centro tau si investe sulla terra, partendo dalle radici, per costruire foreste, ossigeno, aria pura che possa espandersi per tutto il quartiere della Zisa, arrivare alla citt\u00e0 e anche pi\u00f9 lontano. &#8220;][\/vc_column][vc_column width=&#8221;1\/4&#8243;][mk_flipbox image=&#8221;http:\/\/mediatau.it\/centrotau\/wp-content\/uploads\/sites\/2\/2014\/11\/admin-ajax.jpg&#8221; front_title=&#8221;Alessio Castiglione&#8221; back_title=&#8221;La nostra storia la vogliamo scrivere noi: con i pugni vogliamo impugnare le penne, con la voce cantare canzoni, con i computer creare applicazioni, con i libri imparare a leggere, e dentro un campo imparare a correre per arrivare lontano. Sempre pi\u00f9 lontano, e perch\u00e9 no, raggiungere lo spazio. In fondo finora siamo riusciti a fare cose che sembravano destinate a rimanere sogni.&#8221;][\/vc_column][\/vc_row][vc_row][vc_column width=&#8221;1\/4&#8243;][mk_flipbox image=&#8221;http:\/\/mediatau.it\/centrotau\/wp-content\/uploads\/sites\/2\/2014\/11\/Barbara-Evola-ass.-Comune-Palermo.jpg&#8221; front_title=&#8221;Barbara Evola&#8221; back_title=&#8221;Bisogna uscire dalla logica della cura e dell&#8217;assistenza, la risposta per i ragazzi a rischio \u00e8 la cultura&#8221;][\/vc_column][vc_column width=&#8221;1\/4&#8243;][\/vc_column][vc_column width=&#8221;1\/4&#8243;][\/vc_column][vc_column width=&#8221;1\/4&#8243;][\/vc_column][\/vc_row]\n<\/div>","protected":false},"excerpt":{"rendered":"<p>[mk_page_section sidebar=&#8221;sidebar-1&#8243;][vc_column][mk_fancy_title color=&#8221;#f97352&#8243; size=&#8221;35&#8243; font_weight=&#8221;300&#8243; margin_top=&#8221;10&#8243; margin_bottom=&#8221;0&#8243; font_family=&#8221;none&#8221;]\u201cIPSE DIXIT\u201d[\/mk_fancy_title][\/vc_column][\/mk_page_section][vc_row][vc_column width=&#8221;1\/4&#8243;][mk_flipbox image=&#8221;http:\/\/mediatau.it\/centrotau\/wp-content\/uploads\/sites\/2\/2014\/11\/marco-rossi-doria.jpg&#8221; front_title=&#8221;Marco Rossi Doria, \u201cmaestro di strada\u201d napoletano e sottosegretario all\u2019istruzione nei governi Monti e Letta&#8221; back_title=&#8221;Il Centro Tau \u00e8 un centro di dimensione europeo, un centro avanzato, ha alzato la barra, ha proposto a tutti noi nel Sud, non solo a Palermo, un modo [&hellip;]<\/p>\n","protected":false},"author":3,"featured_media":0,"parent":0,"menu_order":0,"comment_status":"open","ping_status":"open","template":"","meta":{"footnotes":""},"class_list":["post-1831","page","type-page","status-publish","hentry"],"_links":{"self":[{"href":"https:\/\/mediatau.it\/centrotau\/wp-json\/wp\/v2\/pages\/1831","targetHints":{"allow":["GET"]}}],"collection":[{"href":"https:\/\/mediatau.it\/centrotau\/wp-json\/wp\/v2\/pages"}],"about":[{"href":"https:\/\/mediatau.it\/centrotau\/wp-json\/wp\/v2\/types\/page"}],"author":[{"embeddable":true,"href":"https:\/\/mediatau.it\/centrotau\/wp-json\/wp\/v2\/users\/3"}],"replies":[{"embeddable":true,"href":"https:\/\/mediatau.it\/centrotau\/wp-json\/wp\/v2\/comments?post=1831"}],"version-history":[{"count":72,"href":"https:\/\/mediatau.it\/centrotau\/wp-json\/wp\/v2\/pages\/1831\/revisions"}],"predecessor-version":[{"id":5844,"href":"https:\/\/mediatau.it\/centrotau\/wp-json\/wp\/v2\/pages\/1831\/revisions\/5844"}],"wp:attachment":[{"href":"https:\/\/mediatau.it\/centrotau\/wp-json\/wp\/v2\/media?parent=1831"}],"curies":[{"name":"wp","href":"https:\/\/api.w.org\/{rel}","templated":true}]}}