{"id":2,"date":"2013-05-14T08:22:17","date_gmt":"2013-05-14T08:22:17","guid":{"rendered":"http:\/\/mediatau.it\/centrotau\/?page_id=2"},"modified":"2020-07-09T10:06:21","modified_gmt":"2020-07-09T08:06:21","slug":"officina-di-comunita","status":"publish","type":"page","link":"https:\/\/mediatau.it\/centrotau\/officina-di-comunita\/","title":{"rendered":"Officina di Comunit\u00e0"},"content":{"rendered":"[mk_page_section full_width=&#8221;true&#8221; padding_top=&#8221;0&#8243; padding_bottom=&#8221;0&#8243; el_class=&#8221;nopaddingheader&#8221; sidebar=&#8221;sidebar-1&#8243;][vc_column][mk_image src=&#8221;http:\/\/mediatau.it\/centrotau\/wp-content\/uploads\/sites\/2\/2019\/07\/comunit\u00e0.png&#8221; image_size=&#8221;full&#8221; align=&#8221;center&#8221; margin_bottom=&#8221;0&#8243;][\/vc_column][\/mk_page_section][mk_page_section][vc_column][mk_fancy_title color=&#8221;#f97352&#8243; size=&#8221;35&#8243; font_weight=&#8221;300&#8243; margin_top=&#8221;10&#8243; margin_bottom=&#8221;0&#8243; font_family=&#8221;none&#8221;]OFFICINA DI COMUNIT\u00c0[\/mk_fancy_title][\/vc_column][vc_column width=&#8221;1\/2&#8243;][vc_column_text]Il Centro TAU \u00e8 Comunit\u00e0. \u00c8 incontro e confronto tra persone con storie e vissuti diversi. Un buon orientamento scolastico, professionale e lavorativo sostiene la persona nell\u2019apprendimento di tutte quelle competenze che consentono un\u2019occasione vera d\u2019inclusione sociale.<br \/>\n\u00c8 un punto di riferimento per le famiglie, un luogo in cui trovare supporto alle esigenze quotidiane ma anche uno spazio aperto alla discussione e al confronto.[\/vc_column_text][\/vc_column][vc_column width=&#8221;1\/2&#8243;][vc_column_text]Nell\u2019Officina di Comunit\u00e0 si organizzano percorsi di: orientamento scolastico , formazione professionale e accompagnamento lavorativo avvalendosi di una collaborazione sinergica con le agenzie educative del territorio. Si organizzano attivit\u00e0 con le famiglie: visite guidate, incontri tematici, percorsi di scolarizzazione per gli adulti e laboratori espressivi.[\/vc_column_text][\/vc_column][\/mk_page_section][mk_page_section][vc_column][mk_fancy_title color=&#8221;#f97352&#8243; size=&#8221;35&#8243; font_weight=&#8221;300&#8243; margin_top=&#8221;10&#8243; margin_bottom=&#8221;0&#8243; font_family=&#8221;none&#8221;]GRUPPO DI LAVORO[\/mk_fancy_title][mk_employees style=&#8221;boxed&#8221; employees=&#8221;3667,3661&#8243; description=&#8221;false&#8221;][\/vc_column][\/mk_page_section][mk_page_section][vc_column][mk_fancy_title color=&#8221;#f97352&#8243; size=&#8221;35&#8243; font_weight=&#8221;300&#8243; margin_top=&#8221;10&#8243; margin_bottom=&#8221;0&#8243; font_family=&#8221;none&#8221;]GALLERY[\/mk_fancy_title][mk_gallery images=&#8221;4104,4103,4112,4107&#8243; column=&#8221;6&#8243; height=&#8221;300&#8243;][\/vc_column][\/mk_page_section]\n","protected":false},"excerpt":{"rendered":"<p>[mk_page_section full_width=&#8221;true&#8221; padding_top=&#8221;0&#8243; padding_bottom=&#8221;0&#8243; el_class=&#8221;nopaddingheader&#8221; sidebar=&#8221;sidebar-1&#8243;][vc_column][mk_image src=&#8221;http:\/\/mediatau.it\/centrotau\/wp-content\/uploads\/sites\/2\/2019\/07\/comunit\u00e0.png&#8221; image_size=&#8221;full&#8221; align=&#8221;center&#8221; margin_bottom=&#8221;0&#8243;][\/vc_column][\/mk_page_section][mk_page_section][vc_column][mk_fancy_title color=&#8221;#f97352&#8243; size=&#8221;35&#8243; font_weight=&#8221;300&#8243; margin_top=&#8221;10&#8243; margin_bottom=&#8221;0&#8243; font_family=&#8221;none&#8221;]OFFICINA DI COMUNIT\u00c0[\/mk_fancy_title][\/vc_column][vc_column width=&#8221;1\/2&#8243;][vc_column_text]Il Centro TAU \u00e8 Comunit\u00e0. \u00c8 incontro e confronto tra persone con storie e vissuti diversi. Un buon orientamento scolastico, professionale e lavorativo sostiene la persona nell\u2019apprendimento di tutte quelle competenze che consentono un\u2019occasione vera d\u2019inclusione sociale. [&hellip;]<\/p>\n","protected":false},"author":1,"featured_media":0,"parent":0,"menu_order":0,"comment_status":"open","ping_status":"open","template":"","meta":{"footnotes":""},"class_list":["post-2","page","type-page","status-publish","hentry"],"_links":{"self":[{"href":"https:\/\/mediatau.it\/centrotau\/wp-json\/wp\/v2\/pages\/2","targetHints":{"allow":["GET"]}}],"collection":[{"href":"https:\/\/mediatau.it\/centrotau\/wp-json\/wp\/v2\/pages"}],"about":[{"href":"https:\/\/mediatau.it\/centrotau\/wp-json\/wp\/v2\/types\/page"}],"author":[{"embeddable":true,"href":"https:\/\/mediatau.it\/centrotau\/wp-json\/wp\/v2\/users\/1"}],"replies":[{"embeddable":true,"href":"https:\/\/mediatau.it\/centrotau\/wp-json\/wp\/v2\/comments?post=2"}],"version-history":[{"count":104,"href":"https:\/\/mediatau.it\/centrotau\/wp-json\/wp\/v2\/pages\/2\/revisions"}],"predecessor-version":[{"id":6467,"href":"https:\/\/mediatau.it\/centrotau\/wp-json\/wp\/v2\/pages\/2\/revisions\/6467"}],"wp:attachment":[{"href":"https:\/\/mediatau.it\/centrotau\/wp-json\/wp\/v2\/media?parent=2"}],"curies":[{"name":"wp","href":"https:\/\/api.w.org\/{rel}","templated":true}]}}