{"id":3789,"date":"2016-01-27T15:59:14","date_gmt":"2016-01-27T14:59:14","guid":{"rendered":"http:\/\/mediatau.it\/centrotau\/?page_id=3789"},"modified":"2018-03-15T17:13:39","modified_gmt":"2018-03-15T16:13:39","slug":"infanzia","status":"publish","type":"page","link":"https:\/\/mediatau.it\/centrotau\/infanzia\/","title":{"rendered":"PER L&#8217;INFANZIA"},"content":{"rendered":"[mk_page_section bg_image=&#8221;http:\/\/mediatau.it\/centrotau\/wp-content\/uploads\/sites\/2\/2016\/01\/banner_ambiti_infanzia.jpg&#8221; bg_position=&#8221;center top&#8221; bg_repeat=&#8221;no-repeat&#8221; bg_stretch=&#8221;true&#8221; min_height=&#8221;550&#8243; padding_top=&#8221;0&#8243; top_shape_color=&#8221;#ffffff&#8221; bottom_shape_color=&#8221;#ffffff&#8221; sidebar=&#8221;sidebar-1&#8243;][vc_column css=&#8221;.vc_custom_1453198894163{margin-top: 0px !important;}&#8221;][\/vc_column][\/mk_page_section][mk_page_section][vc_column width=&#8221;2\/3&#8243;][mk_fancy_title color=&#8221;#f97352&#8243; size=&#8221;35&#8243; font_weight=&#8221;300&#8243; margin_top=&#8221;10&#8243; margin_bottom=&#8221;0&#8243; font_family=&#8221;none&#8221;]INFANZIA[\/mk_fancy_title][mk_divider style=&#8221;single_dotted&#8221; margin_top=&#8221;10&#8243; margin_bottom=&#8221;10&#8243;][vc_column_text]\n<p class=\"p1\"><span style=\"font-weight: 400;\">I bambini devono prima di tutto giocare e imparare in un ambiente accogliente e ricco di stimoli positivi per crescere. Insegniamo la lealt\u00e0 nei confronti del prossimo, l\u2019importanza della creativit\u00e0, i valori della non-violenza, il rispetto dell\u2019ambiente, la necessit\u00e0 della cultura.<\/span><\/p>\n<p>Da tanti anni ci occupiamo di progetti educativi integrati con la scuola, il punto primario di aggregazione dei bambini, il luogo della loro crescita culturale e sociale. Un bambino felice sar\u00e0 un adulto pi\u00f9 produttivo e un cittadino pi\u00f9 consapevole. Per questo esercitiamo la creativit\u00e0 per migliorare la capacit\u00e0 di apprendimento grazie alla ludoteca e alla mediateca e ai nostri laboratori di musica, disegno, informatica.Operiamo nel quartiere Zisa, in una zona di Palermo a rischio sociale perch\u00e8 abitata da ceti svantaggiati economicamente.<\/p>\n<p>Con la nostra attivit\u00e0 favoriamo il recupero scolastico, limitiamo il fenomeno della dispersione scolastica e diffondiamo i valori della legalit\u00e0. Nessun bambino deve restare indietro, per questo siamo stati scelti da \u2018Save The Children\u2019 e la nostra struttura \u00e8 un punto luce per combattere la povert\u00e0 educativa.<\/p>\n[\/vc_column_text][\/vc_column][vc_column width=&#8221;1\/3&#8243;][mk_fancy_title color=&#8221;#f97352&#8243; size=&#8221;35&#8243; font_weight=&#8221;300&#8243; margin_top=&#8221;10&#8243; margin_bottom=&#8221;0&#8243; font_family=&#8221;none&#8221;]PROGETTI &amp; LINK[\/mk_fancy_title][mk_divider style=&#8221;single_dotted&#8221; margin_top=&#8221;10&#8243; margin_bottom=&#8221;10&#8243;][mk_button dimension=&#8221;flat&#8221; size=&#8221;large&#8221; url=&#8221;https:\/\/www.savethechildren.it\/cosa-facciamo\/campagne\/illuminiamo-il-futuro\/punti-luce&#8221; target=&#8221;_blank&#8221; align=&#8221;center&#8221; fullwidth=&#8221;true&#8221; bg_color=&#8221;#f97352&#8243; btn_hover_bg=&#8221;#37a899&#8243;]PUNTI LUCE[\/mk_button][mk_button dimension=&#8221;flat&#8221; size=&#8221;large&#8221; url=&#8221;http:\/\/mediatau.it\/centrotau\/progetto-i-s-i-s\/&#8221; target=&#8221;_blank&#8221; align=&#8221;center&#8221; fullwidth=&#8221;true&#8221; bg_color=&#8221;#f97352&#8243; btn_hover_bg=&#8221;#37a899&#8243;]PROGETTO ISIS[\/mk_button][mk_button dimension=&#8221;flat&#8221; size=&#8221;large&#8221; url=&#8221;http:\/\/mediatau.it\/centrotau\/pollicino-centri-polivalenti-in-rete\/&#8221; target=&#8221;_blank&#8221; align=&#8221;center&#8221; fullwidth=&#8221;true&#8221; bg_color=&#8221;#f97352&#8243; btn_hover_bg=&#8221;#37a899&#8243;]CENTRI POLIVALENTI IN RETE[\/mk_button][\/vc_column][\/mk_page_section]\n","protected":false},"excerpt":{"rendered":"<p>[mk_page_section bg_image=&#8221;http:\/\/mediatau.it\/centrotau\/wp-content\/uploads\/sites\/2\/2016\/01\/banner_ambiti_infanzia.jpg&#8221; bg_position=&#8221;center top&#8221; bg_repeat=&#8221;no-repeat&#8221; bg_stretch=&#8221;true&#8221; min_height=&#8221;550&#8243; padding_top=&#8221;0&#8243; top_shape_color=&#8221;#ffffff&#8221; bottom_shape_color=&#8221;#ffffff&#8221; sidebar=&#8221;sidebar-1&#8243;][vc_column css=&#8221;.vc_custom_1453198894163{margin-top: 0px !important;}&#8221;][\/vc_column][\/mk_page_section][mk_page_section][vc_column width=&#8221;2\/3&#8243;][mk_fancy_title color=&#8221;#f97352&#8243; size=&#8221;35&#8243; font_weight=&#8221;300&#8243; margin_top=&#8221;10&#8243; margin_bottom=&#8221;0&#8243; font_family=&#8221;none&#8221;]INFANZIA[\/mk_fancy_title][mk_divider style=&#8221;single_dotted&#8221; margin_top=&#8221;10&#8243; margin_bottom=&#8221;10&#8243;][vc_column_text] I bambini devono prima di tutto giocare e imparare in un ambiente accogliente e ricco di stimoli positivi per crescere. Insegniamo la lealt\u00e0 nei confronti del prossimo, l\u2019importanza della creativit\u00e0, i [&hellip;]<\/p>\n","protected":false},"author":6,"featured_media":0,"parent":0,"menu_order":0,"comment_status":"closed","ping_status":"closed","template":"","meta":{"footnotes":""},"class_list":["post-3789","page","type-page","status-publish","hentry"],"_links":{"self":[{"href":"https:\/\/mediatau.it\/centrotau\/wp-json\/wp\/v2\/pages\/3789","targetHints":{"allow":["GET"]}}],"collection":[{"href":"https:\/\/mediatau.it\/centrotau\/wp-json\/wp\/v2\/pages"}],"about":[{"href":"https:\/\/mediatau.it\/centrotau\/wp-json\/wp\/v2\/types\/page"}],"author":[{"embeddable":true,"href":"https:\/\/mediatau.it\/centrotau\/wp-json\/wp\/v2\/users\/6"}],"replies":[{"embeddable":true,"href":"https:\/\/mediatau.it\/centrotau\/wp-json\/wp\/v2\/comments?post=3789"}],"version-history":[{"count":14,"href":"https:\/\/mediatau.it\/centrotau\/wp-json\/wp\/v2\/pages\/3789\/revisions"}],"predecessor-version":[{"id":4972,"href":"https:\/\/mediatau.it\/centrotau\/wp-json\/wp\/v2\/pages\/3789\/revisions\/4972"}],"wp:attachment":[{"href":"https:\/\/mediatau.it\/centrotau\/wp-json\/wp\/v2\/media?parent=3789"}],"curies":[{"name":"wp","href":"https:\/\/api.w.org\/{rel}","templated":true}]}}