{"id":3801,"date":"2016-01-27T16:06:47","date_gmt":"2016-01-27T15:06:47","guid":{"rendered":"http:\/\/mediatau.it\/centrotau\/per-linfanzia-2-2\/"},"modified":"2016-12-15T18:58:32","modified_gmt":"2016-12-15T17:58:32","slug":"inclusione-socio-lavorativa","status":"publish","type":"page","link":"https:\/\/mediatau.it\/centrotau\/inclusione-socio-lavorativa\/","title":{"rendered":"SERVIZI PER IL LAVORO"},"content":{"rendered":"[mk_page_section bg_image=&#8221;http:\/\/mediatau.it\/centrotau\/wp-content\/uploads\/sites\/2\/2016\/01\/banner_ambiti_inclusione-1.jpg&#8221; bg_position=&#8221;center top&#8221; bg_repeat=&#8221;no-repeat&#8221; bg_stretch=&#8221;true&#8221; min_height=&#8221;550&#8243; padding_top=&#8221;0&#8243; top_shape_color=&#8221;#ffffff&#8221; bottom_shape_color=&#8221;#ffffff&#8221; sidebar=&#8221;sidebar-1&#8243;][vc_column css=&#8221;.vc_custom_1453198894163{margin-top: 0px !important;}&#8221;][\/vc_column][\/mk_page_section][mk_page_section][vc_column width=&#8221;2\/3&#8243;][mk_fancy_title color=&#8221;#f97352&#8243; size=&#8221;35&#8243; font_weight=&#8221;300&#8243; margin_top=&#8221;10&#8243; margin_bottom=&#8221;0&#8243; font_family=&#8221;none&#8221;]INCLUSIONE SOCIO-LAVORATIVA[\/mk_fancy_title][mk_divider style=&#8221;single_dotted&#8221; margin_top=&#8221;10&#8243; margin_bottom=&#8221;10&#8243;][vc_column_text]Favoriamo lo sviluppo di competenze professionali soprattutto fra i giovani che hanno abbandonato gli studi e per le fasce sociali pi\u00f9 svantaggiate ( minori a rischio, detenuti ed ex detenuti, tossicodipendenti, disabili e donne che hanno subito violenza, immigrati).<\/p>\n<p>Ci impegniamo in progetti che favoriscono l\u2019auto-imprenditorialit\u00e0 per creare sviluppo in una zona della citt\u00e0 socialmente svantaggiata. Le nostre armi sono la cultura della legalit\u00e0 e l&#8217;esercizio della\u00a0della creativit\u00e0 grazie all\u2019impiego di strumenti innovativi per la creazione di una rete territoriale.[\/vc_column_text][vc_column_text]L&#8217;<strong>Associazione Inventare Insieme onlus<\/strong> \u00e8 un ente accreditato ai Servizi per il lavoro della Regione Sicilia.<\/p>\n<p>Accreditamento ai Servizi per il lavoro con DDG n. 1279\/2015 del 27\/03\/2015, codice intermediario G273S015392.<\/p>\n<p style=\"text-align: justify;\">La Regione Siciliana in armonia con quanto previsto dalla normativa nazionale e dalla legislazione regionale, definisce un repertorio di standard minimi dei servizi regionali per il lavoro, rivolti alle persone e ai datori di lavoro, al fine di garantire i livelli essenziali delle prestazioni ed in coerenza con le linee guida che disciplinano l\u2019accreditamento, approvate dalla Giunta Regionale con deliberazione n. 80 del 20 marzo 2015.<\/p>\n<p style=\"text-align: justify;\">Il repertorio si prefigge i seguenti obiettivi:<br \/>\n&#8211; Individuare gli standard minimi comuni alla rete dei soggetti pubblici e privati accreditati per l\u2019erogazione dei servizi per il lavoro;<br \/>\n&#8211; Garantire l\u2019erogazione di interventi di politica attiva efficaci e misurabili in termini di risultato;<br \/>\n&#8211; Facilitare l\u2019attivit\u00e0 di monitoraggio e valutazione dell\u2019andamento dei programmi di intervento.<\/p>\n<p style=\"text-align: justify;\">Tipologia A Servizi alle persone:<br \/>\nA.1 Informazione;<br \/>\nA.2 Accoglienza &#8211; primo filtro e\/o presa in carico della persona;<br \/>\nA.3 Orientamento professionale;<br \/>\nA.4 Consulenza orientativa;<br \/>\nA.5 Accompagnamento al lavoro;<br \/>\nA.6 Incontro domanda\/offerta di lavoro.<\/p>\n<p style=\"text-align: justify;\"><a href=\"http:\/\/mediatau.it\/centrotau\/wp-content\/uploads\/sites\/2\/2016\/01\/formazione.png\" rel=\"attachment wp-att-4727\"><img fetchpriority=\"high\" decoding=\"async\" class=\"aligncenter size-full wp-image-4727\" src=\"http:\/\/mediatau.it\/centrotau\/wp-content\/uploads\/sites\/2\/2016\/01\/formazione.png\" alt=\"formazione\" width=\"1356\" height=\"1263\" srcset=\"https:\/\/mediatau.it\/centrotau\/wp-content\/uploads\/sites\/2\/2016\/01\/formazione.png 1356w, https:\/\/mediatau.it\/centrotau\/wp-content\/uploads\/sites\/2\/2016\/01\/formazione-300x279.png 300w, https:\/\/mediatau.it\/centrotau\/wp-content\/uploads\/sites\/2\/2016\/01\/formazione-768x715.png 768w, https:\/\/mediatau.it\/centrotau\/wp-content\/uploads\/sites\/2\/2016\/01\/formazione-1024x954.png 1024w, https:\/\/mediatau.it\/centrotau\/wp-content\/uploads\/sites\/2\/2016\/01\/formazione-279x260.png 279w, https:\/\/mediatau.it\/centrotau\/wp-content\/uploads\/sites\/2\/2016\/01\/formazione-376x350.png 376w, https:\/\/mediatau.it\/centrotau\/wp-content\/uploads\/sites\/2\/2016\/01\/formazione-752x700.png 752w\" sizes=\"(max-width: 1356px) 100vw, 1356px\" \/><\/a><\/p>\n[\/vc_column_text][\/vc_column][vc_column width=&#8221;1\/3&#8243;][mk_fancy_title color=&#8221;#f97352&#8243; size=&#8221;35&#8243; font_weight=&#8221;300&#8243; margin_top=&#8221;10&#8243; margin_bottom=&#8221;0&#8243; font_family=&#8221;none&#8221;]PROGETTI &amp; LINK[\/mk_fancy_title][mk_divider style=&#8221;single_dotted&#8221; margin_top=&#8221;10&#8243; margin_bottom=&#8221;10&#8243;][mk_button dimension=&#8221;flat&#8221; size=&#8221;large&#8221; url=&#8221;http:\/\/mediatau.it\/centrotau\/restare-in-gioco-alla-zisa-di-palermo-e-alla-sanita-di-napoli\/&#8221; target=&#8221;_blank&#8221; align=&#8221;center&#8221; fullwidth=&#8221;true&#8221; bg_color=&#8221;#f97352&#8243; btn_hover_bg=&#8221;#37a899&#8243;]RESTARE IN GIOCO ALLA ZISA[\/mk_button][mk_button dimension=&#8221;flat&#8221; size=&#8221;large&#8221; url=&#8221;http:\/\/mediatau.it\/centrotau\/pollicino-centri-polivalenti-in-rete\/&#8221; target=&#8221;_blank&#8221; align=&#8221;center&#8221; fullwidth=&#8221;true&#8221; bg_color=&#8221;#f97352&#8243; btn_hover_bg=&#8221;#37a899&#8243;]CENTRI POLIVALENTI IN RETE[\/mk_button][mk_button dimension=&#8221;flat&#8221; size=&#8221;large&#8221; url=&#8221;http:\/\/mediatau.it\/centrotau\/progetto-giustizia-riparativa\/&#8221; target=&#8221;_blank&#8221; align=&#8221;center&#8221; fullwidth=&#8221;true&#8221; bg_color=&#8221;#f97352&#8243; btn_hover_bg=&#8221;#37a899&#8243;]GIUSTIZIA RIPARATIVA[\/mk_button][mk_button dimension=&#8221;flat&#8221; size=&#8221;large&#8221; url=&#8221;http:\/\/mediatau.it\/centrotau\/progetto-r-i-s-e\/&#8221; target=&#8221;_blank&#8221; align=&#8221;center&#8221; fullwidth=&#8221;true&#8221; bg_color=&#8221;#f97352&#8243; btn_hover_bg=&#8221;#37a899&#8243;]PROGETTO RISE[\/mk_button][\/vc_column][\/mk_page_section]\n","protected":false},"excerpt":{"rendered":"<p>[mk_page_section bg_image=&#8221;http:\/\/mediatau.it\/centrotau\/wp-content\/uploads\/sites\/2\/2016\/01\/banner_ambiti_inclusione-1.jpg&#8221; bg_position=&#8221;center top&#8221; bg_repeat=&#8221;no-repeat&#8221; bg_stretch=&#8221;true&#8221; min_height=&#8221;550&#8243; padding_top=&#8221;0&#8243; top_shape_color=&#8221;#ffffff&#8221; bottom_shape_color=&#8221;#ffffff&#8221; sidebar=&#8221;sidebar-1&#8243;][vc_column css=&#8221;.vc_custom_1453198894163{margin-top: 0px !important;}&#8221;][\/vc_column][\/mk_page_section][mk_page_section][vc_column width=&#8221;2\/3&#8243;][mk_fancy_title color=&#8221;#f97352&#8243; size=&#8221;35&#8243; font_weight=&#8221;300&#8243; margin_top=&#8221;10&#8243; margin_bottom=&#8221;0&#8243; font_family=&#8221;none&#8221;]INCLUSIONE SOCIO-LAVORATIVA[\/mk_fancy_title][mk_divider style=&#8221;single_dotted&#8221; margin_top=&#8221;10&#8243; margin_bottom=&#8221;10&#8243;][vc_column_text]Favoriamo lo sviluppo di competenze professionali soprattutto fra i giovani che hanno abbandonato gli studi e per le fasce sociali pi\u00f9 svantaggiate ( minori a rischio, detenuti ed ex detenuti, tossicodipendenti, [&hellip;]<\/p>\n","protected":false},"author":6,"featured_media":0,"parent":0,"menu_order":0,"comment_status":"closed","ping_status":"closed","template":"","meta":{"footnotes":""},"class_list":["post-3801","page","type-page","status-publish","hentry"],"_links":{"self":[{"href":"https:\/\/mediatau.it\/centrotau\/wp-json\/wp\/v2\/pages\/3801","targetHints":{"allow":["GET"]}}],"collection":[{"href":"https:\/\/mediatau.it\/centrotau\/wp-json\/wp\/v2\/pages"}],"about":[{"href":"https:\/\/mediatau.it\/centrotau\/wp-json\/wp\/v2\/types\/page"}],"author":[{"embeddable":true,"href":"https:\/\/mediatau.it\/centrotau\/wp-json\/wp\/v2\/users\/6"}],"replies":[{"embeddable":true,"href":"https:\/\/mediatau.it\/centrotau\/wp-json\/wp\/v2\/comments?post=3801"}],"version-history":[{"count":14,"href":"https:\/\/mediatau.it\/centrotau\/wp-json\/wp\/v2\/pages\/3801\/revisions"}],"predecessor-version":[{"id":4728,"href":"https:\/\/mediatau.it\/centrotau\/wp-json\/wp\/v2\/pages\/3801\/revisions\/4728"}],"wp:attachment":[{"href":"https:\/\/mediatau.it\/centrotau\/wp-json\/wp\/v2\/media?parent=3801"}],"curies":[{"name":"wp","href":"https:\/\/api.w.org\/{rel}","templated":true}]}}