{"id":3802,"date":"2016-01-27T16:06:52","date_gmt":"2016-01-27T15:06:52","guid":{"rendered":"http:\/\/mediatau.it\/centrotau\/per-linfanzia-2-3\/"},"modified":"2016-12-15T18:39:02","modified_gmt":"2016-12-15T17:39:02","slug":"istruzione-e-formazione","status":"publish","type":"page","link":"https:\/\/mediatau.it\/centrotau\/istruzione-e-formazione\/","title":{"rendered":"ISTRUZIONE E FORMAZIONE PROFESSIONALE"},"content":{"rendered":"[mk_page_section bg_image=&#8221;http:\/\/mediatau.it\/centrotau\/wp-content\/uploads\/sites\/2\/2016\/01\/banner_ambiti_istruzione.jpg&#8221; bg_position=&#8221;center top&#8221; bg_repeat=&#8221;no-repeat&#8221; bg_stretch=&#8221;true&#8221; min_height=&#8221;550&#8243; padding_top=&#8221;0&#8243; top_shape_color=&#8221;#ffffff&#8221; bottom_shape_color=&#8221;#ffffff&#8221; sidebar=&#8221;sidebar-1&#8243;][vc_column css=&#8221;.vc_custom_1453198894163{margin-top: 0px !important;}&#8221;][\/vc_column][\/mk_page_section][mk_page_section][vc_column width=&#8221;2\/3&#8243;][mk_fancy_title color=&#8221;#f97352&#8243; size=&#8221;35&#8243; font_weight=&#8221;300&#8243; margin_top=&#8221;10&#8243; margin_bottom=&#8221;0&#8243; font_family=&#8221;none&#8221;]ISTRUZIONE E FORMAZIONE[\/mk_fancy_title][mk_divider style=&#8221;single_dotted&#8221; margin_top=&#8221;10&#8243; margin_bottom=&#8221;10&#8243;][vc_column_text]<span style=\"font-weight: 400;\">Ci occupiamo di ridurre la dispersione scolastica con progetti mirati allo sviluppo socio-educativo nel quartiere Cipressi- Ingastone &#8211; Zisa &#8211; Daisinni. In pi\u00f9 di vent\u2019anni di attivit\u00e0 abbiamo ottenuto ottimi risultati collaborando con scuole del territorio partendo dalle elementari e dalle medie inferiori. Le linee guida di intervento progettuale hanno riguardato i Minori, i giovani e le loro famiglie.<\/span><\/p>\n<p><span style=\"font-weight: 400;\">Siamo riusciti a diminuire la dispersione scolastica e a rafforzare la formazione culturale e professionale dei giovani. Il nostro intervento mira a valorizzare la creativit\u00e0 dei giovani con attivit\u00e0 ludico-ricreative, sportive, educative e con la formazione dei giovani all\u2019utilizzo dei nuovi media e dell\u2019informatica.<\/span><\/p>\n<p><span style=\"font-weight: 400;\">La formazione professionale \u00e8 mirata a indirizzare i giovani verso la legalit\u00e0 e li spinge a trovare la professione pi\u00f9 idonea alle loro competenze. <\/span>[\/vc_column_text][\/vc_column][vc_column width=&#8221;1\/3&#8243;][mk_fancy_title color=&#8221;#f97352&#8243; size=&#8221;35&#8243; font_weight=&#8221;300&#8243; margin_top=&#8221;10&#8243; margin_bottom=&#8221;0&#8243; font_family=&#8221;none&#8221;]PROGETTI &amp; LINK[\/mk_fancy_title][mk_divider style=&#8221;single_dotted&#8221; margin_top=&#8221;10&#8243; margin_bottom=&#8221;10&#8243;][mk_button dimension=&#8221;flat&#8221; size=&#8221;large&#8221; url=&#8221;http:\/\/mediatau.it\/centrotau\/centrotau\/ &#8221; target=&#8221;_blank&#8221; align=&#8221;center&#8221; fullwidth=&#8221;true&#8221; bg_color=&#8221;#f97352&#8243; btn_hover_bg=&#8221;#37a899&#8243;]CENTRO TAU[\/mk_button][\/vc_column][\/mk_page_section]\n","protected":false},"excerpt":{"rendered":"<p>[mk_page_section bg_image=&#8221;http:\/\/mediatau.it\/centrotau\/wp-content\/uploads\/sites\/2\/2016\/01\/banner_ambiti_istruzione.jpg&#8221; bg_position=&#8221;center top&#8221; bg_repeat=&#8221;no-repeat&#8221; bg_stretch=&#8221;true&#8221; min_height=&#8221;550&#8243; padding_top=&#8221;0&#8243; top_shape_color=&#8221;#ffffff&#8221; bottom_shape_color=&#8221;#ffffff&#8221; sidebar=&#8221;sidebar-1&#8243;][vc_column css=&#8221;.vc_custom_1453198894163{margin-top: 0px !important;}&#8221;][\/vc_column][\/mk_page_section][mk_page_section][vc_column width=&#8221;2\/3&#8243;][mk_fancy_title color=&#8221;#f97352&#8243; size=&#8221;35&#8243; font_weight=&#8221;300&#8243; margin_top=&#8221;10&#8243; margin_bottom=&#8221;0&#8243; font_family=&#8221;none&#8221;]ISTRUZIONE E FORMAZIONE[\/mk_fancy_title][mk_divider style=&#8221;single_dotted&#8221; margin_top=&#8221;10&#8243; margin_bottom=&#8221;10&#8243;][vc_column_text]Ci occupiamo di ridurre la dispersione scolastica con progetti mirati allo sviluppo socio-educativo nel quartiere Cipressi- Ingastone &#8211; Zisa &#8211; Daisinni. In pi\u00f9 di vent\u2019anni di attivit\u00e0 abbiamo ottenuto ottimi [&hellip;]<\/p>\n","protected":false},"author":6,"featured_media":0,"parent":0,"menu_order":0,"comment_status":"closed","ping_status":"closed","template":"","meta":{"footnotes":""},"class_list":["post-3802","page","type-page","status-publish","hentry"],"_links":{"self":[{"href":"https:\/\/mediatau.it\/centrotau\/wp-json\/wp\/v2\/pages\/3802","targetHints":{"allow":["GET"]}}],"collection":[{"href":"https:\/\/mediatau.it\/centrotau\/wp-json\/wp\/v2\/pages"}],"about":[{"href":"https:\/\/mediatau.it\/centrotau\/wp-json\/wp\/v2\/types\/page"}],"author":[{"embeddable":true,"href":"https:\/\/mediatau.it\/centrotau\/wp-json\/wp\/v2\/users\/6"}],"replies":[{"embeddable":true,"href":"https:\/\/mediatau.it\/centrotau\/wp-json\/wp\/v2\/comments?post=3802"}],"version-history":[{"count":7,"href":"https:\/\/mediatau.it\/centrotau\/wp-json\/wp\/v2\/pages\/3802\/revisions"}],"predecessor-version":[{"id":4722,"href":"https:\/\/mediatau.it\/centrotau\/wp-json\/wp\/v2\/pages\/3802\/revisions\/4722"}],"wp:attachment":[{"href":"https:\/\/mediatau.it\/centrotau\/wp-json\/wp\/v2\/media?parent=3802"}],"curies":[{"name":"wp","href":"https:\/\/api.w.org\/{rel}","templated":true}]}}