{"id":4012,"date":"2016-02-04T15:15:56","date_gmt":"2016-02-04T14:15:56","guid":{"rendered":"http:\/\/mediatau.it\/centrotau\/?page_id=4012"},"modified":"2016-02-04T15:47:58","modified_gmt":"2016-02-04T14:47:58","slug":"illuminiamo-il-futuro-2","status":"publish","type":"page","link":"https:\/\/mediatau.it\/centrotau\/illuminiamo-il-futuro-2\/","title":{"rendered":"ILLUMINIAMO IL FUTURO"},"content":{"rendered":"[mk_page_section full_width=&#8221;true&#8221; padding_top=&#8221;0&#8243; padding_bottom=&#8221;0&#8243; el_class=&#8221;nopaddingheader&#8221; sidebar=&#8221;sidebar-1&#8243;][vc_column][mk_image src=&#8221;http:\/\/mediatau.it\/centrotau\/wp-content\/uploads\/sites\/2\/2016\/02\/header-progetti.png&#8221; image_size=&#8221;full&#8221; align=&#8221;center&#8221; margin_bottom=&#8221;0&#8243;][\/vc_column][\/mk_page_section][mk_page_section][vc_column][mk_fancy_title color=&#8221;#f97352&#8243; size=&#8221;35&#8243; font_weight=&#8221;300&#8243; margin_top=&#8221;10&#8243; margin_bottom=&#8221;0&#8243; font_family=&#8221;none&#8221;]ILLUMINIAMO IL FUTURO[\/mk_fancy_title][\/vc_column][\/mk_page_section][mk_page_section][vc_column width=&#8221;1\/3&#8243;][vc_single_image image=&#8221;3739&#8243; img_size=&#8221;200X200&#8243;][\/vc_column][vc_column width=&#8221;2\/3&#8243;][vc_column_text]\n<p style=\"font-size: 18px;\"><strong>Avviato il<\/strong>: 12\/05\/2014<br \/>\n<strong>Ente attuatore:<\/strong> Ass. Inventare Insieme (onlus) e Save the Children.<br \/>\n<strong>Sede svolgimento:<\/strong> Centro Tau, via Cipressi 9 Palermo<\/p>\n[\/vc_column_text][vc_column_text]Il Punto Luce di Palermo \u00e8 attivo all\u2019interno dei locali del Centro tau, una struttura di circa 450mq nel cuore del quartiere Zisa. il Punto Luce ospita tante attivit\u00e0 gratuite per bambini e ragazzi dai 6 ai 16 anni ed \u00e8 dotato di una serie di spazi attrezzati per i diversi laboratori: pittura, musica, sport, educazione all\u2019uso dei nuovi media, invito alla lettura e sostegno scolastico.<br \/>\nIl Punto Luce \u00e8 aperto 5 giorni a settimana, da luned\u00ec a venerd\u00ec dalle 15.00 alle 19.00.[\/vc_column_text][\/vc_column][\/mk_page_section]\n","protected":false},"excerpt":{"rendered":"<p>[mk_page_section full_width=&#8221;true&#8221; padding_top=&#8221;0&#8243; padding_bottom=&#8221;0&#8243; el_class=&#8221;nopaddingheader&#8221; sidebar=&#8221;sidebar-1&#8243;][vc_column][mk_image src=&#8221;http:\/\/mediatau.it\/centrotau\/wp-content\/uploads\/sites\/2\/2016\/02\/header-progetti.png&#8221; image_size=&#8221;full&#8221; align=&#8221;center&#8221; margin_bottom=&#8221;0&#8243;][\/vc_column][\/mk_page_section][mk_page_section][vc_column][mk_fancy_title color=&#8221;#f97352&#8243; size=&#8221;35&#8243; font_weight=&#8221;300&#8243; margin_top=&#8221;10&#8243; margin_bottom=&#8221;0&#8243; font_family=&#8221;none&#8221;]ILLUMINIAMO IL FUTURO[\/mk_fancy_title][\/vc_column][\/mk_page_section][mk_page_section][vc_column width=&#8221;1\/3&#8243;][vc_single_image image=&#8221;3739&#8243; img_size=&#8221;200X200&#8243;][\/vc_column][vc_column width=&#8221;2\/3&#8243;][vc_column_text] Avviato il: 12\/05\/2014 Ente attuatore: Ass. Inventare Insieme (onlus) e Save the Children. Sede svolgimento: Centro Tau, via Cipressi 9 Palermo [\/vc_column_text][vc_column_text]Il Punto Luce di Palermo \u00e8 attivo all\u2019interno dei locali del Centro [&hellip;]<\/p>\n","protected":false},"author":6,"featured_media":0,"parent":0,"menu_order":0,"comment_status":"closed","ping_status":"closed","template":"","meta":{"footnotes":""},"class_list":["post-4012","page","type-page","status-publish","hentry"],"_links":{"self":[{"href":"https:\/\/mediatau.it\/centrotau\/wp-json\/wp\/v2\/pages\/4012","targetHints":{"allow":["GET"]}}],"collection":[{"href":"https:\/\/mediatau.it\/centrotau\/wp-json\/wp\/v2\/pages"}],"about":[{"href":"https:\/\/mediatau.it\/centrotau\/wp-json\/wp\/v2\/types\/page"}],"author":[{"embeddable":true,"href":"https:\/\/mediatau.it\/centrotau\/wp-json\/wp\/v2\/users\/6"}],"replies":[{"embeddable":true,"href":"https:\/\/mediatau.it\/centrotau\/wp-json\/wp\/v2\/comments?post=4012"}],"version-history":[{"count":7,"href":"https:\/\/mediatau.it\/centrotau\/wp-json\/wp\/v2\/pages\/4012\/revisions"}],"predecessor-version":[{"id":4021,"href":"https:\/\/mediatau.it\/centrotau\/wp-json\/wp\/v2\/pages\/4012\/revisions\/4021"}],"wp:attachment":[{"href":"https:\/\/mediatau.it\/centrotau\/wp-json\/wp\/v2\/media?parent=4012"}],"curies":[{"name":"wp","href":"https:\/\/api.w.org\/{rel}","templated":true}]}}