{"id":4055,"date":"2016-02-04T17:28:57","date_gmt":"2016-02-04T16:28:57","guid":{"rendered":"http:\/\/mediatau.it\/centrotau\/?page_id=4055"},"modified":"2019-01-30T16:30:33","modified_gmt":"2019-01-30T15:30:33","slug":"officina-di-partecipazione","status":"publish","type":"page","link":"https:\/\/mediatau.it\/centrotau\/officina-di-partecipazione\/","title":{"rendered":"OFFICINA DI PARTECIPAZIONE"},"content":{"rendered":"[mk_page_section full_width=&#8221;true&#8221; padding_top=&#8221;0&#8243; padding_bottom=&#8221;0&#8243; el_class=&#8221;nopaddingheader&#8221; sidebar=&#8221;sidebar-1&#8243;][vc_column][mk_image src=&#8221;http:\/\/mediatau.it\/centrotau\/wp-content\/uploads\/sites\/2\/2013\/05\/partecipazione.png&#8221; image_size=&#8221;full&#8221; align=&#8221;center&#8221; margin_bottom=&#8221;0&#8243;][\/vc_column][\/mk_page_section][mk_page_section][vc_column][mk_fancy_title color=&#8221;#f97352&#8243; size=&#8221;35&#8243; font_weight=&#8221;300&#8243; margin_top=&#8221;10&#8243; margin_bottom=&#8221;0&#8243; font_family=&#8221;none&#8221;]OFFICINA DI PARTECIPAZIONE[\/mk_fancy_title][vc_column_text]Il Centro Tau \u00e8 Partecipazione. \u00c8 comunit\u00e0, \u00e8 aggregazione. Nell&#8217;Officina di Partecipazione si organizzano feste a tema, convegni, cineforum e tutte le attivit\u00e0 che favoriscono l&#8217;inclusione e e appunto la partecipazione.[\/vc_column_text][\/vc_column][\/mk_page_section][mk_page_section][vc_column][mk_fancy_title color=&#8221;#f97352&#8243; size=&#8221;35&#8243; font_weight=&#8221;300&#8243; margin_top=&#8221;10&#8243; margin_bottom=&#8221;0&#8243; font_family=&#8221;none&#8221;]GRUPPO DI LAVORO[\/mk_fancy_title][mk_employees style=&#8221;boxed&#8221; employees=&#8221;3665&#8243; description=&#8221;false&#8221;][\/vc_column][\/mk_page_section][mk_page_section][vc_column][mk_fancy_title color=&#8221;#f97352&#8243; size=&#8221;35&#8243; font_weight=&#8221;300&#8243; margin_top=&#8221;10&#8243; margin_bottom=&#8221;0&#8243; font_family=&#8221;none&#8221;]GALLERY[\/mk_fancy_title][mk_gallery images=&#8221;5858,5859,5860,5861,5862,5863,5864,5865,5866,5867&#8243; column=&#8221;4&#8243; height=&#8221;300&#8243;][\/vc_column][\/mk_page_section]\n","protected":false},"excerpt":{"rendered":"<p>[mk_page_section full_width=&#8221;true&#8221; padding_top=&#8221;0&#8243; padding_bottom=&#8221;0&#8243; el_class=&#8221;nopaddingheader&#8221; sidebar=&#8221;sidebar-1&#8243;][vc_column][mk_image src=&#8221;http:\/\/mediatau.it\/centrotau\/wp-content\/uploads\/sites\/2\/2013\/05\/partecipazione.png&#8221; image_size=&#8221;full&#8221; align=&#8221;center&#8221; margin_bottom=&#8221;0&#8243;][\/vc_column][\/mk_page_section][mk_page_section][vc_column][mk_fancy_title color=&#8221;#f97352&#8243; size=&#8221;35&#8243; font_weight=&#8221;300&#8243; margin_top=&#8221;10&#8243; margin_bottom=&#8221;0&#8243; font_family=&#8221;none&#8221;]OFFICINA DI PARTECIPAZIONE[\/mk_fancy_title][vc_column_text]Il Centro Tau \u00e8 Partecipazione. \u00c8 comunit\u00e0, \u00e8 aggregazione. Nell&#8217;Officina di Partecipazione si organizzano feste a tema, convegni, cineforum e tutte le attivit\u00e0 che favoriscono l&#8217;inclusione e e appunto la partecipazione.[\/vc_column_text][\/vc_column][\/mk_page_section][mk_page_section][vc_column][mk_fancy_title color=&#8221;#f97352&#8243; size=&#8221;35&#8243; font_weight=&#8221;300&#8243; margin_top=&#8221;10&#8243; margin_bottom=&#8221;0&#8243; font_family=&#8221;none&#8221;]GRUPPO DI [&hellip;]<\/p>\n","protected":false},"author":6,"featured_media":0,"parent":0,"menu_order":0,"comment_status":"closed","ping_status":"closed","template":"","meta":{"footnotes":""},"class_list":["post-4055","page","type-page","status-publish","hentry"],"_links":{"self":[{"href":"https:\/\/mediatau.it\/centrotau\/wp-json\/wp\/v2\/pages\/4055","targetHints":{"allow":["GET"]}}],"collection":[{"href":"https:\/\/mediatau.it\/centrotau\/wp-json\/wp\/v2\/pages"}],"about":[{"href":"https:\/\/mediatau.it\/centrotau\/wp-json\/wp\/v2\/types\/page"}],"author":[{"embeddable":true,"href":"https:\/\/mediatau.it\/centrotau\/wp-json\/wp\/v2\/users\/6"}],"replies":[{"embeddable":true,"href":"https:\/\/mediatau.it\/centrotau\/wp-json\/wp\/v2\/comments?post=4055"}],"version-history":[{"count":7,"href":"https:\/\/mediatau.it\/centrotau\/wp-json\/wp\/v2\/pages\/4055\/revisions"}],"predecessor-version":[{"id":5869,"href":"https:\/\/mediatau.it\/centrotau\/wp-json\/wp\/v2\/pages\/4055\/revisions\/5869"}],"wp:attachment":[{"href":"https:\/\/mediatau.it\/centrotau\/wp-json\/wp\/v2\/media?parent=4055"}],"curies":[{"name":"wp","href":"https:\/\/api.w.org\/{rel}","templated":true}]}}