{"id":4245,"date":"2016-02-17T18:11:33","date_gmt":"2016-02-17T17:11:33","guid":{"rendered":"http:\/\/mediatau.it\/centrotau\/?page_id=4245"},"modified":"2016-07-28T17:38:00","modified_gmt":"2016-07-28T15:38:00","slug":"newbookclub-2","status":"publish","type":"page","link":"https:\/\/mediatau.it\/centrotau\/innovation-hub\/newbookclub-2\/","title":{"rendered":"NEWBOOKCLUB"},"content":{"rendered":"<div class=\"wpb-content-wrapper\">[vc_row][vc_column][mk_image src=&#8221;http:\/\/mediatau.it\/centrotau\/wp-content\/uploads\/sites\/2\/2016\/02\/new-book.png&#8221; image_size=&#8221;full&#8221;][\/vc_column][\/vc_row][vc_row][vc_column][mk_fancy_title color=&#8221;#f97352&#8243; size=&#8221;35&#8243; font_family=&#8221;none&#8221;]Cos\u2019\u00e8 e cosa sta diventando\u00a0il NEWBOOKCLUB[\/mk_fancy_title][\/vc_column][\/vc_row][vc_row][vc_column width=&#8221;1\/2&#8243;][vc_column_text]\n<p style=\"text-align: justify;\">Il Newbookclub club \u00e8 nato come nascono gli alberi nei terreni dove non era stato piantato niente, accanto alle case per fare ombra e dare protezione, anche ossigeno. E\u2019 un\u2019attivit\u00e0, un laboratorio, un club. Il Newbookclub \u00e8 tante cose, tutte insieme e tutte belle. E\u2019 libero, perch\u00e9 naturale. E\u2019 un progetto nato da una mente giovane che aveva voglia di attirare a s\u00e9 una passione che potesse diventare comune e non solo solipsistica come siamo abituati a concepirla: la scrittura come mezzo per creare comunit\u00e0 ed inclusivit\u00e0.<\/p>\n<p style=\"text-align: justify;\">Il Newbookclub ad oggi \u00e8 proprio un Laboratorio esperienziale di scrittura e comunit\u00e0 ad alta inclusivit\u00e0.<\/p>\n<p style=\"text-align: justify;\">Nasce nella versione \u201cbeta\u201d nel 2011\/2012. Il nome NEWBOOKCLUB \u00e8 intenzionalmente maiuscolo, intenzionalmente in inglese e intenzionalmente composto per creare quella che \u00e8 una nuova idea di club del libro che potesse attirare l\u2019attenzione di tutti quei persuasi alla letteratura che nelle loro camere e nel loro tempo libero non trovano nessun\u2019altra persona con cui condividere il piacere di leggere e\/o scrivere. Cos\u00ec, con la passione, un\u2019unica motrice di questo progetto, i partecipanti si trovano rinnovati, ritrovati e innovati. Gi\u00e0 in corso da quattro anni il NEWBOOKCLUB ha continuato ad esistere dopo un trasferimento iniziale( dal centro Acchiappasogni al Centro Tau) che non ha risentito impatti particolari per il gruppo che si \u00e8 andato via via rinforzando. Il NEWBOOKCLUB non bisogno di strutture ideali per il senso che gli utenti hanno voluto attribuire al neo club del libro: un gruppo informale, perch\u00e9 amichevole, ma che si spinge oltre; basta una stanza, delle casse altoparlanti, carta, penna e buona musica. a distanza di questi anni il NEWBOOKCLUB si \u00e8 evoluto come i suoi partecipanti in qualcosa di pi\u00f9; pi\u00f9: importante, pi\u00f9 funzionale, partecipativo, persuaso, non convenzionale, all\u2019avanguardia, coraggioso, familiare, valorizzante, terapeutico, catartico. A distanza di anni dalla sua nascita il NEWBOOKCLUB riparte per richiesta e nostalgia. Il progetto negli anni della sua assenza si \u00e8 sedimentato di tutti quegli stimoli che ho potuto raccogliere come fondatore e come facilitatore sociale in attesa di un suo ritorno, traendo come nella scrittura di un libro un percorso che potesse abbracciare in modo totalizzante quei problemi, crisi evolutive normative e non normative che un ragazzo, una ragazza, ma anche un adulto ha e che da solo non riesce a superare o metabolizzare; perch\u00e9, insieme, condividere il proprio dolore allevia quella che \u00e8 l\u2019angoscia di sentirsi in preda a una solitudine che sconfina in nell\u2019ecologia del nostro nostro ciclo di vita dove spesso non ci sentiamo capiti, accettati, voluti. Il NEWBOOKCLUB ha l\u2019ambizione di radunare tutti gli appassionati, studenti, mamme, aspiranti curiosi, o scrittori. La quantit\u00e0 dentro questo progetto \u00e8 ricchezza di contenuti, di vissuti e storie. E\u2019 spazio e tempo di riconoscimento. Il target del gruppo pu\u00f2 coinvolgere stadi evolutivi che vanno dalla preadolescenza all\u2019adultit\u00e0 passando dalle delicate fasi dell\u2019adolescenza e del giovane adulto.<\/p>\n[\/vc_column_text][\/vc_column][vc_column width=&#8221;1\/2&#8243;][vc_column_text]\n<p style=\"text-align: justify;\">L\u2019esplosione del passaparola e il suo contagio ha fatto si che il NEWBOOKCLUB arrivasse a raggiungere un numero non considerato e fuori da ogni esperienza passata: 15 componenti dentro le stanze del Centro Tau, una buona continuit\u00e0 di presenze. Rispetto alla richiesta apparentemente inesistente di voler coltivare la scrittura come mezzo di produzione, l\u2019offerta del territorio non riesce a stimolare e ammaliare quei pochi che vorrebbero approcciarsi a questa attivit\u00e0. Il tal senso NEWBOOKCLUB sembra essere l\u2019offerta migliore per chi ha bisogno di un foglio e una penna per sentirsi meglio, senza false speranze di chi promette qualcosa di troppo grande che non ha fondamenta. Il progetto, omnicratico, parte dal basso per arrivare ad una consapevolezza alta di chi partecipa come utente e come operatore. Durante l\u2019esperienze passate i componenti dei vari laboratori hanno avuto modo di abbracciare tutte le persone che passavano e entravano nella stanza dove si svolgeva l\u2019attivit\u00e0 e che incuriosite hanno voluto partecipare anche solo per una volta a quella che per gli stessi utenti diventa una interessante specie di famiglia. Il Newbookclub \u00e8 diventato il nido di ogni persona che, nonostante gli impegni stressanti di ogni giorno, \u00e8 riuscito a ritagliarsi due ore ogni mercoled\u00ec pomeriggio in cui potersi raccontare senza nascondere nulla tra le righe. Ed \u00e8 proprio per questo che quest&#8217;estate, a partire dal 6 luglio, il Newbookclub si sposter\u00e0 dal Centro Tau &#8211; che ormai da anni ospita il laboratorio &#8211; a tutto il centro cittadino attraversando, tappa dopo tappa, luoghi importanti e rappresentativi della nostra citt\u00e0 per diffondere l&#8217;essenza distintiva del\u00a0<a href=\"https:\/\/www.facebook.com\/hashtag\/nbc\">#NBC<\/a>\u00a0e mettersi in gioco facendosi conoscere ancora di pi\u00f9 dalla cittadinanza coinvolgendola agli incontri per fare scoprire una realt\u00e0 ricca di magia e inchiostro. Questo passaggio quasi essenziale \u00e8 servito per dare ancor pi\u00f9 senso alla parola Comunit\u00e0 che si attribuisce al Newbookclub, entrando dentro la citt\u00e0, e facendo si che la citt\u00e0 entri dentro noi. Cos\u00ec \u00e8 diventato Newbookclub On the Road, raggiungendo inaspettatamente, attraverso il passaparola, la radio, i siti web, e i social network un\u2019utenza nuova e fuori portata: in media una costante di quaranta persone. Ogni volta e ogni appuntamento. Ad oggi siamo arrivati alla quarta tappa dopo aver invaso, e conquistato con fogli e penne Piazza Garraffello, le scale del Teatro Massimo, Il Foro Italico,<\/p>\n<p style=\"text-align: justify;\">Il NBC on the road pu\u00f2 essere visto come una nave in viaggio per le isole di questo arcipelago di persone e luoghi pronte a farsi scoprire antropologicamente e socialmente. Ma, torneremo al porto, l\u00ec dove siamo nati e cresciuti, con tutti quelli che siamo riusciti a trovare lungo il nostro cammino, ritorneremo a casa: al Centro Tau.<\/p>\n<p style=\"text-align: justify;\">Lo slogan: &#8220;Per tutte l&#8217;et\u00e0, classi sociali, stili di scrittura, sesso, genere, specie e fantasia!\u201d<\/p>\n<p style=\"text-align: right;\">Alessio Castiglione<\/p>\n[\/vc_column_text][\/vc_column][\/vc_row][mk_page_section][vc_column][\/vc_column][\/mk_page_section][vc_row][vc_column][mk_gallery images=&#8221;4641,4642,4643,4644,4645,4646,4647,4648,4649,4650&#8243; style=&#8221;style3&#8243;][\/vc_column][\/vc_row]\n<\/div>","protected":false},"excerpt":{"rendered":"<p>[vc_row][vc_column][mk_image src=&#8221;http:\/\/mediatau.it\/centrotau\/wp-content\/uploads\/sites\/2\/2016\/02\/new-book.png&#8221; image_size=&#8221;full&#8221;][\/vc_column][\/vc_row][vc_row][vc_column][mk_fancy_title color=&#8221;#f97352&#8243; size=&#8221;35&#8243; font_family=&#8221;none&#8221;]Cos\u2019\u00e8 e cosa sta diventando\u00a0il NEWBOOKCLUB[\/mk_fancy_title][\/vc_column][\/vc_row][vc_row][vc_column width=&#8221;1\/2&#8243;][vc_column_text] Il Newbookclub club \u00e8 nato come nascono gli alberi nei terreni dove non era stato piantato niente, accanto alle case per fare ombra e dare protezione, anche ossigeno. E\u2019 un\u2019attivit\u00e0, un laboratorio, un club. Il Newbookclub \u00e8 tante cose, tutte insieme e tutte [&hellip;]<\/p>\n","protected":false},"author":3,"featured_media":0,"parent":734,"menu_order":0,"comment_status":"closed","ping_status":"closed","template":"","meta":{"footnotes":""},"class_list":["post-4245","page","type-page","status-publish","hentry"],"_links":{"self":[{"href":"https:\/\/mediatau.it\/centrotau\/wp-json\/wp\/v2\/pages\/4245","targetHints":{"allow":["GET"]}}],"collection":[{"href":"https:\/\/mediatau.it\/centrotau\/wp-json\/wp\/v2\/pages"}],"about":[{"href":"https:\/\/mediatau.it\/centrotau\/wp-json\/wp\/v2\/types\/page"}],"author":[{"embeddable":true,"href":"https:\/\/mediatau.it\/centrotau\/wp-json\/wp\/v2\/users\/3"}],"replies":[{"embeddable":true,"href":"https:\/\/mediatau.it\/centrotau\/wp-json\/wp\/v2\/comments?post=4245"}],"version-history":[{"count":15,"href":"https:\/\/mediatau.it\/centrotau\/wp-json\/wp\/v2\/pages\/4245\/revisions"}],"predecessor-version":[{"id":4651,"href":"https:\/\/mediatau.it\/centrotau\/wp-json\/wp\/v2\/pages\/4245\/revisions\/4651"}],"up":[{"embeddable":true,"href":"https:\/\/mediatau.it\/centrotau\/wp-json\/wp\/v2\/pages\/734"}],"wp:attachment":[{"href":"https:\/\/mediatau.it\/centrotau\/wp-json\/wp\/v2\/media?parent=4245"}],"curies":[{"name":"wp","href":"https:\/\/api.w.org\/{rel}","templated":true}]}}