{"id":4380,"date":"2016-02-25T17:51:55","date_gmt":"2016-02-25T16:51:55","guid":{"rendered":"http:\/\/mediatau.it\/centrotau\/?page_id=4380"},"modified":"2016-02-25T17:51:55","modified_gmt":"2016-02-25T16:51:55","slug":"nicolo-bongiorno","status":"publish","type":"page","link":"https:\/\/mediatau.it\/centrotau\/nicolo-bongiorno\/","title":{"rendered":"Nicol\u00f2 Bongiorno"},"content":{"rendered":"<p><a href=\"http:\/\/mediatau.it\/centrotau\/wp-content\/uploads\/sites\/2\/2014\/11\/bongiorno.png\" rel=\"attachment wp-att-4375\"><img fetchpriority=\"high\" decoding=\"async\" class=\"aligncenter  wp-image-4375\" src=\"http:\/\/mediatau.it\/centrotau\/wp-content\/uploads\/sites\/2\/2014\/11\/bongiorno.png\" alt=\"bongiorno\" width=\"270\" height=\"269\" srcset=\"https:\/\/mediatau.it\/centrotau\/wp-content\/uploads\/sites\/2\/2014\/11\/bongiorno.png 506w, https:\/\/mediatau.it\/centrotau\/wp-content\/uploads\/sites\/2\/2014\/11\/bongiorno-150x150.png 150w, https:\/\/mediatau.it\/centrotau\/wp-content\/uploads\/sites\/2\/2014\/11\/bongiorno-300x300.png 300w, https:\/\/mediatau.it\/centrotau\/wp-content\/uploads\/sites\/2\/2014\/11\/bongiorno-500x500.png 500w, https:\/\/mediatau.it\/centrotau\/wp-content\/uploads\/sites\/2\/2014\/11\/bongiorno-225x225.png 225w, https:\/\/mediatau.it\/centrotau\/wp-content\/uploads\/sites\/2\/2014\/11\/bongiorno-200x200.png 200w, https:\/\/mediatau.it\/centrotau\/wp-content\/uploads\/sites\/2\/2014\/11\/bongiorno-261x260.png 261w, https:\/\/mediatau.it\/centrotau\/wp-content\/uploads\/sites\/2\/2014\/11\/bongiorno-351x350.png 351w, https:\/\/mediatau.it\/centrotau\/wp-content\/uploads\/sites\/2\/2014\/11\/bongiorno-60x60.png 60w\" sizes=\"(max-width: 270px) 100vw, 270px\" \/><\/a><\/p>\n<p><strong>Nicol\u00f2 Bongiorno, Fondazione Mike Bongiorno<\/strong><\/p>\n<p>Il centro tau \u00e8 un posto speciale. Sono molto colpito perch\u00e9 \u00e8 un \u00a0 posto come in Italia ce ne sono davvero pochi.<\/p>\n","protected":false},"excerpt":{"rendered":"<p>Nicol\u00f2 Bongiorno, Fondazione Mike Bongiorno Il centro tau \u00e8 un posto speciale. Sono molto colpito perch\u00e9 \u00e8 un \u00a0 posto come in Italia ce ne sono davvero pochi.<\/p>\n","protected":false},"author":3,"featured_media":0,"parent":0,"menu_order":0,"comment_status":"closed","ping_status":"closed","template":"","meta":{"footnotes":""},"class_list":["post-4380","page","type-page","status-publish","hentry"],"_links":{"self":[{"href":"https:\/\/mediatau.it\/centrotau\/wp-json\/wp\/v2\/pages\/4380","targetHints":{"allow":["GET"]}}],"collection":[{"href":"https:\/\/mediatau.it\/centrotau\/wp-json\/wp\/v2\/pages"}],"about":[{"href":"https:\/\/mediatau.it\/centrotau\/wp-json\/wp\/v2\/types\/page"}],"author":[{"embeddable":true,"href":"https:\/\/mediatau.it\/centrotau\/wp-json\/wp\/v2\/users\/3"}],"replies":[{"embeddable":true,"href":"https:\/\/mediatau.it\/centrotau\/wp-json\/wp\/v2\/comments?post=4380"}],"version-history":[{"count":1,"href":"https:\/\/mediatau.it\/centrotau\/wp-json\/wp\/v2\/pages\/4380\/revisions"}],"predecessor-version":[{"id":4381,"href":"https:\/\/mediatau.it\/centrotau\/wp-json\/wp\/v2\/pages\/4380\/revisions\/4381"}],"wp:attachment":[{"href":"https:\/\/mediatau.it\/centrotau\/wp-json\/wp\/v2\/media?parent=4380"}],"curies":[{"name":"wp","href":"https:\/\/api.w.org\/{rel}","templated":true}]}}