{"id":4923,"date":"2018-02-07T12:05:55","date_gmt":"2018-02-07T11:05:55","guid":{"rendered":"http:\/\/mediatau.it\/centrotau\/?page_id=4923"},"modified":"2018-02-08T12:03:04","modified_gmt":"2018-02-08T11:03:04","slug":"progetto-leard-and-know","status":"publish","type":"page","link":"https:\/\/mediatau.it\/centrotau\/progetto-leard-and-know\/","title":{"rendered":"Progetto \u201cLearn and Know\u201d"},"content":{"rendered":"<div class=\"wpb-content-wrapper\">[vc_row][vc_column][mk_image src=&#8221;http:\/\/mediatau.it\/centrotau\/wp-content\/uploads\/sites\/2\/2013\/05\/cittadinanza-1.png&#8221; image_size=&#8221;full&#8221;][vc_column_text]\n<header class=\"entry-header\"><\/header>\n<div class=\"entry-content\">\n<p><a href=\"http:\/\/mediatau.it\/centrotau\/wp-content\/uploads\/sites\/2\/2018\/02\/FASCIA-LOGHI-LEARN.png\" rel=\"attachment wp-att-4930\"><img fetchpriority=\"high\" decoding=\"async\" class=\"aligncenter size-full wp-image-4930\" src=\"http:\/\/mediatau.it\/centrotau\/wp-content\/uploads\/sites\/2\/2018\/02\/FASCIA-LOGHI-LEARN.png\" alt=\"fascia-loghi-learn\" width=\"6332\" height=\"887\" srcset=\"https:\/\/mediatau.it\/centrotau\/wp-content\/uploads\/sites\/2\/2018\/02\/FASCIA-LOGHI-LEARN.png 6332w, https:\/\/mediatau.it\/centrotau\/wp-content\/uploads\/sites\/2\/2018\/02\/FASCIA-LOGHI-LEARN-300x42.png 300w, https:\/\/mediatau.it\/centrotau\/wp-content\/uploads\/sites\/2\/2018\/02\/FASCIA-LOGHI-LEARN-768x108.png 768w, https:\/\/mediatau.it\/centrotau\/wp-content\/uploads\/sites\/2\/2018\/02\/FASCIA-LOGHI-LEARN-1024x143.png 1024w, https:\/\/mediatau.it\/centrotau\/wp-content\/uploads\/sites\/2\/2018\/02\/FASCIA-LOGHI-LEARN-330x46.png 330w, https:\/\/mediatau.it\/centrotau\/wp-content\/uploads\/sites\/2\/2018\/02\/FASCIA-LOGHI-LEARN-400x56.png 400w, https:\/\/mediatau.it\/centrotau\/wp-content\/uploads\/sites\/2\/2018\/02\/FASCIA-LOGHI-LEARN-800x112.png 800w\" sizes=\"(max-width: 6332px) 100vw, 6332px\" \/><\/a><\/p>\n<hr \/>\n<h5 style=\"text-align: justify;\"><strong>Avviso per la selezione di 14 giovani dai 14 ai 25 anni che parteciperanno al progetto \u201cLearn and Know\u201d finanziato dalla Regione Siciliana attraverso l\u2019intervento 5 \u201cGiovani in Europa\u201d dell\u2019Accordo \u201cGiovani protagonisti di s\u00e9 e del territorio (CreAZIONI giovani)\u201d.<\/strong><\/h5>\n<h5 style=\"text-align: justify;\"><\/h5>\n<hr \/>\n<h4 style=\"text-align: justify;\"><strong>\u2022\u00a0IL PROGETTO<\/strong><\/h4>\n<hr \/>\n<p style=\"text-align: justify;\">\u00a0Il progetto \u201cLearn and Know\u201d, presentato dall\u2019Associazione \u201cInventare Insieme Onlus e finanziato dalla Regione Siciliana \u2013 Dipartimento della Famiglia, delle Politiche sociali e del Lavoro, \u00e8 finalizzato alla realizzazione di percorsi di arricchimento curriculare della lingua inglese per 14 giovani dai 14 ai 25 anni residenti a Palermo. Il progetto prevede un corso di lingua inglese ed attivit\u00e0 di promozione artistica e culturale da svolgere presso il Centro Tau nei mesi da marzo a luglio e\u00a0 un \u201cSummer Camp\u201d che si svolger\u00e0 in Irlanda del Nord, nella citt\u00e0 di Derry, che preveder\u00e0 un corso di lingua inglese\u00a0 da svolgere presso il centro di formazione linguistica Foyle International, visite guidate sul territorio e l\u2019inserimento in attivit\u00e0 artistiche e culturali realizzate presso l\u2019organizzazione no profit\u00a0 North West Play Resources Centre (The Playhouse). Le attivit\u00e0 formative avranno inizio nel mese di marzo 2018. Il \u201cSummer Camp\u201d si svolger\u00e0 nel mese di agosto 2018 e durer\u00e0 due settimane.<\/p>\n<p style=\"text-align: justify;\"><em>La partecipazione a tutte le fasi del Progetto \u00e8 gratuita. Non \u00e8 previsto alcun contributo di iscrizione.<\/em><\/p>\n<h4 style=\"text-align: justify;\"><strong>\u2022 \u00a0<strong>MODALITA&#8217; DI PARTECIPAZIONE<\/strong><\/strong><\/h4>\n<hr \/>\n<p style=\"text-align: justify;\">I giovani dai 14 ai 25 anni interessati a candidarsi per essere beneficiari delle attivit\u00e0 del progetto dovranno presentare, entro e non oltre il 21 febbraio 2018, la domanda di partecipazione. La domanda pu\u00f2 essere presentata dal luned\u00ec al venerd\u00ec dalle 15 alle 19 presso la sede dell\u2019Associazione \u201cInventare Insieme (onlus)\u201d &#8211; Centro Tau sita a Palermo in \u00a0Via Cipressi n. 9.<\/p>\n<h4 style=\"text-align: justify;\"><strong>\u2022\u00a0BENEFICIARI DEL PROGETTO<\/strong><\/h4>\n<hr \/>\n<p style=\"text-align: justify;\">I beneficiari del progetto sono 14 giovani di et\u00e0 compresa tra i 14 ed i 25 anni, residenti a Palermo, che saranno selezionati tra coloro che risponderanno, candidandosi, a questo avviso. Nella selezione verr\u00e0 data preferenza ai giovani residenti nel quartiere Zisa o gi\u00e0 iscritti al Centro Tau.<\/p>\n<p style=\"text-align: justify;\">La commissione giudicatrice potr\u00e0 selezionare anche degli uditori.<\/p>\n<h6 style=\"text-align: justify;\"><strong><br \/>\n<\/strong><\/h6>\n<hr \/>\n<h4 style=\"text-align: justify;\"><strong>\u2022 SELEZIONE DEI PARTECIPANTI<\/strong><\/h4>\n<hr \/>\n<p style=\"text-align: justify;\">La selezione avverr\u00e0 attraverso dei colloqui motivazionali e test sulle conoscenze linguistiche di base e sar\u00e0 gestita da una Commissione costituita da tre componenti individuati dall\u2019Associazione \u201cInventare Insieme (onlus)\u201d. I criteri di selezione sono i seguenti: Comunicazione nella lingua madre (max 20 punti), Comunicazione in lingua inglese (max 20 punti), Capacit\u00e0 di apprendere (max 10 punti), Consapevolezza ed espressione culturale (max 10 punti), Competenze civili e sociali, Senso di iniziativa e imprenditorialit\u00e0 (max 10 punti), Residenza nel quartiere Zisa e\/o iscrizione al Centro Tau alla data di pubblicazione dell\u2019avviso (max 30 punti).<\/p>\n<p style=\"text-align: justify;\"><em>Il test linguistico verr\u00e0 eseguito presso l\u2019International House di Palermo, partner di \u201cInventare Insieme (onlus)\u201d e del Centro Tau nei processi di formazione linguistica dei bambini e dei giovani iscritti.<\/em><\/p>\n<\/div>\n<h4 style=\"text-align: justify;\"><strong>\u2022 INFO<\/strong><\/h4>\n<p style=\"text-align: justify;\"><em>Informazioni sul progetto e sulle modalit\u00e0 di partecipazione possono essere richieste in sede (Via Cipressi, 9) negli orari sopra indicati o attraverso email scrivendo a <\/em><a href=\"mailto:inventareinsieme@mediatau.it\"><em>inventareinsieme@mediatau.it<\/em><\/a><em> o telefonando allo 0916526394.<\/em><\/p>\n[\/vc_column_text][\/vc_column][vc_column][\/vc_column][vc_column][\/vc_column][vc_column][\/vc_column][\/vc_row]\n<h4 style=\"text-align: justify;\"><strong>\u2022 DOWNLOAD<\/strong><\/h4>\n<ul>\n<li><span style=\"color: #0000ff;\"><a style=\"color: #0000ff;\" href=\"http:\/\/mediatau.it\/centrotau\/wp-content\/uploads\/sites\/2\/2018\/02\/Avviso-selezione-Learn-and-Know-1.pdf\"><strong>Progetto<\/strong><\/a><\/span><\/li>\n<li><span style=\"color: #0000ff;\"><strong><a style=\"color: #0000ff;\" href=\"http:\/\/mediatau.it\/centrotau\/wp-content\/uploads\/sites\/2\/2018\/02\/Avviso-e-domanda-partecipazione.pdf\" target=\"_blank\">Domanda di partecipazione<\/a><\/strong><\/span><\/li>\n<\/ul>\n<\/div>","protected":false},"excerpt":{"rendered":"<p>[vc_row][vc_column][mk_image src=&#8221;http:\/\/mediatau.it\/centrotau\/wp-content\/uploads\/sites\/2\/2013\/05\/cittadinanza-1.png&#8221; image_size=&#8221;full&#8221;][vc_column_text] Avviso per la selezione di 14 giovani dai 14 ai 25 anni che parteciperanno al progetto \u201cLearn and Know\u201d finanziato dalla Regione Siciliana attraverso l\u2019intervento 5 \u201cGiovani in Europa\u201d dell\u2019Accordo \u201cGiovani protagonisti di s\u00e9 e del territorio (CreAZIONI giovani)\u201d. \u2022\u00a0IL PROGETTO \u00a0Il progetto \u201cLearn and Know\u201d, presentato dall\u2019Associazione \u201cInventare Insieme Onlus e [&hellip;]<\/p>\n","protected":false},"author":3,"featured_media":0,"parent":0,"menu_order":0,"comment_status":"closed","ping_status":"closed","template":"","meta":{"footnotes":""},"class_list":["post-4923","page","type-page","status-publish","hentry"],"_links":{"self":[{"href":"https:\/\/mediatau.it\/centrotau\/wp-json\/wp\/v2\/pages\/4923","targetHints":{"allow":["GET"]}}],"collection":[{"href":"https:\/\/mediatau.it\/centrotau\/wp-json\/wp\/v2\/pages"}],"about":[{"href":"https:\/\/mediatau.it\/centrotau\/wp-json\/wp\/v2\/types\/page"}],"author":[{"embeddable":true,"href":"https:\/\/mediatau.it\/centrotau\/wp-json\/wp\/v2\/users\/3"}],"replies":[{"embeddable":true,"href":"https:\/\/mediatau.it\/centrotau\/wp-json\/wp\/v2\/comments?post=4923"}],"version-history":[{"count":16,"href":"https:\/\/mediatau.it\/centrotau\/wp-json\/wp\/v2\/pages\/4923\/revisions"}],"predecessor-version":[{"id":4956,"href":"https:\/\/mediatau.it\/centrotau\/wp-json\/wp\/v2\/pages\/4923\/revisions\/4956"}],"wp:attachment":[{"href":"https:\/\/mediatau.it\/centrotau\/wp-json\/wp\/v2\/media?parent=4923"}],"curies":[{"name":"wp","href":"https:\/\/api.w.org\/{rel}","templated":true}]}}