{"id":6072,"date":"2019-07-10T12:33:20","date_gmt":"2019-07-10T10:33:20","guid":{"rendered":"http:\/\/mediatau.it\/centrotau\/?page_id=6072"},"modified":"2019-07-10T12:38:49","modified_gmt":"2019-07-10T10:38:49","slug":"comunita-educante-evoluto-zisa-danisinni","status":"publish","type":"page","link":"https:\/\/mediatau.it\/centrotau\/comunita-educante-evoluto-zisa-danisinni\/","title":{"rendered":""},"content":{"rendered":"[mk_page_section full_width=&#8221;true&#8221; padding_top=&#8221;0&#8243; padding_bottom=&#8221;0&#8243; el_class=&#8221;nopaddingheader&#8221; sidebar=&#8221;sidebar-1&#8243;][vc_column][mk_image src=&#8221;http:\/\/mediatau.it\/centrotau\/wp-content\/uploads\/sites\/2\/2016\/02\/header-progetti.png&#8221; image_size=&#8221;full&#8221; align=&#8221;center&#8221; margin_bottom=&#8221;0&#8243;][\/vc_column][\/mk_page_section][mk_page_section][vc_column][mk_fancy_title color=&#8221;#f97352&#8243; size=&#8221;35&#8243; font_weight=&#8221;300&#8243; margin_top=&#8221;10&#8243; margin_bottom=&#8221;0&#8243; font_family=&#8221;none&#8221;]\n<p class=\"p1\">Comunit\u00e0 Educante Evoluta Zisa Danisinni<\/p>\n[\/mk_fancy_title][\/vc_column][\/mk_page_section][mk_page_section][vc_column width=&#8221;1\/3&#8243;][vc_single_image image=&#8221;5939&#8243; img_size=&#8221;200X200&#8243;][\/vc_column][vc_column width=&#8221;2\/3&#8243;][vc_column_text]<strong>Avviato il<\/strong>: Aprile 2017<br \/>\n<strong>Concluso il<\/strong>:\u00a0in corso<br \/>\n<strong>Ente attuatore:<\/strong>\u00a0Ass. Inventare Insieme (onlus)<\/p>\n<p><strong>Sede svolgimento:<\/strong>\u00a0Quartiere Zisa Palermo in particolare quadrilatero Cipressi, Ingastone, Danisinni<\/p>\n<p class=\"x_MsoNormal\" style=\"text-align: justify;\" align=\"center\"><strong>Comunit\u00e0 Educante Evoluta Zisa Danisinni<\/strong><\/p>\n<p class=\"x_gmail-p1\" style=\"text-align: justify;\">La Comunit\u00e0 Educante Evoluta Zisa Danisinni \u00e8 un progetto selezionato da Con i Bambini nell\u2019ambito del Fondo per il contrasto della povert\u00e0 educativa minorile. Si rivolge a circa 700 giovani dai 5 ai 14 anni e alle loro famiglie. Opera nel quartiere Zisa di Palermo e in particolare nel quadrilatero \u201cCipressi, Ingastone, Danisinni\u201d, una periferia urbana dove sono presenti situazioni di grave povert\u00e0 assoluta e educativa.<\/p>\n<p class=\"x_gmail-p1\" style=\"text-align: justify;\">\u00a0L\u2019intervento ha la finalit\u00e0 di sviluppare una comunit\u00e0 educante evoluta volta al superamento della povert\u00e0 educativa attraverso la promozione di processi integrati tra le agenzie educative territoriali e l\u2019attivazione di percorsi educativi individualizzati e di gruppo che rafforzino le competenze di base e quelle trasversali promuovendo il successo scolastico.<\/p>\n<p class=\"x_MsoNormal\" style=\"text-align: justify;\">\u00a0Il progettovuole fare del territorio un ambiente educativo sicuro, moltiplicando le occasioni di apprendimento e rendendo accessibili le strutture pubbliche e private nelle attivit\u00e0 di crescita.<\/p>\n<p class=\"x_gmail-p1\" style=\"text-align: justify;\">In una visione volta allo sviluppo economico, all\u2019emancipazione e all\u2019autonomia e non all\u2019assistenzialismo e al contenimento del disagio,\u00a0interviene sugli alunni di scuola primaria e secondaria di primo grado e sviluppa processi innovativi di creativit\u00e0 e di cittadinanza attiva attraverso arte, cultura, musica, nuove tecnologie potenziando l\u2019offerta formativa ed educativa.<\/p>\n<p class=\"x_MsoNormal\"><u>L\u2019architettura progettuale si sviluppa su 10 azioni<\/u><\/p>\n<p class=\"x_MsoNormal\"><strong>Azione 1 \u2013 \u201cGovernance\u201d<\/strong><\/p>\n<p class=\"x_MsoNormal\">\u00c8 finalizzata al coordinamento generale del progetto, in particolare al coordinamento della rete dei partner, delle procedure gestionali, organizzative e amministrative necessarie all\u2019attuazione del progetto<\/p>\n<p class=\"x_MsoNormal\"><strong>Azione 2 \u2013 \u201cComunicazione, promozione e diffusione\u201d\u00a0<\/strong><\/p>\n<p class=\"x_MsoNormal\">\u00c8 finalizzata a gestire l\u2019attivit\u00e0 di comunicazione interna e esterna del progetto<\/p>\n<p class=\"x_MsoNormal\"><strong>Azione 3 \u2013 \u201cValutazione d\u2019Impatto\u201d<\/strong><\/p>\n<p class=\"x_MsoNormal\">Gestita dal Dipartimento Culture e Societ\u00e0 dell\u2019Universit\u00e0 di Palermo, attraverser\u00e0 l\u2019intera durata del progetto e si proietter\u00e0 sino a due anni dalla conclusione delle stesse<\/p>\n<p class=\"x_MsoNormal\"><strong>Azione 4 \u2013 \u201cGenerare la Comunit\u00e0 Educante Evoluta\u201d\u00a0<\/strong><\/p>\n<p class=\"x_MsoNormal\">Si compone di due sottoazioni:<\/p>\n<p class=\"x_MsoNormal\">\u2013\u00a0Sviluppo del Modello della Comunit\u00e0 Educante Evoluta<\/p>\n<p class=\"x_MsoNormal\">\u2013\u00a0Educativa territoriale per lo sviluppo della Comunit\u00e0 Educante<\/p>\n<p class=\"x_MsoNormal\"><strong>Azione 5 \u201cPromuovere la Comunit\u00e0 Educante Evoluta\u201d\u00a0<\/strong><\/p>\n<p class=\"x_MsoNormal\">Si compone di due sottoazioni:<\/p>\n<p class=\"x_MsoNormal\">\u2013\u00a0So-stare nella Comunit\u00e0 Educante Evoluta<\/p>\n<p class=\"x_MsoNormal\">\u2013\u00a0Laboratorio Zisa Tal\u00e8<\/p>\n<p class=\"x_MsoNormal\"><strong>Azione 6 \u2013 \u201cPromuovere famiglia nella CEE\u201d<\/strong><\/p>\n<p class=\"x_MsoNormal\">Ha l\u2019obiettivo di promuovere la famiglia nella Comunit\u00e0 Educante<\/p>\n<p class=\"x_MsoNormal\"><b>\u00a0<\/b><\/p>\n<p class=\"x_MsoNormal\"><strong>Azione 7 \u2013 \u201cPoli infanzia\u201d<\/strong><\/p>\n<p class=\"x_MsoNormal\">Prevede l\u2019attivazione di due \u201cPoli Infanzia\u201d: uno nell\u2019area Danisinni strutturato nel plesso di \u201cScipione di Castro\u201d dell\u2019I.C. Colozza Bonfiglio e l\u2019altro nell\u2019area Zisa, strutturato nel plesso \u201cGiovanni Pascoli\u201d della Direzione Didattica Gabelli.<\/p>\n<p class=\"x_MsoNormal\">L\u2019azione si compone di sottoazioni:<\/p>\n<p class=\"x_MsoNormal\">\u2013\u00a0Infrastrutturazione dei poli infanzia<u><\/u>(potenziamento strutture, formazione e doti)<\/p>\n<p class=\"x_MsoNormal\">\u2013\u00a0Laboratori di apprendimento STEM (matematica e nuove tecnologie)<\/p>\n<p class=\"x_MsoNormal\">\u2013\u00a0Laboratori di apprendimento Linguaggi<u><\/u>(scrittura creativa, lingue, allenamente)<\/p>\n<p class=\"x_MsoNormal\">\u2013\u00a0Innovazione didattica<u><\/u>(formazione insegnanti, Laboratori di favole, musica e teatro)<\/p>\n<p class=\"x_MsoNormal\">\u2013\u00a0Percorso formativo per educatori e animatori<\/p>\n<p class=\"x_MsoNormal\"><strong>Azione 8 \u2013 \u201cPoli adolescenza\u201d<\/strong><\/p>\n<p class=\"x_MsoNormal\">Prevede l\u2019attivazione di due \u201cPoli Adolescenza\u201d: uno nell\u2019area Danisinni strutturato nel plesso di \u201cBonfiglio\u201d, l\u2019altro nell\u2019area Zisa, strutturato presso il \u201cCentro Tau\u201d, spazio polivalente e attrezzato per attivit\u00e0 artistiche e multimediali.<\/p>\n<p class=\"x_MsoNormal\">L\u2019azione si compone di quattro sottoazioni:<\/p>\n<p class=\"x_MsoNormal\">\u2013\u00a0Infrastrutturazione dei poli infanzia<u><\/u>(Coordinamento e doti)<\/p>\n<p class=\"x_MsoNormal\">\u2013\u00a0Laboratori di apprendimento discipline STEM\u00a0(matematica e nuove tecnologie)<\/p>\n<p class=\"x_MsoNormal\">\u2013\u00a0Laboratori di apprendimento Linguaggi<u><\/u>(scrittura creativa, lingue, allenamente)<\/p>\n<p class=\"x_MsoNormal\">\u2013\u00a0Innovazione didattica (formazione insegnanti e operatori, Laboratori di teatro)<\/p>\n<p class=\"x_MsoNormal\"><strong>Azione 9 \u2013 \u201cFattoria sociale Danisinni\u201d<\/strong><\/p>\n<p class=\"x_MsoNormal\">\u00c8 finalizzata al miglioramento e al potenziamento della fattoria sociale attivata dalla Parrocchia S. Agnese V.M. nel rione Danisinni<\/p>\n<p class=\"x_MsoNormal\">L\u2019azione prevede due sotto azioni:<\/p>\n<p class=\"x_MsoNormal\">\u2013\u00a0Infrastrutturazione\u00a0e sistemazione di alcune aree della fattoria<\/p>\n<p class=\"x_MsoNormal\">\u2013\u00a0Laboratori della fattoria sociale<\/p>\n<p class=\"x_MsoNormal\"><strong>Azione 10 \u2013 \u201cDalla Rambla al Parco\u201d<\/strong><\/p>\n<p class=\"x_MsoNormal\">Ha come obiettivo quello di promuovere l\u2019arte tra i bambini e sul territorio della CEE ed \u00e8 strutturata su tre sottoazioni:<\/p>\n<p class=\"x_MsoNormal\">\u2013 Un disegno artistico per il territorio<\/p>\n<p class=\"x_MsoNormal\">\u2013 \u00a0La comunit\u00e0 diventa Accademia d\u2019Arte<\/p>\n<p class=\"x_MsoNormal\">\u2013 La comunit\u00e0 diventa Conservatorio<\/p>\n<p><b>\u00a0<\/b><\/p>\n<p><strong>\u00a0Rete Partner\u00a0<\/strong><\/p>\n<p style=\"text-align: justify;\">Associazione Inventare Insieme (onlus),\u00a0Accademia di Belle Arti di Palermo,\u00a0Cooperativa Sociale Al Azis,\u00a0ARPI,\u00a0Associazione Insieme per Danisinni onlus<span class=\"x_gmail-apple-converted-space\">\u00a0<\/span>,\u00a0C.I.D.I. (Centro di iniziativa democratica degli insegnanti)<span class=\"x_gmail-apple-converted-space\">,\u00a0<\/span>Comune di Palermo,\u00a0Conservatorio di Musica Vincenzo Bellini,\u00a0Circolo Didattico \u201cA. Gabelli\u201d<span class=\"x_gmail-apple-converted-space\">,\u00a0<\/span>Istituto comprensivo \u201cColozza Bonfiglio\u201d,\u00a0Istituto di Formazione Politica \u201cPedro Arrupe\u201d\u2013 Centro Studi Sociali,\u00a0Parrocchia di Sant\u2019Agnese,\u00a0Progetto Legalit\u00e0 in memoria di Paolo Borsellino e di tutte le altre vittime della mafia<span class=\"x_gmail-apple-converted-space\">, Universit\u00e0 degli Studi di Palermo,\u00a0<\/span>Dipartimento Culture e Societ\u00e0<\/p>\n[\/vc_column_text][\/vc_column][\/mk_page_section]\n","protected":false},"excerpt":{"rendered":"<p>[mk_page_section full_width=&#8221;true&#8221; padding_top=&#8221;0&#8243; padding_bottom=&#8221;0&#8243; el_class=&#8221;nopaddingheader&#8221; sidebar=&#8221;sidebar-1&#8243;][vc_column][mk_image src=&#8221;http:\/\/mediatau.it\/centrotau\/wp-content\/uploads\/sites\/2\/2016\/02\/header-progetti.png&#8221; image_size=&#8221;full&#8221; align=&#8221;center&#8221; margin_bottom=&#8221;0&#8243;][\/vc_column][\/mk_page_section][mk_page_section][vc_column][mk_fancy_title color=&#8221;#f97352&#8243; size=&#8221;35&#8243; font_weight=&#8221;300&#8243; margin_top=&#8221;10&#8243; margin_bottom=&#8221;0&#8243; font_family=&#8221;none&#8221;] Comunit\u00e0 Educante Evoluta Zisa Danisinni [\/mk_fancy_title][\/vc_column][\/mk_page_section][mk_page_section][vc_column width=&#8221;1\/3&#8243;][vc_single_image image=&#8221;5939&#8243; img_size=&#8221;200X200&#8243;][\/vc_column][vc_column width=&#8221;2\/3&#8243;][vc_column_text]Avviato il: Aprile 2017 Concluso il:\u00a0in corso Ente attuatore:\u00a0Ass. Inventare Insieme (onlus) Sede svolgimento:\u00a0Quartiere Zisa Palermo in particolare quadrilatero Cipressi, Ingastone, Danisinni Comunit\u00e0 Educante Evoluta Zisa Danisinni La Comunit\u00e0 Educante [&hellip;]<\/p>\n","protected":false},"author":3,"featured_media":0,"parent":0,"menu_order":0,"comment_status":"closed","ping_status":"closed","template":"","meta":{"footnotes":""},"class_list":["post-6072","page","type-page","status-publish","hentry"],"_links":{"self":[{"href":"https:\/\/mediatau.it\/centrotau\/wp-json\/wp\/v2\/pages\/6072","targetHints":{"allow":["GET"]}}],"collection":[{"href":"https:\/\/mediatau.it\/centrotau\/wp-json\/wp\/v2\/pages"}],"about":[{"href":"https:\/\/mediatau.it\/centrotau\/wp-json\/wp\/v2\/types\/page"}],"author":[{"embeddable":true,"href":"https:\/\/mediatau.it\/centrotau\/wp-json\/wp\/v2\/users\/3"}],"replies":[{"embeddable":true,"href":"https:\/\/mediatau.it\/centrotau\/wp-json\/wp\/v2\/comments?post=6072"}],"version-history":[{"count":6,"href":"https:\/\/mediatau.it\/centrotau\/wp-json\/wp\/v2\/pages\/6072\/revisions"}],"predecessor-version":[{"id":6079,"href":"https:\/\/mediatau.it\/centrotau\/wp-json\/wp\/v2\/pages\/6072\/revisions\/6079"}],"wp:attachment":[{"href":"https:\/\/mediatau.it\/centrotau\/wp-json\/wp\/v2\/media?parent=6072"}],"curies":[{"name":"wp","href":"https:\/\/api.w.org\/{rel}","templated":true}]}}