{"id":69,"date":"2013-05-15T21:31:15","date_gmt":"2013-05-15T19:31:15","guid":{"rendered":"http:\/\/mediatau.it\/centrotau\/?page_id=69"},"modified":"2019-07-22T15:28:59","modified_gmt":"2019-07-22T13:28:59","slug":"centrotau","status":"publish","type":"page","link":"https:\/\/mediatau.it\/centrotau\/centrotau\/","title":{"rendered":"Il Centro TAU"},"content":{"rendered":"[mk_page_section full_width=&#8221;true&#8221; padding_top=&#8221;0&#8243; padding_bottom=&#8221;0&#8243; sidebar=&#8221;sidebar-1&#8243;][vc_column][mk_image src=&#8221;http:\/\/mediatau.it\/centrotau\/wp-content\/uploads\/sites\/2\/2013\/05\/centrotau-head.jpg&#8221; image_size=&#8221;full&#8221; align=&#8221;center&#8221; margin_bottom=&#8221;0&#8243;][\/vc_column][\/mk_page_section][mk_page_section][vc_column][mk_fancy_title color=&#8221;#f97352&#8243; size=&#8221;35&#8243; font_weight=&#8221;300&#8243; margin_top=&#8221;10&#8243; margin_bottom=&#8221;0&#8243; font_family=&#8221;none&#8221;]IL CENTRO TAU[\/mk_fancy_title][\/vc_column][vc_column width=&#8221;1\/2&#8243;][vc_column_text]\n<p style=\"text-align: justify;\"><span style=\"font-weight: 400;\">Il Centro Tau nasce nel 1988 grazie alla libera iniziativa di volontari e al<\/span><span style=\"font-weight: 400;\">l\u2019impegno di alcuni giovani francescani della Parrocchia S. Maria della Pace di Palermo. L\u2019obiettivo \u00e8 quello di migliorare la vita dei ragazzi del territorio Cipressi, Ingastone e Danisinni grazie ad attivit\u00e0 di accoglienza e di sostegno per le famiglie.<\/span><\/p>\n<p style=\"text-align: justify;\"><span style=\"font-weight: 400;\">Il 21 dicembre del 1990, su iniziativa dei volontari del Centro di Solidariet\u00e0 TAU, viene costituita l\u2019Associazione \u201cInventare Insieme\u201d con l\u2019intento di creare i presupposti per una \u201crinascita sociale\u201d del territorio della Zisa, prevenendo le forme di violenza e aggressivit\u00e0 e al contempo diffondendo la cultura della legalit\u00e0.<\/span><\/p>\n<p style=\"text-align: justify;\"><span style=\"font-weight: 400;\">Con la costituzione dell\u2019associazione si avvia un processo di sviluppo delle attivit\u00e0: dall\u2019animazione all\u2019impegno sociale per il cambiamento, dalla formazione alla stimolazione delle Istituzioni per iI potenziamento dei servizi, dalla prevenzione alla ricerca di nuove opportunit\u00e0 di lavoro.<\/span><\/p>\n<p>Nel Maggio 2014 il centro Tau diventa <a href=\"http:\/\/www.illuminiamoilfuturo.it\/punto-luce\/punto-luce-palermo\/\">Punto Luce di Save The Children<\/a> per combattere la povert\u00e0 educativa nelle zone svantaggiate della citt\u00e0.[\/vc_column_text][\/vc_column][vc_column width=&#8221;1\/2&#8243;][vc_column_text]\n<p style=\"text-align: justify;\">Nel 2015 grazie al progetto \u2018<a href=\"http:\/\/mediatau.it\/openspace\/\">Openspace\u2019 f<\/a>inanziato dal FESR Sicilia \u00a0sono stati infrastrutturati anche gli spazi multimediali del Centro Tau: il laboratorio musicale \u2018Zisoundlab che ha a disposizione spazi per lo studio e \u00a0le prove e dotato di tutto il necessario per la registrazione professionale di brani musicali, aperto gratuitamente ai giovani iscritti al Centro e il laboratorio per la produzione di video e filmati che fa riferimento al laboratorio Iammonline.<\/p>\n<p style=\"text-align: justify;\">Il 6 settembre 2017 gli spazi del Centro Tau\u00a0sono stati acquistati da Inventare Insieme (onlus) grazie al contributo degli enti che lo supportano: Fondazione con il Sud, Enel Cuore Onlus, Save the Children Italia Onlus e Fondazione Peppino Vismara<\/p>\n<p style=\"text-align: justify;\">Il Centro Tau fa parte della Comunit\u00e0 Educante Evoluta Zisa Danisinni (CEE) un progetto selezionato da Con i Bambini nell&#8217;ambito del Fondo per il contrasto della povert\u00e0 educativa minorile ed avviato il 23 gennaio 2019.<\/p>\n<p style=\"text-align: justify;\">Il Centro Tau \u00e8 una \u201ccasa di tutti\u201d, nessuno \u00e8 ospite, tutto \u00e8 fruibile rispettandolo. E\u2019 pensato e strutturato per essere un luogo di aggregazione, convivialit\u00e0, socialit\u00e0 e interculturalit\u00e0.<\/p>\n[\/vc_column_text][\/vc_column][\/mk_page_section]\n","protected":false},"excerpt":{"rendered":"<p>[mk_page_section full_width=&#8221;true&#8221; padding_top=&#8221;0&#8243; padding_bottom=&#8221;0&#8243; sidebar=&#8221;sidebar-1&#8243;][vc_column][mk_image src=&#8221;http:\/\/mediatau.it\/centrotau\/wp-content\/uploads\/sites\/2\/2013\/05\/centrotau-head.jpg&#8221; image_size=&#8221;full&#8221; align=&#8221;center&#8221; margin_bottom=&#8221;0&#8243;][\/vc_column][\/mk_page_section][mk_page_section][vc_column][mk_fancy_title color=&#8221;#f97352&#8243; size=&#8221;35&#8243; font_weight=&#8221;300&#8243; margin_top=&#8221;10&#8243; margin_bottom=&#8221;0&#8243; font_family=&#8221;none&#8221;]IL CENTRO TAU[\/mk_fancy_title][\/vc_column][vc_column width=&#8221;1\/2&#8243;][vc_column_text] Il Centro Tau nasce nel 1988 grazie alla libera iniziativa di volontari e all\u2019impegno di alcuni giovani francescani della Parrocchia S. Maria della Pace di Palermo. L\u2019obiettivo \u00e8 quello di migliorare la vita dei ragazzi del territorio [&hellip;]<\/p>\n","protected":false},"author":2,"featured_media":0,"parent":0,"menu_order":0,"comment_status":"open","ping_status":"open","template":"","meta":{"footnotes":""},"class_list":["post-69","page","type-page","status-publish","hentry"],"_links":{"self":[{"href":"https:\/\/mediatau.it\/centrotau\/wp-json\/wp\/v2\/pages\/69","targetHints":{"allow":["GET"]}}],"collection":[{"href":"https:\/\/mediatau.it\/centrotau\/wp-json\/wp\/v2\/pages"}],"about":[{"href":"https:\/\/mediatau.it\/centrotau\/wp-json\/wp\/v2\/types\/page"}],"author":[{"embeddable":true,"href":"https:\/\/mediatau.it\/centrotau\/wp-json\/wp\/v2\/users\/2"}],"replies":[{"embeddable":true,"href":"https:\/\/mediatau.it\/centrotau\/wp-json\/wp\/v2\/comments?post=69"}],"version-history":[{"count":44,"href":"https:\/\/mediatau.it\/centrotau\/wp-json\/wp\/v2\/pages\/69\/revisions"}],"predecessor-version":[{"id":6112,"href":"https:\/\/mediatau.it\/centrotau\/wp-json\/wp\/v2\/pages\/69\/revisions\/6112"}],"wp:attachment":[{"href":"https:\/\/mediatau.it\/centrotau\/wp-json\/wp\/v2\/media?parent=69"}],"curies":[{"name":"wp","href":"https:\/\/api.w.org\/{rel}","templated":true}]}}