{"id":81,"date":"2013-05-16T12:39:14","date_gmt":"2013-05-16T10:39:14","guid":{"rendered":"http:\/\/mediatau.it\/centrotau\/?page_id=81"},"modified":"2019-01-30T16:19:35","modified_gmt":"2019-01-30T15:19:35","slug":"officina-di-animazione","status":"publish","type":"page","link":"https:\/\/mediatau.it\/centrotau\/officina-di-animazione\/","title":{"rendered":"Officina di Animazione"},"content":{"rendered":"[mk_page_section full_width=&#8221;true&#8221; padding_top=&#8221;0&#8243; padding_bottom=&#8221;0&#8243; sidebar=&#8221;sidebar-1&#8243;][vc_column][mk_image src=&#8221;http:\/\/mediatau.it\/centrotau\/wp-content\/uploads\/sites\/2\/2013\/05\/animazione-1.png&#8221; image_size=&#8221;full&#8221; align=&#8221;center&#8221; margin_bottom=&#8221;0&#8243;][\/vc_column][\/mk_page_section][mk_page_section][vc_column][mk_fancy_title color=&#8221;#f97352&#8243; size=&#8221;35&#8243; font_weight=&#8221;300&#8243; margin_top=&#8221;10&#8243; margin_bottom=&#8221;0&#8243; font_family=&#8221;none&#8221;]OFFICINA DI ANIMAZIONE[\/mk_fancy_title][\/vc_column][vc_column width=&#8221;1\/2&#8243;][vc_column_text]IL CENTRO TAU \u00e8 sport, condivisione, aggregazione e divertimento. L\u2019animazione \u00e8 mettere l\u2019anima in azione attraverso creativit\u00e0 e momenti di socialit\u00e0 ma \u00e8 anche strumento per diffondere valori, regole e rispetto.<\/p>\n<p>Al Centro Tau non mancano i momenti ludici, i percorsi di giocoleria e le altre attivit\u00e0 in cui il gioco diventa mezzo di comunicazione ed espressione.[\/vc_column_text][\/vc_column][vc_column width=&#8221;1\/2&#8243;][vc_column_text]Nell\u2019Officina di Animazione si organizza da diversi anni l\u2019iniziativa \u201cCalciando in rete\u201d, con la collaborazione della rete CAG di Palermo, dove troviamo varie discipline sportive, come: calcio a 5, pallavolo, vela, equitazione e nuoto. Da sempre all\u2019interno del centro l\u2019animazione ha avuto un ruolo importantissimo coinvolgendo non solo i giovani ma l\u2019intera comunit\u00e0 locale.[\/vc_column_text][\/vc_column][\/mk_page_section][mk_page_section][vc_column][mk_fancy_title color=&#8221;#f97352&#8243; size=&#8221;35&#8243; font_weight=&#8221;300&#8243; margin_top=&#8221;10&#8243; margin_bottom=&#8221;0&#8243; font_family=&#8221;none&#8221;]GRUPPO DI LAVORO[\/mk_fancy_title][mk_employees style=&#8221;boxed&#8221; employees=&#8221;3657&#8243; description=&#8221;false&#8221;][\/vc_column][\/mk_page_section][mk_page_section][vc_column][mk_fancy_title color=&#8221;#f97352&#8243; size=&#8221;35&#8243; font_weight=&#8221;300&#8243; margin_top=&#8221;10&#8243; margin_bottom=&#8221;0&#8243; font_family=&#8221;none&#8221;]GALLERY[\/mk_fancy_title][mk_gallery images=&#8221;4139,4121,4079,5852,5853,5854&#8243; column=&#8221;4&#8243; height=&#8221;300&#8243;][\/vc_column][\/mk_page_section]\n","protected":false},"excerpt":{"rendered":"<p>[mk_page_section full_width=&#8221;true&#8221; padding_top=&#8221;0&#8243; padding_bottom=&#8221;0&#8243; sidebar=&#8221;sidebar-1&#8243;][vc_column][mk_image src=&#8221;http:\/\/mediatau.it\/centrotau\/wp-content\/uploads\/sites\/2\/2013\/05\/animazione-1.png&#8221; image_size=&#8221;full&#8221; align=&#8221;center&#8221; margin_bottom=&#8221;0&#8243;][\/vc_column][\/mk_page_section][mk_page_section][vc_column][mk_fancy_title color=&#8221;#f97352&#8243; size=&#8221;35&#8243; font_weight=&#8221;300&#8243; margin_top=&#8221;10&#8243; margin_bottom=&#8221;0&#8243; font_family=&#8221;none&#8221;]OFFICINA DI ANIMAZIONE[\/mk_fancy_title][\/vc_column][vc_column width=&#8221;1\/2&#8243;][vc_column_text]IL CENTRO TAU \u00e8 sport, condivisione, aggregazione e divertimento. L\u2019animazione \u00e8 mettere l\u2019anima in azione attraverso creativit\u00e0 e momenti di socialit\u00e0 ma \u00e8 anche strumento per diffondere valori, regole e rispetto. Al Centro Tau non mancano i momenti [&hellip;]<\/p>\n","protected":false},"author":2,"featured_media":0,"parent":0,"menu_order":0,"comment_status":"open","ping_status":"open","template":"","meta":{"footnotes":""},"class_list":["post-81","page","type-page","status-publish","hentry"],"_links":{"self":[{"href":"https:\/\/mediatau.it\/centrotau\/wp-json\/wp\/v2\/pages\/81","targetHints":{"allow":["GET"]}}],"collection":[{"href":"https:\/\/mediatau.it\/centrotau\/wp-json\/wp\/v2\/pages"}],"about":[{"href":"https:\/\/mediatau.it\/centrotau\/wp-json\/wp\/v2\/types\/page"}],"author":[{"embeddable":true,"href":"https:\/\/mediatau.it\/centrotau\/wp-json\/wp\/v2\/users\/2"}],"replies":[{"embeddable":true,"href":"https:\/\/mediatau.it\/centrotau\/wp-json\/wp\/v2\/comments?post=81"}],"version-history":[{"count":50,"href":"https:\/\/mediatau.it\/centrotau\/wp-json\/wp\/v2\/pages\/81\/revisions"}],"predecessor-version":[{"id":5856,"href":"https:\/\/mediatau.it\/centrotau\/wp-json\/wp\/v2\/pages\/81\/revisions\/5856"}],"wp:attachment":[{"href":"https:\/\/mediatau.it\/centrotau\/wp-json\/wp\/v2\/media?parent=81"}],"curies":[{"name":"wp","href":"https:\/\/api.w.org\/{rel}","templated":true}]}}