{"id":1149,"date":"2014-09-03T12:50:20","date_gmt":"2014-09-03T10:50:20","guid":{"rendered":"http:\/\/mediatau.it\/inventareinsieme\/?page_id=1149"},"modified":"2014-09-03T13:27:33","modified_gmt":"2014-09-03T11:27:33","slug":"punto-luce","status":"publish","type":"page","link":"https:\/\/mediatau.it\/inventareinsieme\/punto-luce\/","title":{"rendered":"Punto Luce"},"content":{"rendered":"<p style=\"text-align: justify;\"><a href=\"http:\/\/mediatau.it\/inventareinsieme\/wp-content\/uploads\/sites\/3\/2013\/06\/save.png\"><img fetchpriority=\"high\" decoding=\"async\" class=\"wp-image-1146\" src=\"http:\/\/mediatau.it\/inventareinsieme\/wp-content\/uploads\/sites\/3\/2013\/06\/save.png\" alt=\"save\" width=\"260\" height=\"260\" srcset=\"https:\/\/mediatau.it\/inventareinsieme\/wp-content\/uploads\/sites\/3\/2013\/06\/save.png 922w, https:\/\/mediatau.it\/inventareinsieme\/wp-content\/uploads\/sites\/3\/2013\/06\/save-150x150.png 150w, https:\/\/mediatau.it\/inventareinsieme\/wp-content\/uploads\/sites\/3\/2013\/06\/save-300x300.png 300w, https:\/\/mediatau.it\/inventareinsieme\/wp-content\/uploads\/sites\/3\/2013\/06\/save-187x187.png 187w\" sizes=\"(max-width: 260px) 100vw, 260px\" \/><\/a><\/p>\n<p><span style=\"font-family: 'comic sans ms', sans-serif; font-size: 14pt;\"><span style=\"color: #0000ff;\">Avviato il:<\/span> 12\/05\/2014 <\/span><\/p>\n<p><span style=\"font-family: 'comic sans ms', sans-serif; font-size: 14pt;\"><span style=\"color: #0000ff;\">Ente attuatore<\/span>: Ass. Inventare Insieme (onlus) e Save the Children.<\/span><\/p>\n<p><span style=\"font-family: 'comic sans ms', sans-serif; font-size: 14pt;\"><span style=\"color: #0000ff;\"> Sede svolgimento<\/span>: Centro Tau, via Cipressi 9 Palermo <\/span><\/p>\n<p><span style=\"font-family: 'comic sans ms', sans-serif; font-size: 14pt;\">Il Punto Luce di Palermo \u00e8 attivo all&#8217;interno dei locali del Centro tau, una struttura di circa 450mq nel cuore del quartiere Zisa. il Punto Luce ospita tante attivit\u00e0 gratuite per bambini e ragazzi dai 6 ai 16 anni ed \u00e8 dotato di una serie di spazi attrezzati per i diversi laboratori: pittura, musica, sport, educazione all&#8217;uso dei nuovi media, invito alla lettura e sostegno scolastico. <\/span><\/p>\n<p><span style=\"font-family: 'comic sans ms', sans-serif; font-size: 14pt;\">Il Punto Luce \u00e8 aperto 5 giorni a settimana, da luned\u00ec a venerd\u00ec dalle 15.00 alle 19.00.<\/span><\/p>\n<p>&nbsp;<\/p>\n","protected":false},"excerpt":{"rendered":"<p>Avviato il: 12\/05\/2014 Ente attuatore: Ass. Inventare Insieme (onlus) e Save the Children. Sede svolgimento: Centro Tau, via Cipressi 9 Palermo Il Punto Luce di Palermo \u00e8 attivo all&#8217;interno dei locali del Centro tau, una struttura di circa 450mq nel cuore del quartiere Zisa. il Punto Luce ospita tante attivit\u00e0 gratuite per bambini e ragazzi<\/p>\n","protected":false},"author":3,"featured_media":1146,"parent":0,"menu_order":0,"comment_status":"closed","ping_status":"open","template":"","meta":{"footnotes":""},"class_list":["post-1149","page","type-page","status-publish","has-post-thumbnail","hentry"],"_links":{"self":[{"href":"https:\/\/mediatau.it\/inventareinsieme\/wp-json\/wp\/v2\/pages\/1149","targetHints":{"allow":["GET"]}}],"collection":[{"href":"https:\/\/mediatau.it\/inventareinsieme\/wp-json\/wp\/v2\/pages"}],"about":[{"href":"https:\/\/mediatau.it\/inventareinsieme\/wp-json\/wp\/v2\/types\/page"}],"author":[{"embeddable":true,"href":"https:\/\/mediatau.it\/inventareinsieme\/wp-json\/wp\/v2\/users\/3"}],"replies":[{"embeddable":true,"href":"https:\/\/mediatau.it\/inventareinsieme\/wp-json\/wp\/v2\/comments?post=1149"}],"version-history":[{"count":4,"href":"https:\/\/mediatau.it\/inventareinsieme\/wp-json\/wp\/v2\/pages\/1149\/revisions"}],"predecessor-version":[{"id":1169,"href":"https:\/\/mediatau.it\/inventareinsieme\/wp-json\/wp\/v2\/pages\/1149\/revisions\/1169"}],"wp:featuredmedia":[{"embeddable":true,"href":"https:\/\/mediatau.it\/inventareinsieme\/wp-json\/wp\/v2\/media\/1146"}],"wp:attachment":[{"href":"https:\/\/mediatau.it\/inventareinsieme\/wp-json\/wp\/v2\/media?parent=1149"}],"curies":[{"name":"wp","href":"https:\/\/api.w.org\/{rel}","templated":true}]}}