{"id":165,"date":"2013-06-05T17:38:28","date_gmt":"2013-06-05T15:38:28","guid":{"rendered":"http:\/\/mediatau.it\/inventareinsieme\/?page_id=165"},"modified":"2024-10-22T18:14:43","modified_gmt":"2024-10-22T16:14:43","slug":"giovani","status":"publish","type":"page","link":"https:\/\/mediatau.it\/inventareinsieme\/ambiti-di-intervento\/giovani\/","title":{"rendered":"Giovani e Creativit\u00e0"},"content":{"rendered":"<p style=\"text-align: justify;\">Ragazzi e Giovani possono frequentare il Centro Tau, sperimentare e sperimentarsi, scoprirsi musicisti, radioperatori, scoprirsi liberi di scegliere il proprio futuro e di autodeterminarsi. All\u2019interno del Centro sono state attivate otto officine diverse: cittadinanza, comunit\u00e0, immaginazione, movimento, armonia, animazione, creativit\u00e0 e conoscenza grazie alle quali i giovani guidati da esperti in ogni settore sono coinvolti in workshop, incontri e iniziative educative, culturali, di integrazione e di crescita sociale e civile.<\/p>\n<p class=\"p1\" style=\"text-align: justify;\">Crescere vuol dire imparare la creativit\u00e0, rispettare la diversit\u00e0, esercitare la legalit\u00e0, comprendere il valore della libert\u00e0.\u00a0il nostro compito principale nei confronti dei giovani \u00e8 quello di favorire esperienze e promuovere opportunit\u00e0.<\/p>\n\n\n<p><\/p>\n","protected":false},"excerpt":{"rendered":"<p>Ragazzi e Giovani possono frequentare il Centro Tau, sperimentare e sperimentarsi, scoprirsi musicisti, radioperatori, scoprirsi liberi di scegliere il proprio futuro e di autodeterminarsi. All\u2019interno del Centro sono state attivate otto officine diverse: cittadinanza, comunit\u00e0, immaginazione, movimento, armonia, animazione, creativit\u00e0 e conoscenza grazie alle quali i giovani guidati da esperti in ogni settore sono coinvolti<\/p>\n","protected":false},"author":3,"featured_media":0,"parent":9,"menu_order":0,"comment_status":"closed","ping_status":"open","template":"","meta":{"footnotes":""},"class_list":["post-165","page","type-page","status-publish","hentry"],"_links":{"self":[{"href":"https:\/\/mediatau.it\/inventareinsieme\/wp-json\/wp\/v2\/pages\/165","targetHints":{"allow":["GET"]}}],"collection":[{"href":"https:\/\/mediatau.it\/inventareinsieme\/wp-json\/wp\/v2\/pages"}],"about":[{"href":"https:\/\/mediatau.it\/inventareinsieme\/wp-json\/wp\/v2\/types\/page"}],"author":[{"embeddable":true,"href":"https:\/\/mediatau.it\/inventareinsieme\/wp-json\/wp\/v2\/users\/3"}],"replies":[{"embeddable":true,"href":"https:\/\/mediatau.it\/inventareinsieme\/wp-json\/wp\/v2\/comments?post=165"}],"version-history":[{"count":8,"href":"https:\/\/mediatau.it\/inventareinsieme\/wp-json\/wp\/v2\/pages\/165\/revisions"}],"predecessor-version":[{"id":3181,"href":"https:\/\/mediatau.it\/inventareinsieme\/wp-json\/wp\/v2\/pages\/165\/revisions\/3181"}],"up":[{"embeddable":true,"href":"https:\/\/mediatau.it\/inventareinsieme\/wp-json\/wp\/v2\/pages\/9"}],"wp:attachment":[{"href":"https:\/\/mediatau.it\/inventareinsieme\/wp-json\/wp\/v2\/media?parent=165"}],"curies":[{"name":"wp","href":"https:\/\/api.w.org\/{rel}","templated":true}]}}