{"id":175,"date":"2013-06-05T17:42:42","date_gmt":"2013-06-05T15:42:42","guid":{"rendered":"http:\/\/mediatau.it\/inventareinsieme\/?page_id=175"},"modified":"2019-07-12T12:39:25","modified_gmt":"2019-07-12T10:39:25","slug":"periferie-e-sviluppo","status":"publish","type":"page","link":"https:\/\/mediatau.it\/inventareinsieme\/periferie-e-sviluppo\/","title":{"rendered":"Periferie e Sviluppo"},"content":{"rendered":"<p style=\"text-align: justify;\">Il nostro obiettivo da pi\u00f9 di trent\u2019anni \u00e8 quello di costruire una comunit\u00e0 educante, in periferie urbane come i quartieri Zisa e Noce. Grazie al Centro tau siamo riusciti a coinvolgere tanti giovani per costruire insieme a loro e per loro \u201cfuturi alternativi\u201d.<\/p>\n<p style=\"text-align: justify;\">Grazie al nostro impegno nessuno si sente escluso in un quartiere socialmente ed economicamente svantaggiato come quello della Zisa di Palermo. L\u2019educazione, la formazione, lo sviluppo della creativit\u00e0 sono mezzi potenti per attuare l\u2019inclusione sociale e creare sviluppo. Offriamo ai giovani del quartiere tutti i mezzi necessari sia strumentali (sala computer, mediateca, ludoteca, sala cinema e registrazione musicale ecc.) sia educativi grazie ai nostri formatori esperti e sia di sviluppo lavorativo grazie alle partnership con enti e istituzioni pubbliche e private.<\/p>\n<p style=\"text-align: justify;\">Da gennaio 2019 la Comunit\u00e0 Educante Evoluta Zisa Danisinni \u00e8 diventata realt\u00e0, si tratta di un progetto selezionato da Con i Bambini nell&#8217;ambito del Fondo per il contrasto della povert\u00e0 educativa minorile.<\/p>\n<p style=\"text-align: justify;\">Visita la pagina del progetto<\/p>\n<p style=\"text-align: justify;\"><a href=\"http:\/\/mediatau.it\/inventareinsieme\/comunita-educante-evoluto-zisa-dasinni\/\" rel=\"attachment wp-att-2000\"><img decoding=\"async\" class=\"alignleft wp-image-2000\" src=\"http:\/\/mediatau.it\/inventareinsieme\/wp-content\/uploads\/sites\/3\/2013\/06\/tasto-segui.png\" alt=\"tasto-segui\" width=\"215\" height=\"48\" srcset=\"https:\/\/mediatau.it\/inventareinsieme\/wp-content\/uploads\/sites\/3\/2013\/06\/tasto-segui.png 1088w, https:\/\/mediatau.it\/inventareinsieme\/wp-content\/uploads\/sites\/3\/2013\/06\/tasto-segui-300x67.png 300w, https:\/\/mediatau.it\/inventareinsieme\/wp-content\/uploads\/sites\/3\/2013\/06\/tasto-segui-768x172.png 768w, https:\/\/mediatau.it\/inventareinsieme\/wp-content\/uploads\/sites\/3\/2013\/06\/tasto-segui-1024x229.png 1024w, https:\/\/mediatau.it\/inventareinsieme\/wp-content\/uploads\/sites\/3\/2013\/06\/tasto-segui-280x63.png 280w\" sizes=\"(max-width: 215px) 100vw, 215px\" \/><\/a><\/p>\n<p style=\"text-align: justify;\">\n<p style=\"text-align: justify;\">\n<p style=\"text-align: justify;\">\n<p style=\"text-align: justify;\"><span style=\"color: #ffffff;\">.<\/span><\/p>\n","protected":false},"excerpt":{"rendered":"<p>Il nostro obiettivo da pi\u00f9 di trent\u2019anni \u00e8 quello di costruire una comunit\u00e0 educante, in periferie urbane come i quartieri Zisa e Noce. Grazie al Centro tau siamo riusciti a coinvolgere tanti giovani per costruire insieme a loro e per loro \u201cfuturi alternativi\u201d. Grazie al nostro impegno nessuno si sente escluso in un quartiere socialmente<\/p>\n","protected":false},"author":3,"featured_media":0,"parent":0,"menu_order":0,"comment_status":"closed","ping_status":"open","template":"","meta":{"footnotes":""},"class_list":["post-175","page","type-page","status-publish","hentry"],"_links":{"self":[{"href":"https:\/\/mediatau.it\/inventareinsieme\/wp-json\/wp\/v2\/pages\/175","targetHints":{"allow":["GET"]}}],"collection":[{"href":"https:\/\/mediatau.it\/inventareinsieme\/wp-json\/wp\/v2\/pages"}],"about":[{"href":"https:\/\/mediatau.it\/inventareinsieme\/wp-json\/wp\/v2\/types\/page"}],"author":[{"embeddable":true,"href":"https:\/\/mediatau.it\/inventareinsieme\/wp-json\/wp\/v2\/users\/3"}],"replies":[{"embeddable":true,"href":"https:\/\/mediatau.it\/inventareinsieme\/wp-json\/wp\/v2\/comments?post=175"}],"version-history":[{"count":8,"href":"https:\/\/mediatau.it\/inventareinsieme\/wp-json\/wp\/v2\/pages\/175\/revisions"}],"predecessor-version":[{"id":2004,"href":"https:\/\/mediatau.it\/inventareinsieme\/wp-json\/wp\/v2\/pages\/175\/revisions\/2004"}],"wp:attachment":[{"href":"https:\/\/mediatau.it\/inventareinsieme\/wp-json\/wp\/v2\/media?parent=175"}],"curies":[{"name":"wp","href":"https:\/\/api.w.org\/{rel}","templated":true}]}}