{"id":2271,"date":"2020-12-18T19:02:02","date_gmt":"2020-12-18T18:02:02","guid":{"rendered":"http:\/\/mediatau.it\/inventareinsieme\/?page_id=2271"},"modified":"2021-03-11T18:22:30","modified_gmt":"2021-03-11T17:22:30","slug":"30-anni-di-inventare-insieme","status":"publish","type":"page","link":"https:\/\/mediatau.it\/inventareinsieme\/30-anni-di-inventare-insieme\/","title":{"rendered":"30 anni di Inventare Insieme"},"content":{"rendered":"<div class=\"wpb-content-wrapper\">[vc_row][vc_column][vc_single_image image=&#8221;2284&#8243; img_size=&#8221;full&#8221;][\/vc_column][\/vc_row][vc_row][vc_column][vc_text_separator title=&#8221;30 anni di Inventare Insieme -Seminario web Luned\u00ec 21 dicembre 2020 pomeriggio &#8211; Nuova creativit\u00e0 in nuovi scenari&#8221; color=&#8221;peacoc&#8221; border_width=&#8221;2&#8243; css_animation=&#8221;fadeIn&#8221;][vc_separator color=&#8221;white&#8221; border_width=&#8221;10&#8243;][\/vc_column][\/vc_row][vc_row][vc_column width=&#8221;1\/6&#8243;][\/vc_column][vc_column width=&#8221;2\/3&#8243;][vc_images_carousel images=&#8221;2266,2267&#8243; img_size=&#8221;large&#8221; autoplay=&#8221;yes&#8221;][\/vc_column][vc_column width=&#8221;1\/6&#8243;][\/vc_column][\/vc_row][vc_row][vc_column][vc_column_text]\n<p class=\"x_MsoNormal\" style=\"text-align: center;\"><span style=\"font-family: helvetica; font-size: 18px;\">Il 21 dicembre 2020 ricorre il <b>trentesimo anniversario dalla fondazione di Inventare Insieme (onlus)<\/b>.<\/span><\/p>\n<p class=\"x_MsoNormal\" style=\"text-align: center;\"><span style=\"font-family: helvetica; font-size: 18px;\"> Sono trascorsi gi\u00e0 trent\u2019anni da quando un gruppo di volontari del Centro Tau ha deciso di passare da una forma spontanea di impegno per i bambini e le famiglie del territorio a un\u2019organizzazione associativa capace di sviluppare progettualit\u00e0 educative e sociali in grado di guardare nel tempo e di avere la pazienza della trasformazione e del cambiamento.<\/span><\/p>\n<p class=\"x_MsoNormal\" style=\"text-align: center;\"><span style=\"font-family: helvetica; font-size: 18px;\">Per ricordare questo anniversario abbiamo pensato di organizzare un seminario web dal titolo \u201c<b>30 anni di Inventare Insieme<\/b>.\u00a0<b>Nuova creativit\u00e0 in nuovi scenari<\/b>\u201d che si \u00e8 svolto nel pomeriggio del 21 dicembre. Un momento utile a rileggere la vita, i progetti e l\u2019esperienza attraverso diversi punti di vista.<\/span><\/p>\n<p class=\"x_MsoNormal\" style=\"text-align: center;\"><span style=\"font-family: helvetica; font-size: 18px;\">In questo momento particolarmente faticoso e che si prospetta nel futuro difficile riteniamo utile favorire, attraverso la memoria del trentennale, un confronto su come promuovere, attraverso il lavoro sociale, i principi dell\u2019uguaglianza, delle pari opportunit\u00e0, della solidariet\u00e0, della mutualit\u00e0, della sussidiariet\u00e0, della cittadinanza attiva, principi sui quali abbiamo strutturato il nostro progetto e la nostra<\/span> azione.<\/p>\n[\/vc_column_text][\/vc_column][\/vc_row][vc_row][vc_column][\/vc_column][vc_column][vc_column_text]\n<h1 style=\"text-align: center;\"><span style=\"font-family: helvetica;\">Gli interventi per il webinar sul 30\u00b0 anniversario dell&#8217;Associazione Inventare Insieme (onlus)<\/span><\/h1>\n[\/vc_column_text][vc_column_text]\n<h2 style=\"text-align: center;\"><span style=\"font-family: helvetica;\">Prima parte<\/span><\/h2>\n[\/vc_column_text][\/vc_column][\/vc_row][vc_row full_width=&#8221;stretch_row_content&#8221; css_animation=&#8221;none&#8221; css=&#8221;.vc_custom_1615482945282{background-color: #28c2ff !important;}&#8221;][vc_column width=&#8221;1\/3&#8243;][vc_video link=&#8221;https:\/\/www.youtube.com\/watch?v=ihUugOT4SmQ&amp;list=PLZe3VD24ga5_9af2gWi_4Bkaq7Td90EN4&amp;ab_channel=centrotau&#8221;][vc_video link=&#8221;https:\/\/www.youtube.com\/watch?v=CODiA9ki6Us&amp;list=PLZe3VD24ga5_9af2gWi_4Bkaq7Td90EN4&amp;index=4&amp;ab_channel=centrotau&#8221;][vc_video link=&#8221;https:\/\/www.youtube.com\/watch?v=gA8wf510eE4&amp;list=PLZe3VD24ga5_9af2gWi_4Bkaq7Td90EN4&amp;index=7&amp;ab_channel=centrotau&#8221;][vc_video link=&#8221;https:\/\/www.youtube.com\/watch?v=3PfClKay7d0&amp;list=PLZe3VD24ga5_9af2gWi_4Bkaq7Td90EN4&amp;index=10&amp;ab_channel=centrotau&#8221;][\/vc_column][vc_column width=&#8221;1\/3&#8243;][vc_video link=&#8221;https:\/\/www.youtube.com\/watch?v=jLb_KqqIvAw&amp;list=PLZe3VD24ga5_9af2gWi_4Bkaq7Td90EN4&amp;index=2&amp;ab_channel=centrotau&#8221;][vc_video link=&#8221;https:\/\/www.youtube.com\/watch?v=lLQIjTawU8Y&amp;list=PLZe3VD24ga5_9af2gWi_4Bkaq7Td90EN4&amp;index=5&amp;ab_channel=centrotau&#8221;][vc_video link=&#8221;https:\/\/www.youtube.com\/watch?v=rBzLux5UgDE&amp;list=PLZe3VD24ga5_9af2gWi_4Bkaq7Td90EN4&amp;index=8&amp;ab_channel=centrotau&#8221;][vc_video link=&#8221;https:\/\/www.youtube.com\/watch?v=Hq8rhPeuwtY&amp;list=PLZe3VD24ga5_9af2gWi_4Bkaq7Td90EN4&amp;index=11&amp;ab_channel=centrotau&#8221;][\/vc_column][vc_column width=&#8221;1\/3&#8243;][vc_video link=&#8221;https:\/\/www.youtube.com\/watch?v=OffEdTqRS1g&amp;list=PLZe3VD24ga5_9af2gWi_4Bkaq7Td90EN4&amp;index=3&amp;ab_channel=centrotau&#8221;][vc_video link=&#8221;https:\/\/www.youtube.com\/watch?v=o3R0PFmastw&amp;list=PLZe3VD24ga5_9af2gWi_4Bkaq7Td90EN4&amp;index=6&amp;ab_channel=centrotau&#8221;][vc_video link=&#8221;https:\/\/www.youtube.com\/watch?v=6DJFI54F8wg&amp;list=PLZe3VD24ga5_9af2gWi_4Bkaq7Td90EN4&amp;index=9&amp;ab_channel=centrotau&#8221;][\/vc_column][\/vc_row][vc_row][vc_column][vc_column_text]\n<h2 style=\"text-align: center;\"><span style=\"font-family: helvetica;\">Seconda parte<\/span><\/h2>\n[\/vc_column_text][\/vc_column][\/vc_row][vc_row full_width=&#8221;stretch_row_content&#8221; css_animation=&#8221;none&#8221; css=&#8221;.vc_custom_1615482951734{background-color: #018979 !important;}&#8221;][vc_column width=&#8221;1\/3&#8243;][vc_video link=&#8221;https:\/\/www.youtube.com\/watch?v=1yntzxF8w1M&amp;list=PLZe3VD24ga5_9af2gWi_4Bkaq7Td90EN4&amp;index=12&amp;ab_channel=centrotau&#8221;][vc_video link=&#8221;https:\/\/www.youtube.com\/watch?v=yNPjry07U4U&amp;list=PLZe3VD24ga5_9af2gWi_4Bkaq7Td90EN4&amp;index=15&amp;ab_channel=centrotau&#8221;][vc_video link=&#8221;https:\/\/www.youtube.com\/watch?v=U7fENxNH5Yw&amp;list=PLZe3VD24ga5_9af2gWi_4Bkaq7Td90EN4&amp;index=19&amp;ab_channel=centrotau&#8221;][vc_video link=&#8221;https:\/\/www.youtube.com\/watch?v=2qVlIDtbpHI&amp;list=PLZe3VD24ga5_9af2gWi_4Bkaq7Td90EN4&amp;index=23&amp;ab_channel=centrotau&#8221;][vc_video link=&#8221;https:\/\/www.youtube.com\/watch?v=8h-HGo7egFQ&amp;list=PLZe3VD24ga5_9af2gWi_4Bkaq7Td90EN4&amp;index=26&amp;ab_channel=centrotau&#8221;][\/vc_column][vc_column width=&#8221;1\/3&#8243;][vc_video link=&#8221;https:\/\/www.youtube.com\/watch?v=oNEKFK6rKAw&amp;list=PLZe3VD24ga5_9af2gWi_4Bkaq7Td90EN4&amp;index=13&amp;ab_channel=centrotau&#8221;][vc_video link=&#8221;https:\/\/www.youtube.com\/watch?v=2jRvcJvG0LQ&amp;list=PLZe3VD24ga5_9af2gWi_4Bkaq7Td90EN4&amp;index=16&amp;ab_channel=centrotau&#8221;][vc_video link=&#8221;https:\/\/www.youtube.com\/watch?v=nuh9m2h505U&amp;list=PLZe3VD24ga5_9af2gWi_4Bkaq7Td90EN4&amp;index=20&amp;ab_channel=centrotau&#8221;][vc_video link=&#8221;https:\/\/www.youtube.com\/watch?v=TZxVaDD4FoA&amp;list=PLZe3VD24ga5_9af2gWi_4Bkaq7Td90EN4&amp;index=25&amp;ab_channel=centrotau&#8221;][vc_video link=&#8221;https:\/\/www.youtube.com\/watch?v=aEIVYGVP034&amp;list=PLZe3VD24ga5_9af2gWi_4Bkaq7Td90EN4&amp;index=27&amp;ab_channel=centrotau&#8221;][vc_video link=&#8221;https:\/\/www.youtube.com\/watch?v=BETtOc2gukU&amp;list=PLZe3VD24ga5_9af2gWi_4Bkaq7Td90EN4&amp;index=22&amp;ab_channel=centrotau&#8221;][\/vc_column][vc_column width=&#8221;1\/3&#8243;][vc_video link=&#8221;https:\/\/www.youtube.com\/watch?v=cGtE7SxEufs&amp;list=PLZe3VD24ga5_9af2gWi_4Bkaq7Td90EN4&amp;index=14&amp;ab_channel=centrotau&#8221;][vc_video link=&#8221;https:\/\/www.youtube.com\/watch?v=xFNZMs9Ns60&amp;list=PLZe3VD24ga5_9af2gWi_4Bkaq7Td90EN4&amp;index=17&amp;ab_channel=centrotau&#8221;][vc_video link=&#8221;https:\/\/www.youtube.com\/watch?v=U965-4fLhEU&amp;list=PLZe3VD24ga5_9af2gWi_4Bkaq7Td90EN4&amp;index=21&amp;ab_channel=centrotau&#8221;][vc_video link=&#8221;https:\/\/www.youtube.com\/watch?v=n9tSblbS0_A&amp;list=PLZe3VD24ga5_9af2gWi_4Bkaq7Td90EN4&amp;index=18&amp;ab_channel=centrotau&#8221;][vc_video link=&#8221;https:\/\/www.youtube.com\/watch?v=CrxOtOvEdUI&amp;list=PLZe3VD24ga5_9af2gWi_4Bkaq7Td90EN4&amp;index=28&amp;ab_channel=centrotau&#8221;][\/vc_column][\/vc_row]\n<\/div>","protected":false},"excerpt":{"rendered":"<p>[vc_row][vc_column][vc_single_image image=&#8221;2284&#8243; img_size=&#8221;full&#8221;][\/vc_column][\/vc_row][vc_row][vc_column][vc_text_separator title=&#8221;30 anni di Inventare Insieme -Seminario web Luned\u00ec 21 dicembre 2020 pomeriggio &#8211; Nuova creativit\u00e0 in nuovi scenari&#8221; color=&#8221;peacoc&#8221; border_width=&#8221;2&#8243; css_animation=&#8221;fadeIn&#8221;][vc_separator color=&#8221;white&#8221; border_width=&#8221;10&#8243;][\/vc_column][\/vc_row][vc_row][vc_column width=&#8221;1\/6&#8243;][\/vc_column][vc_column width=&#8221;2\/3&#8243;][vc_images_carousel images=&#8221;2266,2267&#8243; img_size=&#8221;large&#8221; autoplay=&#8221;yes&#8221;][\/vc_column][vc_column width=&#8221;1\/6&#8243;][\/vc_column][\/vc_row][vc_row][vc_column][vc_column_text] Il 21 dicembre 2020 ricorre il trentesimo anniversario dalla fondazione di Inventare Insieme (onlus). Sono trascorsi gi\u00e0 trent\u2019anni da quando un gruppo di<\/p>\n","protected":false},"author":3,"featured_media":0,"parent":0,"menu_order":0,"comment_status":"closed","ping_status":"closed","template":"","meta":{"footnotes":""},"class_list":["post-2271","page","type-page","status-publish","hentry"],"_links":{"self":[{"href":"https:\/\/mediatau.it\/inventareinsieme\/wp-json\/wp\/v2\/pages\/2271","targetHints":{"allow":["GET"]}}],"collection":[{"href":"https:\/\/mediatau.it\/inventareinsieme\/wp-json\/wp\/v2\/pages"}],"about":[{"href":"https:\/\/mediatau.it\/inventareinsieme\/wp-json\/wp\/v2\/types\/page"}],"author":[{"embeddable":true,"href":"https:\/\/mediatau.it\/inventareinsieme\/wp-json\/wp\/v2\/users\/3"}],"replies":[{"embeddable":true,"href":"https:\/\/mediatau.it\/inventareinsieme\/wp-json\/wp\/v2\/comments?post=2271"}],"version-history":[{"count":54,"href":"https:\/\/mediatau.it\/inventareinsieme\/wp-json\/wp\/v2\/pages\/2271\/revisions"}],"predecessor-version":[{"id":2430,"href":"https:\/\/mediatau.it\/inventareinsieme\/wp-json\/wp\/v2\/pages\/2271\/revisions\/2430"}],"wp:attachment":[{"href":"https:\/\/mediatau.it\/inventareinsieme\/wp-json\/wp\/v2\/media?parent=2271"}],"curies":[{"name":"wp","href":"https:\/\/api.w.org\/{rel}","templated":true}]}}