{"id":3079,"date":"2024-03-13T18:08:53","date_gmt":"2024-03-13T17:08:53","guid":{"rendered":"http:\/\/mediatau.it\/inventareinsieme\/?page_id=3079"},"modified":"2024-10-12T19:08:45","modified_gmt":"2024-10-12T17:08:45","slug":"il-bilancio-sociale-di-inventare-insieme-onlus-e-del-centro-tau-2022","status":"publish","type":"page","link":"https:\/\/mediatau.it\/inventareinsieme\/il-bilancio-sociale-di-inventare-insieme-onlus-e-del-centro-tau-2022\/","title":{"rendered":"Bilancio sociale 2022"},"content":{"rendered":"<div class=\"wpb-content-wrapper\">[vc_row][vc_column][vc_column_text]\r\n<p>Il bilancio sociale o rendiconto della responsabilit\u00e0 sociale d&#8217;impresa \u00e8 un documento con il quale un&#8217;organizzazione, che sia un&#8217;impresa o un ente pubblico o un&#8217;associazione, comunica periodicamente gli esiti della sua attivit\u00e0, non limitandosi ai soli aspetti finanziari e contabili.\u201d (Wikipedia)<\/p>\r\n\r\n<p>&nbsp;<\/p>\r\n[\/vc_column_text][vc_single_image image=&#8221;3086&#8243; img_size=&#8221;1600&#215;1100&#8243; alignment=&#8221;center&#8221;][\/vc_column][\/vc_row][vc_row][vc_column][vc_column_text]\r\n<p><strong>PRESENTAZIONE DEL BILANCIO SOCIALE<\/strong><\/p>\r\n[\/vc_column_text][vc_column_text]\r\n<p>La scelta della redazione del bilancio sociale \u00e8 nata all\u2019interno del Coordinamento Centrale dell\u2019Associazione pur non essendo ancora obbligati a farlo il Coordinamento con l\u2019obiettivo di attivare un processo partecipativo, interno ed esterno, volto a promuovere la \u201crendicontazione sociale\u201d del lavoro sviluppato da Inventare Insieme (onlus) e dal Centro Tau non solo nell\u2019anno di riferimento, ma anche nella capitalizzazione dell\u2019esperienza e della potenziale circolarit\u00e0 e generativit\u00e0 dell\u2019impegno educativo e di promozione sociale e culturale che ha interessato migliaia di bambini, giovani e adulti.<br \/>Tutti i servizi dell\u2019associazione sono stati coinvolti nella stesura e si \u00e8 costituito nel 2023 un gruppo di lavoro che ha operato cercando di organizzare il processo di \u201crendicontazione\u201d del lavoro sviluppato. La grande quantit\u00e0 di progetti in corso, e in fase di chiusura non hanno reso agevole il compito. Il Bilancio Sociale \u00e8 stato discusso e approvato dall\u2019Assemblea dei soci.<br \/>L\u2019obiettivo \u00e8 stato quello di definire le basi di un lavoro che nel corso del 2023 potr\u00e0 favorire lo sviluppo di versione pi\u00f9 ricca e approfondita nel 2024. In particolare, gli sviluppi e i miglioramenti dovranno riguardare le modalit\u00e0 di rappresentazione sintetica dei dati e gli strumenti di comunicazione per far s\u00ec che tutte le persone interessate, soci, dipendenti, collaboratori, beneficiari, partner, istituzioni possano conoscere il rilevante lavoro che \u00e8 stato e viene sviluppato dall\u2019associazione nei due ambiti principali di intervento: \u201cEducazione e Territorio\u201d e \u201cFormazione e Lavoro\u201d.<br \/>Seppur nella \u201cversione zero\u201d la stesura del bilancio sociale ha consentito di percorrere e sistematizzare il lavoro svolto, le tappe di realizzazione e ripercorrere a ritrosa progettualit\u00e0 importante per la storia dell\u2019associazione, del territorio e dei tanti bambini, adolescenti, giovani e famiglie coinvolti.<br \/>Momenti di fatica, di successo, di festa, di angoscia, di sacrificio, di paura, di impegno si sono alternati anche in un 2022 che nonostante l\u2019emergenza sanitaria fosse finita, portava gli strascichi del tempo pandemico e le fatiche sociali, emotive ed economiche di quel periodo.<br \/>Non \u00e8 mancato l\u2019impegno, i risultati sono significativi, il carico di lavoro ed emotivo \u00e8 stato alto, anche per la faticosa relazione con gli enti istituzionali e per far fronte alle sempre pi\u00f9 gravose procedure burocratiche e amministrative.<br \/>\u00c8 ovvio che il Bilancio Sociale non potr\u00e0 essere mai totalmente neutrale come pu\u00f2 esserlo il bilancio d\u2019esercizio. Abbiamo cercato di renderlo quanto pi\u00f9 possibile verificabile ed oggettivo, anche se si tratta pur sempre di una versione zero.<\/p>\r\n[\/vc_column_text][\/vc_column][\/vc_row][vc_row][vc_column][vc_separator][\/vc_column][\/vc_row][vc_row][vc_column][vc_column_text]\r\n<h2>Puoi leggere il bilancio e scaricarlo<\/h2>\r\n<h3>\u00a0<\/h3>\r\n[\/vc_column_text][\/vc_column][\/vc_row][vc_row][vc_column][vc_column_text]<div class=\"_df_thumb \" id=\"df_3084\"  data-title=\"bilancio-sociale\" _slug=\"bilancio-sociale\" wpoptions=\"true\" thumb=\"http:\/\/mediatau.it\/inventareinsieme\/wp-content\/uploads\/sites\/3\/2024\/03\/bilancio-sociale-in-in-coperina.png\" thumbtype=\"\" >bilancio sociale<\/div><script class=\"df-shortcode-script\" type=\"application\/javascript\">window.option_df_3084 = {\"outline\":[],\"autoEnableOutline\":\"false\",\"autoEnableThumbnail\":\"false\",\"overwritePDFOutline\":\"false\",\"direction\":\"1\",\"pageSize\":\"0\",\"maxTextureSize\":\"1800\",\"source\":\"http:\\\/\\\/mediatau.it\\\/inventareinsieme\\\/wp-content\\\/uploads\\\/sites\\\/3\\\/2024\\\/03\\\/Bilancio-Sociale-per-sito-compresso.pdf\",\"wpOptions\":\"true\"}; if(window.DFLIP && window.DFLIP.parseBooks){window.DFLIP.parseBooks();}<\/script>[\/vc_column_text][\/vc_column][\/vc_row]<\/div>","protected":false},"excerpt":{"rendered":"<p>[vc_row][vc_column][vc_column_text] Il bilancio sociale o rendiconto della responsabilit\u00e0 sociale d&#8217;impresa \u00e8 un documento con il quale un&#8217;organizzazione, che sia un&#8217;impresa o un ente pubblico o un&#8217;associazione, comunica periodicamente gli esiti della sua attivit\u00e0, non limitandosi ai soli aspetti finanziari e contabili.\u201d (Wikipedia) &nbsp; [\/vc_column_text][vc_single_image image=&#8221;3086&#8243; img_size=&#8221;1600&#215;1100&#8243; alignment=&#8221;center&#8221;][\/vc_column][\/vc_row][vc_row][vc_column][vc_column_text] PRESENTAZIONE DEL BILANCIO SOCIALE [\/vc_column_text][vc_column_text] La scelta della<\/p>\n","protected":false},"author":3,"featured_media":0,"parent":0,"menu_order":0,"comment_status":"closed","ping_status":"closed","template":"","meta":{"footnotes":""},"class_list":["post-3079","page","type-page","status-publish","hentry"],"_links":{"self":[{"href":"https:\/\/mediatau.it\/inventareinsieme\/wp-json\/wp\/v2\/pages\/3079","targetHints":{"allow":["GET"]}}],"collection":[{"href":"https:\/\/mediatau.it\/inventareinsieme\/wp-json\/wp\/v2\/pages"}],"about":[{"href":"https:\/\/mediatau.it\/inventareinsieme\/wp-json\/wp\/v2\/types\/page"}],"author":[{"embeddable":true,"href":"https:\/\/mediatau.it\/inventareinsieme\/wp-json\/wp\/v2\/users\/3"}],"replies":[{"embeddable":true,"href":"https:\/\/mediatau.it\/inventareinsieme\/wp-json\/wp\/v2\/comments?post=3079"}],"version-history":[{"count":26,"href":"https:\/\/mediatau.it\/inventareinsieme\/wp-json\/wp\/v2\/pages\/3079\/revisions"}],"predecessor-version":[{"id":3083,"href":"https:\/\/mediatau.it\/inventareinsieme\/wp-json\/wp\/v2\/pages\/3079\/revisions\/3083"}],"wp:attachment":[{"href":"https:\/\/mediatau.it\/inventareinsieme\/wp-json\/wp\/v2\/media?parent=3079"}],"curies":[{"name":"wp","href":"https:\/\/api.w.org\/{rel}","templated":true}]}}