{"id":3405,"date":"2025-02-21T11:19:55","date_gmt":"2025-02-21T10:19:55","guid":{"rendered":"https:\/\/mediatau.it\/inventareinsieme\/?page_id=3405"},"modified":"2025-02-21T11:42:33","modified_gmt":"2025-02-21T10:42:33","slug":"bilancio-sociale-2023","status":"publish","type":"page","link":"https:\/\/mediatau.it\/inventareinsieme\/bilancio-sociale-2023\/","title":{"rendered":"BILANCIO SOCIALE 2023"},"content":{"rendered":"<div class=\"wpb-content-wrapper\">[vc_row][vc_column][vc_column_text]<span style=\"vertical-align: inherit;\"><span style=\"vertical-align: inherit;\">[\/vc_column_text][\/vc_column][\/vc_row][vc_row][vc_column][vc_column_text]<\/span><\/span><\/p>\r\n<p><span style=\"vertical-align: inherit;\"><span style=\"vertical-align: inherit;\">Il bilancio sociale o rendiconto della responsabilit\u00e0 sociale d&#8217;impresa \u00e8 un documento con il quale un&#8217;organizzazione, che sia un&#8217;impresa o un ente pubblico o un&#8217;associazione, comunica periodicamente gli esiti della sua attivit\u00e0, non limitandosi ai soli aspetti finanziari e contabili.\u201d (Wikipedia)<\/span><\/span><\/p>\r\n\r\n<p>&nbsp;<\/p>\r\n<span style=\"vertical-align: inherit;\"><span style=\"vertical-align: inherit;\">[\/vc_column_text][vc_single_image image=&#8221;3406&#8243; img_size=&#8221;1600&#215;1100&#8243; alignment=&#8221;center&#8221; css=&#8221;&#8221;][\/vc_column][\/vc_row][vc_row][vc_column][vc_column_text css=&#8221;&#8221;]<\/span><\/span><\/p>\r\n<p>&nbsp;<\/p>\r\n<p><strong><span style=\"vertical-align: inherit;\"><span style=\"vertical-align: inherit;\"><span style=\"vertical-align: inherit;\"><span style=\"vertical-align: inherit;\"><span style=\"vertical-align: inherit;\"><span style=\"vertical-align: inherit;\"><span style=\"vertical-align: inherit;\"><span style=\"vertical-align: inherit;\">PRESENTAZIONE DEL BILANCIO SOCIALE<\/span><\/span><\/span><\/span><\/span><\/span><\/span><\/span><\/strong><\/p>\r\n<p>&nbsp;<\/p>\r\n<p><span style=\"vertical-align: inherit;\"><span style=\"vertical-align: inherit;\"><span style=\"vertical-align: inherit;\"><span style=\"vertical-align: inherit;\">Siamo alla seconda edizione del Bilancio Sociale dell&#8217;Associazione riconosciuta \u201cInventare Insieme (onlus)\u201d. <\/span><\/span><\/span><\/span><br \/><span style=\"vertical-align: inherit;\"><span style=\"vertical-align: inherit;\"><span style=\"vertical-align: inherit;\"><span style=\"vertical-align: inherit;\">\u00c8 trascorso un altro anno che ha visto l&#8217;organizzazione, come sempre, impegnata nel portare avanti le tante iniziative e attivit\u00e0 rivolte a bambini e bambine, adolescenti, giovani, adulti e famiglie, alla comunit\u00e0 territoriale Zisa Danisinni di Palermo. Un altro anno che, attraverso un processo partecipativo, interno ed esterno, cerchiamo di raccontare, in sintesi per fare una \u201crendicontazione sociale\u201d del lavoro sviluppato da Inventare Insieme e dal Centro Tau. <\/span><\/span><\/span><\/span><br \/><span style=\"vertical-align: inherit;\"><span style=\"vertical-align: inherit;\"><span style=\"vertical-align: inherit;\"><span style=\"vertical-align: inherit;\">Il Bilancio Sociale, discusso e approvato dall&#8217;Assemblea dei soci, \u00e8 stato sviluppato in continuit\u00e0 con quello redatto e pubblicato per il 2022 e presenta non solo il bilancio sui servizi, i progetti e le attivit\u00e0 svolte nell&#8217;anno di riferimento, ma anche sulla capitalizzazione dell&#8217;esperienza e della potenziale circolarit\u00e0 e generativit\u00e0 dell&#8217;impegno educativo e di promozione sociale e culturale che ha interessato migliaia di bambini, giovani e adulti. <\/span><\/span><\/span><\/span><br \/><span style=\"vertical-align: inherit;\"><span style=\"vertical-align: inherit;\"><span style=\"vertical-align: inherit;\"><span style=\"vertical-align: inherit;\">Nella stesura del Bilancio Sociale sono stati coinvolti soci e operatori dell&#8217;organizzazione ed in particolare il Coordinamento Centrale, che ha lavorato al processo di \u201crendicontazione\u201d del lavoro sviluppato. <\/span><\/span><\/span><\/span><br \/><span style=\"vertical-align: inherit;\"><span style=\"vertical-align: inherit;\"><span style=\"vertical-align: inherit;\"><span style=\"vertical-align: inherit;\">A partire dalla prima stesura del Bilancio Sociale relativo al 2022, l&#8217;obiettivo che ci si \u00e8 posti \u00e8 stato quello di definire le basi per una lettura sistemica e sinergica del lavoro complesso che sviluppa l&#8217;Associazione e di attivazione processi di miglioramento continuo dell&#8217;organizzazione, avendo come riferimento l&#8217;efficienza e l&#8217;efficacia delle azioni sviluppate la valutazione dell&#8217;impatto che l&#8217;attivit\u00e0 sviluppata ha sulla crescita dei giovani e sullo sviluppo della comunit\u00e0. <\/span><\/span><\/span><\/span><br \/><span style=\"vertical-align: inherit;\"><span style=\"vertical-align: inherit;\"><span style=\"vertical-align: inherit;\"><span style=\"vertical-align: inherit;\">La redazione del Bilancio Sociale ha ancora una volta consentita all&#8217;Associazione di rileggere e sistematizzare il lavoro svolto e le tappe di realizzazione e ripercorrere a ritroso tutte le progettualit\u00e0 che hanno fatto la storia dell&#8217;Associazione, del territorio e dei tanti bambini, adolescenti, giovani e famiglie coinvolte. <\/span><\/span><\/span><\/span><br \/><span style=\"vertical-align: inherit;\"><span style=\"vertical-align: inherit;\"><span style=\"vertical-align: inherit;\"><span style=\"vertical-align: inherit;\">Il 2023 \u00e8 stato un anno intenso e impegnativo, sono andati in continuit\u00e0 diversi servizi e progetti che ci hanno dato la possibilit\u00e0 di accompagnare nella crescita tantissimi bambini e bambine, adolescenti e giovani, di accogliere e sostenere numerose famiglie, di formare professionalmente, orientare e accompagnare al lavoro giovani e adulti. <\/span><\/span><\/span><\/span><br \/><span style=\"vertical-align: inherit;\"><span style=\"vertical-align: inherit;\"><span style=\"vertical-align: inherit;\"><span style=\"vertical-align: inherit;\">Non sempre \u00e8 stato facile rispondere alle tante richieste e bisogni che ci arrivavano dal territorio, cos\u00ec come rispondere al sempre pi\u00f9 gravoso lavoro di gestione e rendicontazione dei progetti finanziati da risorse pubbliche. Non \u00e8 mancato l&#8217;impegno ei risultati sono molto significativi. <\/span><\/span><\/span><\/span><br \/><span style=\"vertical-align: inherit;\"><span style=\"vertical-align: inherit;\"><span style=\"vertical-align: inherit;\"><span style=\"vertical-align: inherit;\">Abbiamo cercato di presentare al meglio il lavoro svolto e soprattutto il senso che vogliamo dare alla nostra esperienza.Speriamo anche questa volta di esserci riusciti. Buona lettura.<\/span><\/span><\/span><\/span><\/p>\r\n[\/vc_column_text][\/vc_column][\/vc_row][vc_row][vc_column][vc_separator][\/vc_column][\/vc_row][vc_row][vc_column][vc_column_text]\r\n<h2><span style=\"vertical-align: inherit;\"><span style=\"vertical-align: inherit;\">Puoi leggere il bilancio e scaricarlo<\/span><\/span><\/h2>\r\n<h3>\u00a0<\/h3>\r\n<p><span style=\"vertical-align: inherit;\"><span style=\"vertical-align: inherit;\">[\/vc_column_text][\/vc_column][\/vc_row][vc_row][vc_column][vc_column_text css=&#8221;&#8221;]<\/span><\/span><\/p>\r\n<div id=\"dflip-tab-content-lightbox\" class=\"dflip-tab-content dflip-active\"><code><div class=\"_df_thumb \" id=\"df_3407\"  data-title=\"bilancio-sociale-2023\" _slug=\"3407\" wpoptions=\"true\" thumb=\"http:\/\/mediatau.it\/inventareinsieme\/wp-content\/uploads\/sites\/3\/2025\/02\/copertina.png\" thumbtype=\"\" >BILANCIO SOCIALE 2023<\/div><script class=\"df-shortcode-script\" type=\"application\/javascript\">window.option_df_3407 = {\"outline\":[],\"autoEnableOutline\":\"false\",\"autoEnableThumbnail\":\"false\",\"overwritePDFOutline\":\"false\",\"direction\":\"1\",\"pageSize\":\"0\",\"maxTextureSize\":\"1800\",\"source\":\"http:\\\/\\\/mediatau.it\\\/inventareinsieme\\\/wp-content\\\/uploads\\\/sites\\\/3\\\/2025\\\/02\\\/0-Bilancio-Sociale-2023-Chiusura-v.25-09.pdf\",\"wpOptions\":\"true\"}; if(window.DFLIP && window.DFLIP.parseBooks){window.DFLIP.parseBooks();}<\/script><\/code><\/div>\r\n[\/vc_column_text][\/vc_column][\/vc_row][vc_row][vc_column][vc_column_text][\/vc_column_text][\/vc_column][\/vc_row]<\/div>","protected":false},"excerpt":{"rendered":"<p>[vc_row][vc_column][vc_column_text][\/vc_column_text][\/vc_column][\/vc_row][vc_row][vc_column][vc_column_text] Il bilancio sociale o rendiconto della responsabilit\u00e0 sociale d&#8217;impresa \u00e8 un documento con il quale un&#8217;organizzazione, che sia un&#8217;impresa o un ente pubblico o un&#8217;associazione, comunica periodicamente gli esiti della sua attivit\u00e0, non limitandosi ai soli aspetti finanziari e contabili.\u201d (Wikipedia) &nbsp; [\/vc_column_text][vc_single_image image=&#8221;3406&#8243; img_size=&#8221;1600&#215;1100&#8243; alignment=&#8221;center&#8221; css=&#8221;&#8221;][\/vc_column][\/vc_row][vc_row][vc_column][vc_column_text css=&#8221;&#8221;] &nbsp; PRESENTAZIONE DEL BILANCIO SOCIALE &nbsp;<\/p>\n","protected":false},"author":3,"featured_media":0,"parent":0,"menu_order":0,"comment_status":"closed","ping_status":"closed","template":"","meta":{"footnotes":""},"class_list":["post-3405","page","type-page","status-publish","hentry"],"_links":{"self":[{"href":"https:\/\/mediatau.it\/inventareinsieme\/wp-json\/wp\/v2\/pages\/3405","targetHints":{"allow":["GET"]}}],"collection":[{"href":"https:\/\/mediatau.it\/inventareinsieme\/wp-json\/wp\/v2\/pages"}],"about":[{"href":"https:\/\/mediatau.it\/inventareinsieme\/wp-json\/wp\/v2\/types\/page"}],"author":[{"embeddable":true,"href":"https:\/\/mediatau.it\/inventareinsieme\/wp-json\/wp\/v2\/users\/3"}],"replies":[{"embeddable":true,"href":"https:\/\/mediatau.it\/inventareinsieme\/wp-json\/wp\/v2\/comments?post=3405"}],"version-history":[{"count":3,"href":"https:\/\/mediatau.it\/inventareinsieme\/wp-json\/wp\/v2\/pages\/3405\/revisions"}],"predecessor-version":[{"id":3564,"href":"https:\/\/mediatau.it\/inventareinsieme\/wp-json\/wp\/v2\/pages\/3405\/revisions\/3564"}],"wp:attachment":[{"href":"https:\/\/mediatau.it\/inventareinsieme\/wp-json\/wp\/v2\/media?parent=3405"}],"curies":[{"name":"wp","href":"https:\/\/api.w.org\/{rel}","templated":true}]}}