{"id":3562,"date":"2025-11-14T18:38:52","date_gmt":"2025-11-14T17:38:52","guid":{"rendered":"https:\/\/mediatau.it\/inventareinsieme\/?page_id=3562"},"modified":"2025-11-14T18:51:30","modified_gmt":"2025-11-14T17:51:30","slug":"3562-2","status":"publish","type":"page","link":"https:\/\/mediatau.it\/inventareinsieme\/3562-2\/","title":{"rendered":"BILANCIO SOCIALE 2024"},"content":{"rendered":"<div class=\"wpb-content-wrapper\">[vc_row][vc_column][vc_column_text]<span dir=\"auto\" style=\"vertical-align: inherit;\"><span dir=\"auto\" style=\"vertical-align: inherit;\">[\/vc_column_text][\/vc_column][\/vc_row][vc_row][vc_column][vc_column_text] [\/vc_column_text][\/vc_column][\/vc_row][vc_row][vc_column][vc_column_text]<\/span><\/span><\/p>\n<p><span dir=\"auto\" style=\"vertical-align: inherit;\"><span dir=\"auto\" style=\"vertical-align: inherit;\">Il bilancio sociale o rendiconto della responsabilit\u00e0 sociale d&#8217;impresa \u00e8 un documento con il quale un&#8217;organizzazione, che sia un&#8217;impresa o un ente pubblico o un&#8217;associazione, comunica periodicamente gli esiti della sua attivit\u00e0, non limitandosi ai soli aspetti finanziari e contabili.\u201d (Wikipedia)<\/span><\/span><\/p>\n<p><span dir=\"auto\" style=\"vertical-align: inherit;\"><span dir=\"auto\" style=\"vertical-align: inherit;\">[\/vc_column_text][vc_single_image image=&#8221;3569&#8243; img_size=&#8221;1600&#215;1100&#8243; alignment=&#8221;center&#8221; css=&#8221;&#8221;][\/vc_column][\/vc_row][vc_row][vc_column][vc_column_text css=&#8221;&#8221;] <\/span><\/span><span dir=\"auto\" style=\"vertical-align: inherit;\"><span dir=\"auto\" style=\"vertical-align: inherit;\"><span dir=\"auto\" style=\"vertical-align: inherit;\"><span dir=\"auto\" style=\"vertical-align: inherit;\">PRESENTAZIONE DEL BILANCIO SOCIALE<\/span><\/span><\/span><\/span><\/p>\n<p><span dir=\"auto\" style=\"vertical-align: inherit;\"><span dir=\"auto\" style=\"vertical-align: inherit;\">Siamo alla terza edizione del Bilancio Sociale dell&#8217;Associazione riconosciuta \u201cInventare Insieme (onlus)\u201d. <\/span><\/span><br \/>\nIl Bilancio Sociale rappresenta un importante strumento di rendicontazione e trasparenza, redatto in conformit\u00e0 alle Linee guida per gli Enti del Terzo Settore emanate dal Ministero del Lavoro e delle Politiche Sociali.<br \/>\nAttraverso il Bilancio Sociale l\u2019Associazione Inventare Insieme (onlus) intende comunicare in modo chiaro, sistemico e partecipato l\u2019insieme delle attivit\u00e0, dei progetti, dei servizi e dei risultati conseguiti nel corso dell\u2019anno 2024 e si configura come un documento di accountability sociale, volto a restituire una visione integrata e plurale dell\u2019azione educativa, sociale e culturale svolta dall\u2019Associazione nel corso dell\u2019anno nella citt\u00e0 di Palermo e sul territorio Zisa Danisinni.<br \/>\nL\u2019Associazione Inventare Insieme, costituita nel 1990, ha iniziato il suo trentacinquesimo anno di attivit\u00e0 proseguendo, con continuit\u00e0 e dedizione, il proprio impegno finalizzato a promuovere processi educativi, formativi, culturali e di inclusione sociale a favore di bambini, adolescenti, giovani, adulti e famiglie che vivono in un contesto urbano caratterizzato da fragilit\u00e0 strutturali ma anche da straordinarie potenzialit\u00e0 generative.<br \/>\nNegli anni Inventare Insieme ha sviluppato un modello di intervento pedagogico e sociale fondato sulla co-costruzione di una comunit\u00e0 educante evoluta, sull\u2019empowerment delle persone e sulla promozione di un welfare generativo e territoriale. Il Centro Tau \u00e8 divenuto nel tempo un punto di riferimento stabile per migliaia di bambini, giovani e adulti, accompagnando percorsi di crescita, formazione, inclusione e cittadinanza attiva.<br \/>\nLa redazione del Bilancio ha consentito all\u2019Associazione di rileggere il proprio operato in chiave strategica, mettendo in evidenza non solo i risultati raggiunti, ma anche le traiettorie di sviluppo, le criticit\u00e0 affrontate e le opportunit\u00e0 emerse. In particolare, il documento intende evidenziare la capacit\u00e0 dell\u2019Associazione di generare valore sociale, culturale ed economico attraverso un modello di intervento fondato sulla co-costruzione di una comunit\u00e0 educante evoluta, sull\u2019empowerment delle persone e sulla promozione di un welfare generativo e territoriale.<br \/>\nIl Bilancio Sociale 2024, cos\u00ec come per le due precedenti edizioni, nasce da un processo partecipativo che ha coinvolto soci, operatori, collaboratori e stakeholder, con l\u2019obiettivo di sistematizzare l\u2019esperienza maturata, valorizzare i risultati raggiunti e orientare le future strategie di intervento. Possiamo considerare certamente il Bilancio come una sorta di \u201ccarta d\u2019identit\u00e0 dinamica\u201d dell\u2019Associazione capace di restituire agli stakeholder, ai \u201cportatori di interesse\u201d della comunit\u00e0, istituzioni, enti pubblici e privati, cittadini, famiglie, operatori, il senso profondo dell\u2019impegno dell\u2019Associazione.<br \/>\n<span dir=\"auto\" style=\"vertical-align: inherit;\"><span dir=\"auto\" style=\"vertical-align: inherit;\">In un contesto sociale in continua trasformazione, segnato da nuove sfide e da crescenti complessit\u00e0, Inventare Insieme rinnova il proprio impegno a favore della promozione umana, della giustizia sociale e della costruzione di legami comunitari solidi e inclusivi. Il Bilancio Sociale si propone, pertanto, non solo come documento tecnico, ma come espressione viva di una visione educativa e sociale che mette al centro la persona, la comunit\u00e0 e il territorio. <\/span><\/span><br \/>\n<span dir=\"auto\" style=\"vertical-align: inherit;\"><span dir=\"auto\" style=\"vertical-align: inherit;\"><span dir=\"auto\" style=\"vertical-align: inherit;\"><span dir=\"auto\" style=\"vertical-align: inherit;\">Abbiamo cercato di presentare al meglio il lavoro svolto e soprattutto il senso che vogliamo dare alla nostra esperienza. Speriamo anche questa volta di esserci riusciti. Buona lettura.<\/span><\/span><\/span><\/span><span dir=\"auto\" style=\"vertical-align: inherit;\"><span dir=\"auto\" style=\"vertical-align: inherit;\"> [\/vc_column_text][\/vc_column][\/vc_row][vc_row][vc_column][vc_separator][\/vc_column][\/vc_row][vc_row][vc_column][vc_column_text]<\/span><\/span><\/p>\n<p><span dir=\"auto\" style=\"vertical-align: inherit;\"><span dir=\"auto\" style=\"vertical-align: inherit;\">Puoi leggere il bilancio e scaricarlo<\/span><\/span><\/p>\n<p><span dir=\"auto\" style=\"vertical-align: inherit;\"><span dir=\"auto\" style=\"vertical-align: inherit;\">[\/vc_column_text][\/vc_column][\/vc_row][vc_row][vc_column][vc_column_text css=&#8221;&#8221;]<div class=\"_df_thumb \" id=\"df_3557\"  data-title=\"bilancio-sociale-2024\" _slug=\"bilancio-sociale-2024\" wpoptions=\"true\" thumb=\"http:\/\/mediatau.it\/inventareinsieme\/wp-content\/uploads\/sites\/3\/2025\/11\/bilancio-sociale-copertina.png\" thumbtype=\"\" >Bilancio sociale 2024<\/div><script class=\"df-shortcode-script\" type=\"application\/javascript\">window.option_df_3557 = {\"outline\":[],\"autoEnableOutline\":\"false\",\"autoEnableThumbnail\":\"false\",\"overwritePDFOutline\":\"false\",\"direction\":\"1\",\"pageSize\":\"0\",\"source\":\"http:\\\/\\\/mediatau.it\\\/inventareinsieme\\\/wp-content\\\/uploads\\\/sites\\\/3\\\/2025\\\/11\\\/bilancio-sito_compressed.pdf\",\"wpOptions\":\"true\"}; if(window.DFLIP && window.DFLIP.parseBooks){window.DFLIP.parseBooks();}<\/script>[\/vc_column_text][\/vc_column][\/vc_row][vc_row][vc_column][vc_column_text][\/vc_column_text][\/vc_column][\/vc_row][vc_row][vc_column][vc_column_text]<\/span><\/span>[\/vc_column_text][\/vc_column][\/vc_row]\n<\/div>","protected":false},"excerpt":{"rendered":"<p>[vc_row][vc_column][vc_column_text][\/vc_column_text][\/vc_column][\/vc_row][vc_row][vc_column][vc_column_text] [\/vc_column_text][\/vc_column][\/vc_row][vc_row][vc_column][vc_column_text] Il bilancio sociale o rendiconto della responsabilit\u00e0 sociale d&#8217;impresa \u00e8 un documento con il quale un&#8217;organizzazione, che sia un&#8217;impresa o un ente pubblico o un&#8217;associazione, comunica periodicamente gli esiti della sua attivit\u00e0, non limitandosi ai soli aspetti finanziari e contabili.\u201d (Wikipedia) [\/vc_column_text][vc_single_image image=&#8221;3569&#8243; img_size=&#8221;1600&#215;1100&#8243; alignment=&#8221;center&#8221; css=&#8221;&#8221;][\/vc_column][\/vc_row][vc_row][vc_column][vc_column_text css=&#8221;&#8221;] PRESENTAZIONE DEL BILANCIO SOCIALE Siamo alla<\/p>\n","protected":false},"author":3,"featured_media":0,"parent":0,"menu_order":0,"comment_status":"closed","ping_status":"closed","template":"","meta":{"footnotes":""},"class_list":["post-3562","page","type-page","status-publish","hentry"],"_links":{"self":[{"href":"https:\/\/mediatau.it\/inventareinsieme\/wp-json\/wp\/v2\/pages\/3562","targetHints":{"allow":["GET"]}}],"collection":[{"href":"https:\/\/mediatau.it\/inventareinsieme\/wp-json\/wp\/v2\/pages"}],"about":[{"href":"https:\/\/mediatau.it\/inventareinsieme\/wp-json\/wp\/v2\/types\/page"}],"author":[{"embeddable":true,"href":"https:\/\/mediatau.it\/inventareinsieme\/wp-json\/wp\/v2\/users\/3"}],"replies":[{"embeddable":true,"href":"https:\/\/mediatau.it\/inventareinsieme\/wp-json\/wp\/v2\/comments?post=3562"}],"version-history":[{"count":5,"href":"https:\/\/mediatau.it\/inventareinsieme\/wp-json\/wp\/v2\/pages\/3562\/revisions"}],"predecessor-version":[{"id":3570,"href":"https:\/\/mediatau.it\/inventareinsieme\/wp-json\/wp\/v2\/pages\/3562\/revisions\/3570"}],"wp:attachment":[{"href":"https:\/\/mediatau.it\/inventareinsieme\/wp-json\/wp\/v2\/media?parent=3562"}],"curies":[{"name":"wp","href":"https:\/\/api.w.org\/{rel}","templated":true}]}}