{"id":8,"date":"2013-06-03T10:19:40","date_gmt":"2013-06-03T08:19:40","guid":{"rendered":"http:\/\/mediatau.it\/inventareinsieme\/?page_id=8"},"modified":"2019-10-09T18:33:13","modified_gmt":"2019-10-09T16:33:13","slug":"chi-siamo-2","status":"publish","type":"page","link":"https:\/\/mediatau.it\/inventareinsieme\/chi-siamo-2\/","title":{"rendered":"Chi siamo"},"content":{"rendered":"<p>L\u2019associazione Inventare Insieme (onlus) \u00e8 stata fondata nel dicembre del 1990 dai volontari del Centro TAU, a seguito di un percorso di formazione e di sviluppo delle iniziative promosse nei primi due anni di attivit\u00e0. Obiettivo dell\u2019Associazione \u00e8 quello di promuovere processi di sviluppo della persona e della comunit\u00e0 locale attraverso progettualit\u00e0, iniziative e servizi \u00a0caratterizzati dall\u2019accoglienza, dalla condivisione e dalla responsabilizzazione personale e sociale al bene comune ed alla partecipazione. L\u2019associazione ha promosso e gestito \u00a0numerose progettualit\u00e0 sociali innovative sia in ambito locale, che regionale e nazionale. Attualmente gestisce il Centro TAU ed il Centro di Iniziativa \u201cSOLE Giovani\u201d, finalizzato a promuovere ed accompagnare processi di inclusione sociale e lavorativa per giovani che sottoposti a procedimento giudiziario minorile.<\/p>\n","protected":false},"excerpt":{"rendered":"<p>L\u2019associazione Inventare Insieme (onlus) \u00e8 stata fondata nel dicembre del 1990 dai volontari del Centro TAU, a seguito di un percorso di formazione e di sviluppo delle iniziative promosse nei primi due anni di attivit\u00e0. Obiettivo dell\u2019Associazione \u00e8 quello di promuovere processi di sviluppo della persona e della comunit\u00e0 locale attraverso progettualit\u00e0, iniziative e servizi<\/p>\n","protected":false},"author":1,"featured_media":0,"parent":0,"menu_order":0,"comment_status":"closed","ping_status":"open","template":"","meta":{"footnotes":""},"class_list":["post-8","page","type-page","status-publish","hentry"],"_links":{"self":[{"href":"https:\/\/mediatau.it\/inventareinsieme\/wp-json\/wp\/v2\/pages\/8","targetHints":{"allow":["GET"]}}],"collection":[{"href":"https:\/\/mediatau.it\/inventareinsieme\/wp-json\/wp\/v2\/pages"}],"about":[{"href":"https:\/\/mediatau.it\/inventareinsieme\/wp-json\/wp\/v2\/types\/page"}],"author":[{"embeddable":true,"href":"https:\/\/mediatau.it\/inventareinsieme\/wp-json\/wp\/v2\/users\/1"}],"replies":[{"embeddable":true,"href":"https:\/\/mediatau.it\/inventareinsieme\/wp-json\/wp\/v2\/comments?post=8"}],"version-history":[{"count":9,"href":"https:\/\/mediatau.it\/inventareinsieme\/wp-json\/wp\/v2\/pages\/8\/revisions"}],"predecessor-version":[{"id":2097,"href":"https:\/\/mediatau.it\/inventareinsieme\/wp-json\/wp\/v2\/pages\/8\/revisions\/2097"}],"wp:attachment":[{"href":"https:\/\/mediatau.it\/inventareinsieme\/wp-json\/wp\/v2\/media?parent=8"}],"curies":[{"name":"wp","href":"https:\/\/api.w.org\/{rel}","templated":true}]}}