{"id":4445,"date":"2016-04-30T09:45:00","date_gmt":"2016-04-30T07:45:00","guid":{"rendered":"http:\/\/mediatau.it\/opscentrotau\/?page_id=4445"},"modified":"2016-05-04T17:35:35","modified_gmt":"2016-05-04T15:35:35","slug":"associati","status":"publish","type":"page","link":"https:\/\/mediatau.it\/opscentrotau\/associati\/","title":{"rendered":"PARTNER"},"content":{"rendered":"<p>&nbsp;<\/p>\n<p><strong>Associati Esterni<\/strong><br \/>\n<strong>&#8211; Ufficio di Servizio Sociale per i Minorenni di Palermo:<\/strong> ente periferico del Ministero della Giustizia \u2013<br \/>\nDipartimento Giustizia Minorile, \u00e8 uno dei partner \u201cstorici\u201d dell\u2019associazione \u201cInventare Insieme (onlus).<br \/>\nL\u2019ufficio parteciper\u00e0 ai lavori della \u201ccabina di regia\u201d ed alle attivit\u00e0 di monitoraggio e valutazione del<br \/>\nprogetto. Si impegna a promuovere il progetto tra i giovani sottoposti a procedimenti e misure della<br \/>\ngiustizia minorile, segnalando gli stessi tra i beneficiari delle attivit\u00e0 progettuali.<br \/>\n<strong>&#8211; Istituto Comprensivo Statale \u201cColozza Bonfiglio\u201d.<\/strong> L\u2019Istituto parteciper\u00e0 ai lavori della \u201ccabina di regia\u201d<br \/>\ned alle attivit\u00e0 di monitoraggio e valutazione del progetto. Si impegna a promuovere il progetto tra i giovani<br \/>\ndelle ultime clasi della scuola secondaria di primo grado ed i drop out e segnaler\u00e0 giovani da inserire nelle<br \/>\nattivit\u00e0 progettuali. Inoltre da la disponibilit\u00e0 ad ospitare nei locali scolastici alcune delle iniziative ed attivit\u00e0<br \/>\npreviste dal progetto.<br \/>\n<strong>&#8211; Istituto Comprensivo Statale \u201cAntonio Ugo\u201d<\/strong>. L\u2019Istituto parteciper\u00e0 ai lavori della \u201ccabina di regia\u201d ed<br \/>\nalle attivit\u00e0 di monitoraggio e valutazione del progetto. Si impegna a promuovere il progetto tra i giovani<br \/>\ndelle ultime clasi della scuola secondaria di primo grado ed i drop out e segnaler\u00e0 giovani da inserire nelle<br \/>\nattivit\u00e0 progettuali. Inoltre da la disponibilit\u00e0 ad ospitare nei locali scolastici alcune delle iniziative ed attivit\u00e0<br \/>\npreviste dal progetto.<br \/>\n<strong>&#8211; Istituto Tecnico Economico per il Turismo \u201cPio La Torre\u201d.<\/strong> L\u2019Istituto parteciper\u00e0 ai lavori della \u201ccabina<br \/>\ndi regia\u201d ed alle attivit\u00e0 di monitoraggio e valutazione del progetto. Si impegna a promuovere il progetto<br \/>\ntra i giovani delle ultime clasi della scuola secondaria di secondo grado e segnaler\u00e0 giovani da inserire<br \/>\nnelle attivit\u00e0 progettuali. Inoltre da la disponibilit\u00e0 ad ospitare nei locali scolastici alcune delle iniziative ed<br \/>\nattivit\u00e0 previste dal progetto.<br \/>\n<strong>&#8211; Al Azis Cooperativa Sociale.<\/strong> La cooperativa parteciper\u00e0 ai lavori della \u201ccabina di regia\u201d ed alle attivit\u00e0<br \/>\ndi monitoraggio e valutazione del progetto.Si impegna a promuovere il progetto tra i giovani accolti nei<br \/>\nservizi di orientamento e di inclusione socio lavorativa. Dar\u00e0 supporto, attraverso propri operatori, a titolo<br \/>\nnon oneroso per il progetto, nelle attivit\u00e0 previste nella macrofase 4 \u2013 Processo \u201cOPS Centro TAU\u201d<br \/>\n<strong>&#8211; Associazione \u201cCos\u00ec per gioco\u201d<\/strong>. L\u2019associazione culturale parteciper\u00e0 ai lavori della \u201ccabina di regia\u201d ed<br \/>\nalle attivit\u00e0 di monitoraggio e valutazione del progetto. Si impegna a promuovere il progetto tra i giovani<br \/>\naccolti nelle attivit\u00e0 promosse dall\u2019associazione. Collaborer\u00e0, a titolo non oneroso, nella promozione di<br \/>\niniziative ed eventi previste nelle macrofasi 5, 6, 7 e 8.<br \/>\n<strong>&#8211; Associazione \u201cForme d\u2019onda\u201d.<\/strong> L\u2019associazione culturale parteciper\u00e0 ai lavori della \u201ccabina di regia\u201d ed<br \/>\nalle attivit\u00e0 di monitoraggio e valutazione del progetto. Si impegna a promuovere il progetto tra i giovani<br \/>\naccolti nelle attivit\u00e0 promosse dall\u2019associazione. Collaborer\u00e0, a titolo non oneroso, nella promozione di<br \/>\niniziative ed eventi previste nelle macrofasi 6 e 8.<br \/>\n<strong>&#8211; Associazione \u201cMED \u2013 Associazione Italiana per l\u2019educazione ai Media e alla Comunicazione\u201d,<\/strong><br \/>\nL\u2019associazione culturale parteciper\u00e0 ai lavori della \u201ccabina di regia\u201d ed alle attivit\u00e0 di monitoraggio e<br \/>\nvalutazione del progetto. Si impegna a promuovere il progetto tra i giovani accolti nelle attivit\u00e0 promosse<br \/>\ndall\u2019associazione. Collaborer\u00e0, a titolo non oneroso, nella promozione di iniziative ed eventi previste nelle<br \/>\nmacrofasi 5, 6, 7 e 8.<\/p>\n<p>&nbsp;<\/p>\n","protected":false},"excerpt":{"rendered":"<p>&nbsp; Associati Esterni &#8211; Ufficio di Servizio Sociale per i Minorenni di Palermo: ente periferico del Ministero della Giustizia \u2013 Dipartimento Giustizia Minorile, \u00e8 uno dei partner \u201cstorici\u201d dell\u2019associazione \u201cInventare Insieme (onlus). L\u2019ufficio parteciper\u00e0 ai lavori della \u201ccabina di regia\u201d ed alle attivit\u00e0 di monitoraggio e valutazione del progetto. Si impegna a promuovere il progetto [&hellip;]<\/p>\n","protected":false},"author":3,"featured_media":0,"parent":0,"menu_order":0,"comment_status":"closed","ping_status":"closed","template":"","meta":{"footnotes":""},"class_list":["post-4445","page","type-page","status-publish","hentry"],"_links":{"self":[{"href":"https:\/\/mediatau.it\/opscentrotau\/wp-json\/wp\/v2\/pages\/4445","targetHints":{"allow":["GET"]}}],"collection":[{"href":"https:\/\/mediatau.it\/opscentrotau\/wp-json\/wp\/v2\/pages"}],"about":[{"href":"https:\/\/mediatau.it\/opscentrotau\/wp-json\/wp\/v2\/types\/page"}],"author":[{"embeddable":true,"href":"https:\/\/mediatau.it\/opscentrotau\/wp-json\/wp\/v2\/users\/3"}],"replies":[{"embeddable":true,"href":"https:\/\/mediatau.it\/opscentrotau\/wp-json\/wp\/v2\/comments?post=4445"}],"version-history":[{"count":2,"href":"https:\/\/mediatau.it\/opscentrotau\/wp-json\/wp\/v2\/pages\/4445\/revisions"}],"predecessor-version":[{"id":4490,"href":"https:\/\/mediatau.it\/opscentrotau\/wp-json\/wp\/v2\/pages\/4445\/revisions\/4490"}],"wp:attachment":[{"href":"https:\/\/mediatau.it\/opscentrotau\/wp-json\/wp\/v2\/media?parent=4445"}],"curies":[{"name":"wp","href":"https:\/\/api.w.org\/{rel}","templated":true}]}}