{"id":4452,"date":"2016-04-30T10:01:12","date_gmt":"2016-04-30T08:01:12","guid":{"rendered":"http:\/\/mediatau.it\/opscentrotau\/?page_id=4452"},"modified":"2018-10-24T11:20:40","modified_gmt":"2018-10-24T09:20:40","slug":"macrofase-1-governance","status":"publish","type":"page","link":"https:\/\/mediatau.it\/opscentrotau\/macrofase-1-governance\/","title":{"rendered":"Macrofase 1- GOVERNANCE"},"content":{"rendered":"<p style=\"text-align: justify;\"><strong>Durata (mesi) : <\/strong>30 (24 + 6 di proroga)<br \/>\n<strong>Associato responsabile:<\/strong> ASS. \u201cI RAGAZZI DEL CENTRO TAU (ONLUS)\u201d<br \/>\n<strong>Attivit\u00e0:\u00a0<\/strong><br \/>\nIl processo di progettazione e di governance si sviluppa utilizzando il modello del Project Cicle Management e del Logical Framework Approach che parte dall\u2019analisi delle problematiche connesse alla promozione dei sistemi di inclusione sociale e culturale dei giovani e si proietta in un quadro logico nel processo di pianificazione orientata agli obiettivi, primo fra tutti quello della promozione della creativit\u00e0 giovanile e dell\u2019innovazione della proposta progettuale.<br \/>\nCompito della macrofase e delle attivit\u00e0 di governance \u00e8 quello di capitalizzare competenze ed esperienze del network progettuale che gi\u00e0 nella fase di progettazione ha operato per la costruzione del quadro logico (Logical Framework) e la definizione della matrice di progettazione all\u2019interno della quale ciascun \u201cassociato\u201d ha trovato una propria collocazione sia nell\u2019individuazione di processi logici connessi alla relazione causa-effetto, sia attivando processi top-down e bottom-up.<\/p>\n<p><strong>Nella macrofase vengono impegnati i seguenti operatori:<\/strong><br \/>\n&#8211; 1 Coordinatore di progetto<br \/>\n&#8211; 1 Segretario tecnico<br \/>\n&#8211; 1 Supervisore di progetto<\/p>\n<p><strong>La macrofase di svilupper\u00e0 attraverso tre azioni di seguito sviluppate:<\/strong><br \/>\n1.1 Coordinamento<br \/>\n1.2 Amministrazione<br \/>\n1.3 Governance Rete progettuale<\/p>\n<p><strong>Attivit\u00e0 1.1<\/strong><br \/>\nTitolo: Coordinamento<br \/>\nDescrizione:<br \/>\nCoordinamento generale di progetto e, supervisione dei processi. Rapporti con l\u2019ente finanziatore e con la rete di partenariato<br \/>\nAssociati coinvolti:<br \/>\nAss. \u201cInventare Insieme (onlus)\u201d<\/p>\n<p><strong>Attivit\u00e0 1.2<\/strong><br \/>\nTitolo: Amministrazione<br \/>\nDescrizione:<br \/>\nGestione delle procedure amministrative e di rendicontazione del progetto.<br \/>\nAssociati coinvolti:<br \/>\nAss. \u201cInventare Insieme (onlus)\u201d<\/p>\n<p><strong>Attivit\u00e0 1.3<\/strong><br \/>\nTitolo: Governance rete progettuale<br \/>\nDescrizione:<br \/>\nGestione e manutenzione della rete progettuale realizzata attraverso l\u2019istituzione di una cabina di regia progettuale.<br \/>\nAssociati coinvolti:<br \/>\nCogestione dell\u2019azione con l\u2019Associazione. \u201cInventare Insieme (onlus)\u201d<br \/>\nTutti gli associati esterni.<\/p>\n<p><strong>Prodotti della Macrofase:<\/strong><br \/>\nRelazione sull\u2019andamento del Progetto. Verbali degli incontri di rete.<br \/>\n<strong>Risultati della Macrofase:<\/strong><br \/>\nConsolidamento e ampliamento della rete di partenariato<\/p>\n","protected":false},"excerpt":{"rendered":"<p>Durata (mesi) : 30 (24 + 6 di proroga) Associato responsabile: ASS. \u201cI RAGAZZI DEL CENTRO TAU (ONLUS)\u201d Attivit\u00e0:\u00a0 Il processo di progettazione e di governance si sviluppa utilizzando il modello del Project Cicle Management e del Logical Framework Approach che parte dall\u2019analisi delle problematiche connesse alla promozione dei sistemi di inclusione sociale e culturale [&hellip;]<\/p>\n","protected":false},"author":3,"featured_media":0,"parent":0,"menu_order":0,"comment_status":"closed","ping_status":"closed","template":"","meta":{"footnotes":""},"class_list":["post-4452","page","type-page","status-publish","hentry"],"_links":{"self":[{"href":"https:\/\/mediatau.it\/opscentrotau\/wp-json\/wp\/v2\/pages\/4452","targetHints":{"allow":["GET"]}}],"collection":[{"href":"https:\/\/mediatau.it\/opscentrotau\/wp-json\/wp\/v2\/pages"}],"about":[{"href":"https:\/\/mediatau.it\/opscentrotau\/wp-json\/wp\/v2\/types\/page"}],"author":[{"embeddable":true,"href":"https:\/\/mediatau.it\/opscentrotau\/wp-json\/wp\/v2\/users\/3"}],"replies":[{"embeddable":true,"href":"https:\/\/mediatau.it\/opscentrotau\/wp-json\/wp\/v2\/comments?post=4452"}],"version-history":[{"count":4,"href":"https:\/\/mediatau.it\/opscentrotau\/wp-json\/wp\/v2\/pages\/4452\/revisions"}],"predecessor-version":[{"id":5212,"href":"https:\/\/mediatau.it\/opscentrotau\/wp-json\/wp\/v2\/pages\/4452\/revisions\/5212"}],"wp:attachment":[{"href":"https:\/\/mediatau.it\/opscentrotau\/wp-json\/wp\/v2\/media?parent=4452"}],"curies":[{"name":"wp","href":"https:\/\/api.w.org\/{rel}","templated":true}]}}