{"id":4454,"date":"2016-04-30T10:03:42","date_gmt":"2016-04-30T08:03:42","guid":{"rendered":"http:\/\/mediatau.it\/opscentrotau\/?page_id=4454"},"modified":"2018-10-24T11:25:11","modified_gmt":"2018-10-24T09:25:11","slug":"macrofase-2-comunicazione","status":"publish","type":"page","link":"https:\/\/mediatau.it\/opscentrotau\/macrofase-2-comunicazione\/","title":{"rendered":"Macrofase 2 &#8211; COMUNICAZIONE"},"content":{"rendered":"<p style=\"text-align: justify;\"><strong>Durata (mesi) :\u00a0<\/strong>30 (24 + 6 di proroga)<\/p>\n<p style=\"text-align: justify;\"><strong>oggetto responsabile:<\/strong> Ass. Inventare Insieme (onlus)<br \/>\nL\u2019attivit\u00e0 di comunicazione \u00e8 finalizzata a promuovere le attivit\u00e0 progettuali attraverso i mass media ed in particolare verr\u00e0 curata l\u2019informazione all\u2019interno del quartiere Zisa, oltre chje sull\u2019intera citt\u00e0 di Palermo.<br \/>\nStrumenti principali di comunicazione saranno il sito www.centrotau.org ed il portale www.iammonline.it, (piattaforma web per i giovani dei Centri di Aggregazione del Sud Italia, attivato nell\u2019ambito del progetto PON \u201cSicurezza per lo sviluppo del mezzogiorno\u201d, \u201cISIS\u201d e gestito dall\u2019associazione \u201cInventare Insieme\u201d), nell\u2019ambito del quale verr\u00e0 attivata una sezione locale sul quartiere Zisa.<br \/>\nAttraverso la Macrofase 5 \u2013 Iammonline, verranno gestite le attivit\u00e0 di comunicazione, la redazione dei siti e prodotto delle trasmissioni web radio e web Tv. Verr\u00e0 anche usata la web radio dell\u2019Istituto secondario di secondo grado, \u201cPio La Torre\u201d, associato esterno al progetto<br \/>\nSono previsti inoltre tre seminari pubblici, uno iniziale, uno a conclusione del primo anno di progetto ed uno finale.<br \/>\nE\u2019 prevista inoltre la stampa di una brochure di presentazione del progetto e d\u00e9pliant informativi sulle attivit\u00e0 delle macrofasi.<br \/>\nSono previsti inoltre, nelle macrofasi 4, 6 e 8 eventi sociali, artistici, musicali, mediali che rientrano nel piano di comunicazione. Eventi che saranno particolarmente progettati, programmati e curati .Particolare attenzione sar\u00e0 data ai temi della cittadinanza attiva, delle pari opportunit\u00e0 e della non discriminazione, della legalit\u00e0, della promozione di sani stili di vita, dell\u2019interculturalit\u00e0 e della cittadinanza europea.<br \/>\nNella macrofase vengono impegnati, un Esperto multimediale e un esperto web coordinati dal coordinatore e dal supervisore di progetto e supportati dagli operatori della macrofase 5 \u2013 Processo Iammonline.<\/p>\n<p><strong>Attivit\u00e0 2.1<\/strong><br \/>\nTitolo: Piattaforma Web di progetto<br \/>\nDescrizione:<br \/>\nAttivazione e gestio.ne di una piattaforma informativa sul progetto e implementazione sito www.centrotau.org<br \/>\nAssociati coinvolti:<br \/>\nAssociazione \u201cI ragazzi del Centro TAU\u201d<br \/>\nTutti gli associati esterni.<\/p>\n<p><strong>Attivit\u00e0 2.2<\/strong><br \/>\nTitolo: Pubblicazioni informative<br \/>\nDescrizione:<br \/>\nRealizzazione di depliant e brochure informative sulle attivit\u00e0 del progetto e delle macrofasi<br \/>\nAssociati coinvolti:<br \/>\nAssociazione \u201cI ragazzi del Centro TAU\u201d<br \/>\nTutti gli associati esterni.<\/p>\n<p><strong>Attivit\u00e0 2.3<\/strong><br \/>\nTitolo: Seminari<br \/>\nDescrizione:<br \/>\nIl progetto prevede la realizzazione di due seminari<br \/>\nAssociati coinvolti:<br \/>\nAssociazione \u201cI ragazzi del Centro TAU\u201d<br \/>\nTutti gli associati esterni.<\/p>\n<p><strong>Prodotti della Macrofase:<\/strong><br \/>\nBrochure di Progetto, D\u00e9pliant informativi, Pagine web, trasmissioni web radio e web tv, articoli multimediali.<br \/>\nTre seminari pubblici,<br \/>\n<strong>Risultati della Macrofase:<\/strong><br \/>\nAttivazione di processi di comunicazione all\u2019interno del quartiere gestito dai giovani del quartiere ed in particolare dell\u2019Associazione \u201cI ragazzi del Centro TAU\u201d, degli istituti scolastici, delle agenzie educative.<br \/>\nInformazione sociale e comunitaria sui giovani per gli abitanti del quartiere e della citt\u00e0 di Palermo.<\/p>\n","protected":false},"excerpt":{"rendered":"<p>Durata (mesi) :\u00a030 (24 + 6 di proroga) oggetto responsabile: Ass. Inventare Insieme (onlus) L\u2019attivit\u00e0 di comunicazione \u00e8 finalizzata a promuovere le attivit\u00e0 progettuali attraverso i mass media ed in particolare verr\u00e0 curata l\u2019informazione all\u2019interno del quartiere Zisa, oltre chje sull\u2019intera citt\u00e0 di Palermo. Strumenti principali di comunicazione saranno il sito www.centrotau.org ed il portale [&hellip;]<\/p>\n","protected":false},"author":3,"featured_media":0,"parent":0,"menu_order":0,"comment_status":"closed","ping_status":"closed","template":"","meta":{"footnotes":""},"class_list":["post-4454","page","type-page","status-publish","hentry"],"_links":{"self":[{"href":"https:\/\/mediatau.it\/opscentrotau\/wp-json\/wp\/v2\/pages\/4454","targetHints":{"allow":["GET"]}}],"collection":[{"href":"https:\/\/mediatau.it\/opscentrotau\/wp-json\/wp\/v2\/pages"}],"about":[{"href":"https:\/\/mediatau.it\/opscentrotau\/wp-json\/wp\/v2\/types\/page"}],"author":[{"embeddable":true,"href":"https:\/\/mediatau.it\/opscentrotau\/wp-json\/wp\/v2\/users\/3"}],"replies":[{"embeddable":true,"href":"https:\/\/mediatau.it\/opscentrotau\/wp-json\/wp\/v2\/comments?post=4454"}],"version-history":[{"count":3,"href":"https:\/\/mediatau.it\/opscentrotau\/wp-json\/wp\/v2\/pages\/4454\/revisions"}],"predecessor-version":[{"id":5215,"href":"https:\/\/mediatau.it\/opscentrotau\/wp-json\/wp\/v2\/pages\/4454\/revisions\/5215"}],"wp:attachment":[{"href":"https:\/\/mediatau.it\/opscentrotau\/wp-json\/wp\/v2\/media?parent=4454"}],"curies":[{"name":"wp","href":"https:\/\/api.w.org\/{rel}","templated":true}]}}