{"id":4456,"date":"2016-04-30T10:06:06","date_gmt":"2016-04-30T08:06:06","guid":{"rendered":"http:\/\/mediatau.it\/opscentrotau\/?page_id=4456"},"modified":"2018-10-24T11:27:54","modified_gmt":"2018-10-24T09:27:54","slug":"macrofase-3-monitoraggio-e-valutazione","status":"publish","type":"page","link":"https:\/\/mediatau.it\/opscentrotau\/macrofase-3-monitoraggio-e-valutazione\/","title":{"rendered":"Macrofase 3 &#8211; MONITORAGGIO E VALUTAZIONE"},"content":{"rendered":"<p style=\"text-align: justify;\"><strong>Durata (mesi) :<\/strong> 30 (24 + 6 di proroga)<br \/>\n<strong>Soggetto responsabile30 (24 + 6 di proroga):<\/strong> Ass. \u201cInventare Insieme (onlus)\u201d<br \/>\n<strong>Valutazione<\/strong><br \/>\nLa valutazione viene vista come un\u2019attivit\u00e0 di ricerca sociale applicata, che si distingue dal controllo, dal pregiudizio, dal giornalismo in quanto ha evidenti e rilevanti conseguenze operative. La valutazione infatti, secondo il metodo del Project Cicle Management (PCM) \u00e8 strettamente integrata con le fasi di programmazione, progettazione e intervento.<br \/>\nAttraverso l\u2019attivit\u00e0 di valutazione si osserver\u00e0 come la messa in campo dei processi (azioni e attivit\u00e0) risulti congruente con le finalit\u00e0 del progetto stesso (risultato strategico) e con gli obiettivi fissati (risultato tattico): In particolare verr\u00e0 valutato: l\u2019impegno e la partecipazione dei giovani alle aporposte ed alle attivit\u00e0 di progetto, l\u2019andamento dei percorsi di istruzione e di formazione, la creativit\u00e0 giovanile; la diffusione della legalit\u00e0, la valorizzazione delle risorse e dei giovani coinvolti, l\u2019impato del progeto sui contesti scolastici e nel territorio<\/p>\n<p style=\"text-align: justify;\"><strong>Monitoraggio<\/strong><br \/>\nIl monitoraggio analizer\u00e0 i risultati tattici (rispetto agli obiettivi dichiarati) ed i risultati strategici (riferiti alla finalit\u00e0 ultima del progetto). I primi attengono alla produttivit\u00e0 dell&#8217;intervento, i secondi alla valenza del sistema di servizio, di empowerment locale e di integrazione fra attori.<br \/>\nL\u2019attivit\u00e0 di monitoraggio e di valutazione sar\u00e0 affidata a professionisti che cureranno anche la supervisione dei processi attivati e si svilupper\u00e0 su tutto l\u2019arco progettuale. La missione del monitoraggio \u00e8 gran parte in itinere (rapporti periodici), consapevole che la logica del programma \u00e8 quella dell&#8217;integrazione tra misure ed interventi diversi poggiati e orientati a target non sempre omogenei, con una metodologia partecipata. fIl monitoraggio non si limiter\u00e0 pertanto solo a verificare se le azioni stabilite vengono effettuate, ma vuole anche indagare su quelle azioni, per capire se gli effetti di queste sono coerenti con gli obiettivi del programma o se richiedono una ridefinizione.<br \/>\nPer gli indicatori di processo si osserver\u00e0: 1.1 come la messa in campo dei processi (fasi e azioni) risulti congruente: a) con le finalit\u00e0 del progetto stesso (risultato strategico) b) con gli obiettivi fissati (risultato tattico)<br \/>\n1.2 come tali azioni prevedano la Cooperazione tra i giovani, le agenzie educative, le istituzioni locali, le famiglie, il sistema produttivo;<br \/>\n1.3 come questo processo favorisca una Procedura di Partecipazione che tenga conto a) delle caratteristiche dei destinatari b) delle metodologie previste<br \/>\nNella macrofase vengono impegnati, due esperti di progettazione e valutazione coordinati dal coordinatore e dal supervisore di progetto e supportati da tutti gli operatori di progetto.<\/p>\n<p><strong>Attivit\u00e0 2.1<\/strong><br \/>\nTitolo: Monitoraggio e Valutazione<br \/>\nDescrizione:<br \/>\nL\u2019attivit\u00e0 prevedr\u00e0 degli incontri con gli stakeholder di progetto operatori di progetto,<br \/>\nAssociati coinvolti:<br \/>\nAssociazione \u201cI ragazzi del Centro TAU (onlus)\u201d<br \/>\nUfficio di Servizio Sociale per i Minorenni di Palermo<br \/>\nAssociazione \u201cMED\u201d<br \/>\n<strong>Prodotti della Macrofase:<\/strong><br \/>\nReport sociale di progetto intermedio (prima annualit\u00e0)<br \/>\nReport sociale finale di progetto<\/p>\n<p><strong>Risultati della Macrofase:<\/strong><br \/>\nApprendimento attivo sulla progettazione, sulla gestione e sugli esiti del progetto da parte di tutto il gruppo di lavoro e delle organizzazioni partner.<br \/>\nMiglioramento continuo della qualit\u00e0 di esecuzione del progetto.<\/p>\n","protected":false},"excerpt":{"rendered":"<p>Durata (mesi) : 30 (24 + 6 di proroga) Soggetto responsabile30 (24 + 6 di proroga): Ass. \u201cInventare Insieme (onlus)\u201d Valutazione La valutazione viene vista come un\u2019attivit\u00e0 di ricerca sociale applicata, che si distingue dal controllo, dal pregiudizio, dal giornalismo in quanto ha evidenti e rilevanti conseguenze operative. La valutazione infatti, secondo il metodo del [&hellip;]<\/p>\n","protected":false},"author":3,"featured_media":0,"parent":0,"menu_order":0,"comment_status":"closed","ping_status":"closed","template":"","meta":{"footnotes":""},"class_list":["post-4456","page","type-page","status-publish","hentry"],"_links":{"self":[{"href":"https:\/\/mediatau.it\/opscentrotau\/wp-json\/wp\/v2\/pages\/4456","targetHints":{"allow":["GET"]}}],"collection":[{"href":"https:\/\/mediatau.it\/opscentrotau\/wp-json\/wp\/v2\/pages"}],"about":[{"href":"https:\/\/mediatau.it\/opscentrotau\/wp-json\/wp\/v2\/types\/page"}],"author":[{"embeddable":true,"href":"https:\/\/mediatau.it\/opscentrotau\/wp-json\/wp\/v2\/users\/3"}],"replies":[{"embeddable":true,"href":"https:\/\/mediatau.it\/opscentrotau\/wp-json\/wp\/v2\/comments?post=4456"}],"version-history":[{"count":3,"href":"https:\/\/mediatau.it\/opscentrotau\/wp-json\/wp\/v2\/pages\/4456\/revisions"}],"predecessor-version":[{"id":5217,"href":"https:\/\/mediatau.it\/opscentrotau\/wp-json\/wp\/v2\/pages\/4456\/revisions\/5217"}],"wp:attachment":[{"href":"https:\/\/mediatau.it\/opscentrotau\/wp-json\/wp\/v2\/media?parent=4456"}],"curies":[{"name":"wp","href":"https:\/\/api.w.org\/{rel}","templated":true}]}}