{"id":4467,"date":"2016-04-30T10:19:32","date_gmt":"2016-04-30T08:19:32","guid":{"rendered":"http:\/\/mediatau.it\/opscentrotau\/?page_id=4467"},"modified":"2018-10-24T11:52:55","modified_gmt":"2018-10-24T09:52:55","slug":"macrofase-7-processo-tau-per-leuropa","status":"publish","type":"page","link":"https:\/\/mediatau.it\/opscentrotau\/macrofase-7-processo-tau-per-leuropa\/","title":{"rendered":"Macrofase 7 &#8211; PROCESSO &#8220;TAU PER L&#8217;EUROPA&#8221;"},"content":{"rendered":"<p style=\"text-align: justify;\"><strong>Durata (mesi) :<\/strong> 30 (24 + 6 di proroga)<br \/>\n<strong>Soggetto responsabile:<\/strong> Ass. \u201cI ragazzi del Centro TAU\u201d<br \/>\nDescrivere le strategie e le specifiche attivit\u00e0 previste<br \/>\nLa strategia della macrofase \u00e8 quella si favorire lo sviluppo di un senso di appartenenza ad una comunit\u00e0 pi\u00f9 ampia in ottica europea, caratterizzata da tradizioni, cultura e identit\u00e0 regionali diverse ma con radici storiche comuni. Cerca cio\u00e8 di migliorare e rinforzare la dimensione europea contribuendo a promuovere una consapevolezza interculturale attraverso attivit\u00e0 transnazionali, in modo da combattere razzismo e xenofobia e preparare giovani a lavori senza frontiere.<br \/>\nE quindi sviluppare consapevolmente un\u2019identit\u00e0 europea che affianchi l\u2019idea di appartenenza nazionale, senza creare tuttavia un appiattimento delle identit\u00e0 nazionali in nome di un&#8217;unione indifferenziata.<br \/>\nVerranno pertanto organizzati scambi giovanili, gemellaggi tra quartieri iniziative di collaborazione e di divulgazione della cittadinanza europea tra associazioni e organizzazioni locali che operano nell\u2019ambito del programma \u201cGiovani per l\u2019Europa\u201d<br \/>\nLa programmazione settimanale \u00e8 organizzata per accogliere max 40 giovani.<br \/>\nL\u2019accesso ai percorsi avviene attraverso selezione con test attitudinale-motivazionale e accertamento delle potenzialit\u00e0 e delle competenze linguistiche di base.Verranno individuati meccanismi di premialit\u00e0 per incentivare la partecipazione e l\u2019impegno.Sono previste verifiche periodiche in itinere e incontri con i ragazzi per verificare l\u2019andamento delle attivit\u00e0. E\u2019 previsto anche il coinvolgimento di esperti esterni per workshop periodici di conoscenza e approfondimento e del Goethe Institut e del Centro Culturale Francese presenti nei Cantieri Culturali della Zisa.Le officine interessate dalla macrofase sono l\u2019officina di \u201ccittadinanza\u201d (sala incontri e formazione), l\u2019officina di \u201cimmaginazione\u201d (centro di produzione mediale), l\u2019officina di conoscenza (spazio informatico multimediale e di formazione), officina di \u201cpartecipazione\u201d (spazio per incontri aperti al territorio). Tutte le officine interessate sono dotate di computer portatili, connessioni internet e sistemi di videoproiezione.<br \/>\nNella macrofase vengono impegnati i seguenti operatori: 1 Coordinatore di macrofase, 1 Esperto di lingue<\/p>\n<p>&nbsp;<\/p>\n<p><strong>Prodotti della Macrofase: <\/strong><\/p>\n<p>Progetti di Scambi giovanili internazionali e di SVE<\/p>\n<p><strong>Risultati della Macrofase:<\/strong><br \/>\nPromuovere competenze linguistiche.<br \/>\nPromozione del senso di appartenenza ad una comunit\u00e0 pi\u00f9 ampia in ottica europea, caratterizzata da tradizioni, cultura e identit\u00e0 regionali diverse ma con radici storiche comuni.<br \/>\nPromuovere una consapevolezza interculturale<\/p>\n","protected":false},"excerpt":{"rendered":"<p>Durata (mesi) : 30 (24 + 6 di proroga) Soggetto responsabile: Ass. \u201cI ragazzi del Centro TAU\u201d Descrivere le strategie e le specifiche attivit\u00e0 previste La strategia della macrofase \u00e8 quella si favorire lo sviluppo di un senso di appartenenza ad una comunit\u00e0 pi\u00f9 ampia in ottica europea, caratterizzata da tradizioni, cultura e identit\u00e0 regionali [&hellip;]<\/p>\n","protected":false},"author":3,"featured_media":0,"parent":0,"menu_order":0,"comment_status":"closed","ping_status":"closed","template":"","meta":{"footnotes":""},"class_list":["post-4467","page","type-page","status-publish","hentry"],"_links":{"self":[{"href":"https:\/\/mediatau.it\/opscentrotau\/wp-json\/wp\/v2\/pages\/4467","targetHints":{"allow":["GET"]}}],"collection":[{"href":"https:\/\/mediatau.it\/opscentrotau\/wp-json\/wp\/v2\/pages"}],"about":[{"href":"https:\/\/mediatau.it\/opscentrotau\/wp-json\/wp\/v2\/types\/page"}],"author":[{"embeddable":true,"href":"https:\/\/mediatau.it\/opscentrotau\/wp-json\/wp\/v2\/users\/3"}],"replies":[{"embeddable":true,"href":"https:\/\/mediatau.it\/opscentrotau\/wp-json\/wp\/v2\/comments?post=4467"}],"version-history":[{"count":4,"href":"https:\/\/mediatau.it\/opscentrotau\/wp-json\/wp\/v2\/pages\/4467\/revisions"}],"predecessor-version":[{"id":5240,"href":"https:\/\/mediatau.it\/opscentrotau\/wp-json\/wp\/v2\/pages\/4467\/revisions\/5240"}],"wp:attachment":[{"href":"https:\/\/mediatau.it\/opscentrotau\/wp-json\/wp\/v2\/media?parent=4467"}],"curies":[{"name":"wp","href":"https:\/\/api.w.org\/{rel}","templated":true}]}}