{"id":4547,"date":"2016-05-04T18:41:22","date_gmt":"2016-05-04T16:41:22","guid":{"rendered":"http:\/\/mediatau.it\/opscentrotau\/?page_id=4547"},"modified":"2018-10-24T11:49:53","modified_gmt":"2018-10-24T09:49:53","slug":"attivita-5-2-redazione-iammonline","status":"publish","type":"page","link":"https:\/\/mediatau.it\/opscentrotau\/attivita-5-2-redazione-iammonline\/","title":{"rendered":"Attivit\u00e0 5.2 &#8211; Redazione Iammonline"},"content":{"rendered":"<p style=\"text-align: justify;\"><strong>Attivit\u00e0 5.2<\/strong><br \/>\nTitolo: Redazione Iammonline<br \/>\nDescrizione:<br \/>\nLa redazione di Iammonline \u00e8 costituita da giovani che hanno sviluppato competenze e che vogliono impegnarsi nel settore dell\u2019informazione e della comunicazione. E\u2019 una redazione prevalentemente orientata a \u201craccontare ai giovani\u201d la vita del territorio, a confrontarsi con \u201cmiti e maestri\u201d adulti, a generare interessi e curiosit\u00e0 sui \u201cmondi culturali altri\u201d rispetto a quelli che vivono i giovani delle \u201cperiferie urbane\u201d. Immonline si caratteriza quale network che coinvolge i centri di aggregazione giovanile del teritorio cittadino, ma anche dellla regione e di altre regioni, in particolare del Sud Italia.<br \/>\nLa piattaforma iammonline, in continua evoluzione e sperimentazione da piattaforma web si \u00e8 trasformata in piattaforma crossmediale che sfrutta le diverse opportunit\u00e0 implementate su web: Blog, Video Blog, Webradio, WebTV, Social Network.<br \/>\nL\u2019obetivo redazionale \u00e8 quello di favorire, attraverso il web, processi di riduzione del gap cognitivo, esperenziale e tecnologico di adolescenti e giovani con situazioni di deprivazione socio\u2010culturale e di dar loro voce nelle forme e nelle modalit\u00e0 che riterranno pi\u00f9 opportune. Il portale \u00e8 strutturato in canali tematici all\u2019interno dei quali vengono presentate le esperienze e le produzioni dando visibilit\u00e0 ai \u201cgiovani talenti \u201d del territorio.<br \/>\nLa redazione \u00e8 costituita da giovani, supportati da esperti e coordinati da un gionalista, che definiranno le decisioni redazionali eprovvederanno alla realizzazione degli articoli, dei servizi e delle trasmissioni web radio e televisive. La redazione si avvarr\u00e0, oltre che delle officine di conoscenza (laboratorio di informatica e media) e di immaginazione 8cenro di produzione mediale), anche della cabina radio dell\u2019Istituto Pio La Torre.<br \/>\nI giovani della redazione da anni sono impegnati a seguire \u201cgiornalisticamente\u201d l\u2019esperienza del Giffoni Film Festival \u2013 Festival Internazionale del Cinema per ragazzi, con accredito stampa e realizzazione annuale di una produzione che racconta l\u2019esperienza del cinema per ragazzi attraverso gli artisti presenti ed il racconto dei giovani, provenienti da varie parti del mondo. Il progetto prevede la partecipazione dei redattori di iammonline anche nelle due edizioni che rientrano nelle annualit\u00e0 progettuali.<br \/>\nLa redazione iammonline svilupper\u00e0 anche l\u2019attivit\u00e0 di comunicazione del progetto con il supporto degli esperiti di macrofase e della macrofase comunicazione.<br \/>\nAssociati coinvolti:<br \/>\nAssociazione \u201cI ragazzi del Centro TAU onlus\u201d<br \/>\nAssociazione \u201cForme d\u2019Onda\u201d<br \/>\nAssociazione \u201cCos\u00ec pe gioco\u201d<br \/>\nIstituzioni scolastiche territoriali<\/p>\n","protected":false},"excerpt":{"rendered":"<p>Attivit\u00e0 5.2 Titolo: Redazione Iammonline Descrizione: La redazione di Iammonline \u00e8 costituita da giovani che hanno sviluppato competenze e che vogliono impegnarsi nel settore dell\u2019informazione e della comunicazione. E\u2019 una redazione prevalentemente orientata a \u201craccontare ai giovani\u201d la vita del territorio, a confrontarsi con \u201cmiti e maestri\u201d adulti, a generare interessi e curiosit\u00e0 sui \u201cmondi [&hellip;]<\/p>\n","protected":false},"author":3,"featured_media":0,"parent":0,"menu_order":0,"comment_status":"closed","ping_status":"closed","template":"","meta":{"footnotes":""},"class_list":["post-4547","page","type-page","status-publish","hentry"],"_links":{"self":[{"href":"https:\/\/mediatau.it\/opscentrotau\/wp-json\/wp\/v2\/pages\/4547","targetHints":{"allow":["GET"]}}],"collection":[{"href":"https:\/\/mediatau.it\/opscentrotau\/wp-json\/wp\/v2\/pages"}],"about":[{"href":"https:\/\/mediatau.it\/opscentrotau\/wp-json\/wp\/v2\/types\/page"}],"author":[{"embeddable":true,"href":"https:\/\/mediatau.it\/opscentrotau\/wp-json\/wp\/v2\/users\/3"}],"replies":[{"embeddable":true,"href":"https:\/\/mediatau.it\/opscentrotau\/wp-json\/wp\/v2\/comments?post=4547"}],"version-history":[{"count":2,"href":"https:\/\/mediatau.it\/opscentrotau\/wp-json\/wp\/v2\/pages\/4547\/revisions"}],"predecessor-version":[{"id":5236,"href":"https:\/\/mediatau.it\/opscentrotau\/wp-json\/wp\/v2\/pages\/4547\/revisions\/5236"}],"wp:attachment":[{"href":"https:\/\/mediatau.it\/opscentrotau\/wp-json\/wp\/v2\/media?parent=4547"}],"curies":[{"name":"wp","href":"https:\/\/api.w.org\/{rel}","templated":true}]}}