{"id":30,"date":"2023-03-08T19:40:04","date_gmt":"2023-03-08T18:40:04","guid":{"rendered":"http:\/\/mediatau.it\/progettocoesioneineet\/?page_id=30"},"modified":"2023-03-12T10:31:16","modified_gmt":"2023-03-12T09:31:16","slug":"il-progetto","status":"publish","type":"page","link":"https:\/\/mediatau.it\/progettocoesioneineet\/il-progetto\/","title":{"rendered":"Il progetto"},"content":{"rendered":"\t\t<div data-elementor-type=\"wp-page\" data-elementor-id=\"30\" class=\"elementor elementor-30\">\n\t\t\t\t\t\t<section class=\"elementor-section elementor-top-section elementor-element elementor-element-f1c0000 elementor-section-boxed elementor-section-height-default elementor-section-height-default\" data-id=\"f1c0000\" data-element_type=\"section\">\n\t\t\t\t\t\t<div class=\"elementor-container elementor-column-gap-default\">\n\t\t\t\t\t<div class=\"elementor-column elementor-col-100 elementor-top-column elementor-element elementor-element-74b18d9\" data-id=\"74b18d9\" data-element_type=\"column\">\n\t\t\t<div class=\"elementor-widget-wrap elementor-element-populated\">\n\t\t\t\t\t\t<div class=\"elementor-element elementor-element-a5b6dc4 elementor-widget__width-inherit elementor-widget elementor-widget-image\" data-id=\"a5b6dc4\" data-element_type=\"widget\" data-widget_type=\"image.default\">\n\t\t\t\t<div class=\"elementor-widget-container\">\n\t\t\t\t\t\t\t\t\t\t\t\t\t\t\t<img decoding=\"async\" src=\"https:\/\/mediatau.it\/progettocoesioneineet\/wp-content\/uploads\/sites\/22\/2023\/03\/logo-i-neet-im-2000x700.png\" title=\"logo-i-neet-im\" alt=\"logo-i-neet-im\" loading=\"lazy\" \/>\t\t\t\t\t\t\t\t\t\t\t\t\t\t\t<\/div>\n\t\t\t\t<\/div>\n\t\t\t\t\t<\/div>\n\t\t<\/div>\n\t\t\t\t\t<\/div>\n\t\t<\/section>\n\t\t\t\t<section class=\"elementor-section elementor-top-section elementor-element elementor-element-3e1b80a elementor-section-boxed elementor-section-height-default elementor-section-height-default\" data-id=\"3e1b80a\" data-element_type=\"section\">\n\t\t\t\t\t\t<div class=\"elementor-container elementor-column-gap-default\">\n\t\t\t\t\t<div class=\"elementor-column elementor-col-100 elementor-top-column elementor-element elementor-element-fa7ad37\" data-id=\"fa7ad37\" data-element_type=\"column\">\n\t\t\t<div class=\"elementor-widget-wrap elementor-element-populated\">\n\t\t\t\t\t\t<div class=\"elementor-element elementor-element-bb24e0f elementor-widget elementor-widget-spacer\" data-id=\"bb24e0f\" data-element_type=\"widget\" data-widget_type=\"spacer.default\">\n\t\t\t\t<div class=\"elementor-widget-container\">\n\t\t\t\t\t\t\t<div class=\"elementor-spacer\">\n\t\t\t<div class=\"elementor-spacer-inner\"><\/div>\n\t\t<\/div>\n\t\t\t\t\t\t<\/div>\n\t\t\t\t<\/div>\n\t\t\t\t\t<\/div>\n\t\t<\/div>\n\t\t\t\t\t<\/div>\n\t\t<\/section>\n\t\t\t\t<section class=\"elementor-section elementor-top-section elementor-element elementor-element-8571df8 elementor-section-boxed elementor-section-height-default elementor-section-height-default\" data-id=\"8571df8\" data-element_type=\"section\">\n\t\t\t\t\t\t<div class=\"elementor-container elementor-column-gap-default\">\n\t\t\t\t\t<div class=\"elementor-column elementor-col-100 elementor-top-column elementor-element elementor-element-8cabd96\" data-id=\"8cabd96\" data-element_type=\"column\">\n\t\t\t<div class=\"elementor-widget-wrap elementor-element-populated\">\n\t\t\t\t\t\t<div class=\"elementor-element elementor-element-30a7447 elementor-widget elementor-widget-heading\" data-id=\"30a7447\" data-element_type=\"widget\" data-widget_type=\"heading.default\">\n\t\t\t\t<div class=\"elementor-widget-container\">\n\t\t\t\t\t<h3 class=\"elementor-heading-title elementor-size-default\">Il progetto<\/h3>\t\t\t\t<\/div>\n\t\t\t\t<\/div>\n\t\t\t\t\t<\/div>\n\t\t<\/div>\n\t\t\t\t\t<\/div>\n\t\t<\/section>\n\t\t\t\t<section class=\"elementor-section elementor-top-section elementor-element elementor-element-78ab938 elementor-section-boxed elementor-section-height-default elementor-section-height-default\" data-id=\"78ab938\" data-element_type=\"section\">\n\t\t\t\t\t\t<div class=\"elementor-container elementor-column-gap-default\">\n\t\t\t\t\t<div class=\"elementor-column elementor-col-100 elementor-top-column elementor-element elementor-element-9f35efa\" data-id=\"9f35efa\" data-element_type=\"column\">\n\t\t\t<div class=\"elementor-widget-wrap elementor-element-populated\">\n\t\t\t\t\t\t<div class=\"elementor-element elementor-element-6888cd1 elementor-widget elementor-widget-text-editor\" data-id=\"6888cd1\" data-element_type=\"widget\" data-widget_type=\"text-editor.default\">\n\t\t\t\t<div class=\"elementor-widget-container\">\n\t\t\t\t\t\t\t\t\t<p>Il progetto \u201cI NEET nei Cantieri del (come) Fare\u201d, finanziato sulle risorse del Fondo per lo Sviluppo e Coesione, ha l\u2019obiettivo di attivare un processo in rete finalizzato a promuovere opportunit\u00e0 per favorire percorsi educativi, di istruzione, di formazione, inclusione sociale e lavorativa a favore di giovani tra 14 e 17 anni a rischio di dispersione scolastica e di abbandono e formativo.<\/p><p>Il progetto si sviluppa in forma sperimentale su sette aree territoriali della citta -Brancaccio\/Settecannoli, Kalsa,\u00a0 Borgovecchio\/Montepellegrino, Albergheria, Zisa \/Danisinni, San Filippo Neri (ZEN), San Giovanni Apostolo (CEP) &#8211; fortemente caratterizzate da poverta\u0300 educativa e da alti tassi di criminalita\u0300 minorile e degli adulti.<br \/>Il progetto integra centri educativi, enti formativi, agenzie per il lavoro, associazioni impegnate su processi di cittadinanza attiva ed enti istituzionali e prevede 11 attivit\u00e0, 4 di sistema finalizzate ad attivare le funzioni strategiche di sviluppo e 7 finalizzate a promuovere sulle sette aree identificate i\u00a0 Nuclei Educativi Evoluti Territoriali (NEET)<\/p><p>Le attivit\u00e0 di sistema sono:<\/p><p><strong>1 &#8211;<\/strong> <strong>Governance<\/strong> con azioni di: coordinamento generale e del partenariato, attivazione confronto interistituzionale, gestione amministrativa, comunicazione e sistema informatico progettuale;<\/p><p><strong>2 &#8211;<\/strong> <strong>Formazione e knowledge transfer,<\/strong> con azioni di: orientamento e formazione di equipe, sviluppo del patto territoriale, definizione modelli e strumenti di intervento, osservazione e raccordo attivit\u00e0 con i giovani;<\/p><p><strong>3 &#8211;<\/strong> <strong>Monitoraggio e valutazione<\/strong>, con azioni di: ricerca-intervento, raccolta e analisi dati sulla dispersione scolastica, sulle attivit\u00e0 e sull&#8217;efficienza e sull&#8217;efficacia del progetto e dei nuclei educativi evoluti di territorio;<\/p><p><strong>4 &#8211; Animazione territoriale integrata<\/strong>, con azioni di sistema finalizzate ad attivare, trasversalmente alle azioni territoriali, processi di: educazione alla cittadinanza europea, educazione ambientale, educazione sportiva, mediaeducation ed iniziative comuni);<\/p><p>Le altre 7 azioni, sviluppate sui territori &#8220;target&#8221;, prevedono la sperimentazione dei Nuclei Educativi Evoluti Territoriali (NEET), che agiscono attraverso l&#8217;attivazione di processi integrati finalizzati alla &#8220;presa in carico&#8221; e all&#8217;intervento a favore dei giovani (neet o a rischio neet) segnalati dai servizi sociali, dalle istituzioni scolastiche, dai centri formativi e dalle agenzie educative. Per i giovani accolti saranno attivate azioni di accoglienza, orientamento, progettazione educativa e personale, accompagnamento e tutoraggio.<\/p><p>Il progetto d\u00e0 vita ad un\u2019azione che ha una prospettiva sistemica e con una proiezione \u201cpolitica\u201d su un target e un fenomeno privo di attenzione istituzionale. L&#8217;attivazione del NEET nei \u201cI Cantieri del (come) Fare\u201d offrir\u00e0 alla comunit\u00e0 e alle istituzioni la possibilit\u00e0 di incontrarsi sulle modalit\u00e0 di intervento necessarie ed efficaci. Con tale visione strategica ci si muover\u00e0 per definire un modello integrato di approccio al disagio giovanile, integrato, multidimensionalit\u00e0, multidisciplinari e multiattoriale capace di coinvolgere tutte le &#8220;agenzie&#8221; che si preoccupano della formazione e della crescita degli adolescenti e dei giovani.<\/p><p><strong>Il soggetto responsabile del progetto \u00e8 Inventare Insieme Onlus, il partenariato \u00e8 costituito da:<\/strong> Comune Di Palermo, \u00a0Al Azis Cooperativa Sociale, APS Santa Chiara, Associazione \u201cComitato Addiopizzo\u201d, Associazione Cnos\/Fap Regione Sicilia, Associazione Culturale San Giovanni Apostolo onlus, Associazione InformaGiovani, Associazione Lievito onlus, C.I.R.P.E. &#8211; Centro Iniziative Ricerche Programmazione Economica, CIRF, Fondazione progetto Legalit\u00e0 Onlus, I.T.S. Alessandro Volta Nuove Tecnologie della vita di Palermo, Laboratorio Zen Insieme, Legambiente Palermo, Next &#8211; Nuove Energie X il Territorio, Uisp Palermo APS. \u00a0<\/p><p><strong>Il partenariato di sviluppo del progetto e\u0300 stato aperto all\u2019adesione degli enti istituzionali sottoscrittori del Protocollo:<\/strong> Ufficio di Servizio Sociale per i Minorenni di Palermo, l\u2019Istituto Penale per i Minorenni di Palermo, l\u2019Ufficio Scolastico regionale per la Sicilia, il Centro Permanente Istruzione Adulti Palermo 1, il Comune di Palermo.<\/p><p>\u00a0<\/p><p><img fetchpriority=\"high\" decoding=\"async\" class=\"aligncenter size-full wp-image-24\" src=\"http:\/\/mediatau.it\/progettocoesioneineet\/wp-content\/uploads\/sites\/22\/2023\/03\/logo-i-neet-sito-t.png\" alt=\"\" width=\"6331\" height=\"786\" srcset=\"https:\/\/mediatau.it\/progettocoesioneineet\/wp-content\/uploads\/sites\/22\/2023\/03\/logo-i-neet-sito-t.png 6331w, https:\/\/mediatau.it\/progettocoesioneineet\/wp-content\/uploads\/sites\/22\/2023\/03\/logo-i-neet-sito-t-300x37.png 300w, https:\/\/mediatau.it\/progettocoesioneineet\/wp-content\/uploads\/sites\/22\/2023\/03\/logo-i-neet-sito-t-1024x127.png 1024w, https:\/\/mediatau.it\/progettocoesioneineet\/wp-content\/uploads\/sites\/22\/2023\/03\/logo-i-neet-sito-t-768x95.png 768w, https:\/\/mediatau.it\/progettocoesioneineet\/wp-content\/uploads\/sites\/22\/2023\/03\/logo-i-neet-sito-t-1536x191.png 1536w, https:\/\/mediatau.it\/progettocoesioneineet\/wp-content\/uploads\/sites\/22\/2023\/03\/logo-i-neet-sito-t-2048x254.png 2048w\" sizes=\"(max-width: 6331px) 100vw, 6331px\" \/><\/p><p>\u00a0<\/p>\t\t\t\t\t\t\t\t<\/div>\n\t\t\t\t<\/div>\n\t\t\t\t\t<\/div>\n\t\t<\/div>\n\t\t\t\t\t<\/div>\n\t\t<\/section>\n\t\t\t\t<\/div>\n\t\t","protected":false},"excerpt":{"rendered":"<p>Il progetto Il progetto \u201cI NEET nei Cantieri del (come) Fare\u201d, finanziato sulle risorse del Fondo per lo Sviluppo e Coesione, ha l\u2019obiettivo di attivare un processo in rete finalizzato a promuovere opportunit\u00e0 per favorire percorsi educativi, di istruzione, di formazione, inclusione sociale e lavorativa a favore di giovani tra 14 e 17 anni a [&hellip;]<\/p>\n","protected":false},"author":3,"featured_media":0,"parent":0,"menu_order":0,"comment_status":"closed","ping_status":"closed","template":"","meta":{"_acf_changed":false,"footnotes":""},"class_list":["post-30","page","type-page","status-publish","hentry"],"acf":[],"_links":{"self":[{"href":"https:\/\/mediatau.it\/progettocoesioneineet\/wp-json\/wp\/v2\/pages\/30","targetHints":{"allow":["GET"]}}],"collection":[{"href":"https:\/\/mediatau.it\/progettocoesioneineet\/wp-json\/wp\/v2\/pages"}],"about":[{"href":"https:\/\/mediatau.it\/progettocoesioneineet\/wp-json\/wp\/v2\/types\/page"}],"author":[{"embeddable":true,"href":"https:\/\/mediatau.it\/progettocoesioneineet\/wp-json\/wp\/v2\/users\/3"}],"replies":[{"embeddable":true,"href":"https:\/\/mediatau.it\/progettocoesioneineet\/wp-json\/wp\/v2\/comments?post=30"}],"version-history":[{"count":5,"href":"https:\/\/mediatau.it\/progettocoesioneineet\/wp-json\/wp\/v2\/pages\/30\/revisions"}],"predecessor-version":[{"id":124,"href":"https:\/\/mediatau.it\/progettocoesioneineet\/wp-json\/wp\/v2\/pages\/30\/revisions\/124"}],"wp:attachment":[{"href":"https:\/\/mediatau.it\/progettocoesioneineet\/wp-json\/wp\/v2\/media?parent=30"}],"curies":[{"name":"wp","href":"https:\/\/api.w.org\/{rel}","templated":true}]}}